{"id":6661,"date":"2022-04-11T15:26:37","date_gmt":"2022-04-11T13:26:37","guid":{"rendered":"https:\/\/echame.fr\/habillage-metallique\/telechargement\/catalogue\/"},"modified":"2025-09-04T18:04:36","modified_gmt":"2025-09-04T16:04:36","slug":"catalogue","status":"publish","type":"page","link":"https:\/\/echame.fr\/en\/habillage-metallique\/telechargement\/catalogue\/","title":{"rendered":"Catalogue"},"content":{"rendered":"<p><section id=\"bt_bb_section69da0c53b5386\" class=\"bt_bb_section bt_bb_layout_boxed_1200 bt_bb_vertical_align_top bt_bb_background_overlay_alternate_solid bt_bb_top_spacing_large bt_bb_bottom_spacing_medium bt-dark-skin\"  data-bt-override-class=\"null\"><div class=\"bt_bb_port\"><div class=\"bt_bb_cell\"><div class=\"bt_bb_cell_inner\"><div class=\"bt_bb_row \"  data-bt-override-class=\"{}\"><div class=\"bt_bb_row_holder\" ><div  class=\"bt_bb_column col-xxl-6 col-xl-6 bt_bb_vertical_align_top bt_bb_align_left bt_bb_padding_normal bt_bb_animation_fade_in bt_bb_animation_zoom_out animate\" style=\"; --column-width:6;\" data-width=\"6\" data-bt-override-class=\"{}\"><div class=\"bt_bb_column_content\"><div class=\"bt_bb_column_content_inner\"><header data-bb-version=\"4.6.1\" class=\"bt_bb_headline bt_bb_color_scheme_1 bt_bb_dash_top bt_bb_superheadline bt_bb_size_extralarge bt_bb_align_inherit\" style=\"; --headline-primary-color:#ffffff; --headline-secondary-color:#000000;\" data-bt-override-class=\"{&quot;bt_bb_size_&quot;:{&quot;current_class&quot;:&quot;bt_bb_size_extralarge&quot;,&quot;xxl&quot;:&quot;extralarge&quot;},&quot;bt_bb_align_&quot;:{&quot;current_class&quot;:&quot;bt_bb_align_inherit&quot;,&quot;xxl&quot;:&quot;inherit&quot;}}\"><div class=\"bt_bb_headline_superheadline_outside\"><span class=\"bt_bb_headline_superheadline\"><span>Download<\/span><\/span><\/div><h1><span class=\"bt_bb_headline_content\"><span>Catalog<\/span><\/span><\/h1><\/header><div class=\"bt_bb_separator bt_bb_border_style_none bt_bb_bottom_spacing_60\" data-bt-override-class=\"null\"><\/div><\/div><\/div><\/div><div  class=\"bt_bb_column col-xxl-6 col-xl-6 bt_bb_vertical_align_top bt_bb_align_center bt_bb_padding_normal\" style=\"; --column-width:6;\" data-width=\"6\" data-bt-override-class=\"{}\"><div class=\"bt_bb_column_content\"><div class=\"bt_bb_column_content_inner\"><\/div><\/div><\/div><\/div><\/div><\/div><!-- cell_inner --><\/div><!-- cell --><\/div><!-- port --><\/section><section id=\"bt_bb_section69da0c53b583b\" class=\"bt_bb_section bt_bb_layout_boxed_1200\"  data-bt-override-class=\"null\"><div class=\"bt_bb_port\"><div class=\"bt_bb_cell\"><div class=\"bt_bb_cell_inner\"><div data-bb-version=\"5.2.1\" class=\"bt_bb_row \" style=\"background-color:rgb(255,255,255);\" data-bt-override-class=\"{}\"><div class=\"bt_bb_row_holder\" ><div  class=\"bt_bb_column col-xxl-12 col-xl-12 col-xs-12 col-sm-12 col-md-12 col-lg-12 bt_bb_vertical_align_top bt_bb_align_left bt_bb_padding_normal\" style=\"; --column-width:12;\" data-width=\"12\" data-bt-override-class=\"{}\"><div class=\"bt_bb_column_content\"><div class=\"bt_bb_column_content_inner\"><div  class=\"bt_bb_text\" ><\/p>\n<div class=\"_df_book df-lite\" id=\"df_7189\"  _slug=\"7189\" data-title=\"ceiling-catalog-2024\" wpoptions=\"true\" thumbtype=\"\" ><\/div>\n<p><script class=\"df-shortcode-script\" type=\"application\/javascript\">window.option_df_7189 = {\"outline\":[],\"backgroundColor\":\"#ffffff\",\"height\":\"500\",\"autoEnableOutline\":\"false\",\"autoEnableThumbnail\":\"false\",\"overwritePDFOutline\":\"false\",\"direction\":\"1\",\"pageSize\":\"0\",\"source\":\"https:\\\/\\\/echame.fr\\\/wp-content\\\/uploads\\\/2025\\\/09\\\/ECHAME-Ceiling-catalog-EN.pdf\",\"wpOptions\":\"true\"}; if(window.DFLIP && window.DFLIP.parseBooks){window.DFLIP.parseBooks();}<\/script><\/p>\n<p>\n<\/div><\/div><\/div><\/div><\/div><\/div><\/div><!-- cell_inner --><\/div><!-- cell --><\/div><!-- port --><\/section><\/p>\n","protected":false},"excerpt":{"rendered":"","protected":false},"author":1,"featured_media":0,"parent":6339,"menu_order":0,"comment_status":"closed","ping_status":"closed","template":"","meta":{"footnotes":""},"class_list":["post-6661","page","type-page","status-publish","hentry"],"yoast_head":"<!-- This site is optimized with the Yoast SEO plugin v23.8 - https:\/\/yoast.com\/wordpress\/plugins\/seo\/ -->\n<title>Catalogue Echame, tout savoir sur nos plafonds et cloisons.<\/title>\n<meta name=\"description\" content=\"Catalogue Echame, tout savoir sur nos plafonds, cloisons et habillage m\u00e9talliques ainsi que sur l&#039;historique de notre soci\u00e9t\u00e9.\" \/>\n<meta name=\"robots\" content=\"index, follow, max-snippet:-1, max-image-preview:large, max-video-preview:-1\" \/>\n<link rel=\"canonical\" href=\"https:\/\/echame.fr\/en\/habillage-metallique\/telechargement\/catalogue\/\" \/>\n<meta property=\"og:locale\" content=\"en_US\" \/>\n<meta property=\"og:type\" content=\"article\" \/>\n<meta property=\"og:title\" content=\"Catalogue Echame, tout savoir sur nos plafonds et cloisons.\" \/>\n<meta property=\"og:description\" content=\"Catalogue Echame, tout savoir sur nos plafonds, cloisons et habillage m\u00e9talliques ainsi que sur l&#039;historique de notre soci\u00e9t\u00e9.\" \/>\n<meta property=\"og:url\" content=\"https:\/\/echame.fr\/en\/habillage-metallique\/telechargement\/catalogue\/\" \/>\n<meta property=\"og:site_name\" content=\"www.echame.fr\" \/>\n<meta property=\"article:publisher\" content=\"https:\/\/www.facebook.com\/echame.linselles\/\" \/>\n<meta property=\"article:modified_time\" content=\"2025-09-04T16:04:36+00:00\" \/>\n<meta name=\"twitter:card\" content=\"summary_large_image\" \/>\n<meta name=\"twitter:label1\" content=\"Est. reading time\" \/>\n\t<meta name=\"twitter:data1\" content=\"1 minute\" \/>\n<script type=\"application\/ld+json\" class=\"yoast-schema-graph\">{\"@context\":\"https:\/\/schema.org\",\"@graph\":[{\"@type\":\"WebPage\",\"@id\":\"https:\/\/echame.fr\/en\/habillage-metallique\/telechargement\/catalogue\/\",\"url\":\"https:\/\/echame.fr\/en\/habillage-metallique\/telechargement\/catalogue\/\",\"name\":\"Catalogue Echame, tout savoir sur nos plafonds et cloisons.\",\"isPartOf\":{\"@id\":\"https:\/\/echame.fr\/en\/#website\"},\"datePublished\":\"2022-04-11T13:26:37+00:00\",\"dateModified\":\"2025-09-04T16:04:36+00:00\",\"description\":\"Catalogue Echame, tout savoir sur nos plafonds, cloisons et habillage m\u00e9talliques ainsi que sur l'historique de notre soci\u00e9t\u00e9.\",\"breadcrumb\":{\"@id\":\"https:\/\/echame.fr\/en\/habillage-metallique\/telechargement\/catalogue\/#breadcrumb\"},\"inLanguage\":\"en-US\",\"potentialAction\":[{\"@type\":\"ReadAction\",\"target\":[\"https:\/\/echame.fr\/en\/habillage-metallique\/telechargement\/catalogue\/\"]}]},{\"@type\":\"BreadcrumbList\",\"@id\":\"https:\/\/echame.fr\/en\/habillage-metallique\/telechargement\/catalogue\/#breadcrumb\",\"itemListElement\":[{\"@type\":\"ListItem\",\"position\":1,\"name\":\"Plafonds, cloisons et habillages m\u00e9tallique\",\"item\":\"https:\/\/echame.fr\/en\/habillage-metallique\/\"},{\"@type\":\"ListItem\",\"position\":2,\"name\":\"metal cladding\",\"item\":\"https:\/\/echame.fr\/en\/habillage-metallique\/\"},{\"@type\":\"ListItem\",\"position\":3,\"name\":\"T\u00e9l\u00e9chargement\",\"item\":\"https:\/\/echame.fr\/en\/habillage-metallique\/telechargement\/\"},{\"@type\":\"ListItem\",\"position\":4,\"name\":\"Catalogue\"}]},{\"@type\":\"WebSite\",\"@id\":\"https:\/\/echame.fr\/en\/#website\",\"url\":\"https:\/\/echame.fr\/en\/\",\"name\":\"www.echame.fr\",\"description\":\"Metal for Buildings\",\"publisher\":{\"@id\":\"https:\/\/echame.fr\/en\/#organization\"},\"potentialAction\":[{\"@type\":\"SearchAction\",\"target\":{\"@type\":\"EntryPoint\",\"urlTemplate\":\"https:\/\/echame.fr\/en\/?s={search_term_string}\"},\"query-input\":{\"@type\":\"PropertyValueSpecification\",\"valueRequired\":true,\"valueName\":\"search_term_string\"}}],\"inLanguage\":\"en-US\"},{\"@type\":\"Organization\",\"@id\":\"https:\/\/echame.fr\/en\/#organization\",\"name\":\"Echame\",\"url\":\"https:\/\/echame.fr\/en\/\",\"logo\":{\"@type\":\"ImageObject\",\"inLanguage\":\"en-US\",\"@id\":\"https:\/\/echame.fr\/en\/#\/schema\/logo\/image\/\",\"url\":\"https:\/\/echame.fr\/wp-content\/uploads\/2022\/04\/logo-echame-v2.png\",\"contentUrl\":\"https:\/\/echame.fr\/wp-content\/uploads\/2022\/04\/logo-echame-v2.png\",\"width\":420,\"height\":546,\"caption\":\"Echame\"},\"image\":{\"@id\":\"https:\/\/echame.fr\/en\/#\/schema\/logo\/image\/\"},\"sameAs\":[\"https:\/\/www.facebook.com\/echame.linselles\/\",\"https:\/\/www.linkedin.com\/company\/echame\/\"]}]}<\/script>\n<!-- \/ Yoast SEO plugin. -->","yoast_head_json":{"title":"Catalogue Echame, tout savoir sur nos plafonds et cloisons.","description":"Catalogue Echame, tout savoir sur nos plafonds, cloisons et habillage m\u00e9talliques ainsi que sur l'historique de notre soci\u00e9t\u00e9.","robots":{"index":"index","follow":"follow","max-snippet":"max-snippet:-1","max-image-preview":"max-image-preview:large","max-video-preview":"max-video-preview:-1"},"canonical":"https:\/\/echame.fr\/en\/habillage-metallique\/telechargement\/catalogue\/","og_locale":"en_US","og_type":"article","og_title":"Catalogue Echame, tout savoir sur nos plafonds et cloisons.","og_description":"Catalogue Echame, tout savoir sur nos plafonds, cloisons et habillage m\u00e9talliques ainsi que sur l'historique de notre soci\u00e9t\u00e9.","og_url":"https:\/\/echame.fr\/en\/habillage-metallique\/telechargement\/catalogue\/","og_site_name":"www.echame.fr","article_publisher":"https:\/\/www.facebook.com\/echame.linselles\/","article_modified_time":"2025-09-04T16:04:36+00:00","twitter_card":"summary_large_image","twitter_misc":{"Est. reading time":"1 minute"},"schema":{"@context":"https:\/\/schema.org","@graph":[{"@type":"WebPage","@id":"https:\/\/echame.fr\/en\/habillage-metallique\/telechargement\/catalogue\/","url":"https:\/\/echame.fr\/en\/habillage-metallique\/telechargement\/catalogue\/","name":"Catalogue Echame, tout savoir sur nos plafonds et cloisons.","isPartOf":{"@id":"https:\/\/echame.fr\/en\/#website"},"datePublished":"2022-04-11T13:26:37+00:00","dateModified":"2025-09-04T16:04:36+00:00","description":"Catalogue Echame, tout savoir sur nos plafonds, cloisons et habillage m\u00e9talliques ainsi que sur l'historique de notre soci\u00e9t\u00e9.","breadcrumb":{"@id":"https:\/\/echame.fr\/en\/habillage-metallique\/telechargement\/catalogue\/#breadcrumb"},"inLanguage":"en-US","potentialAction":[{"@type":"ReadAction","target":["https:\/\/echame.fr\/en\/habillage-metallique\/telechargement\/catalogue\/"]}]},{"@type":"BreadcrumbList","@id":"https:\/\/echame.fr\/en\/habillage-metallique\/telechargement\/catalogue\/#breadcrumb","itemListElement":[{"@type":"ListItem","position":1,"name":"Plafonds, cloisons et habillages m\u00e9tallique","item":"https:\/\/echame.fr\/en\/habillage-metallique\/"},{"@type":"ListItem","position":2,"name":"metal cladding","item":"https:\/\/echame.fr\/en\/habillage-metallique\/"},{"@type":"ListItem","position":3,"name":"T\u00e9l\u00e9chargement","item":"https:\/\/echame.fr\/en\/habillage-metallique\/telechargement\/"},{"@type":"ListItem","position":4,"name":"Catalogue"}]},{"@type":"WebSite","@id":"https:\/\/echame.fr\/en\/#website","url":"https:\/\/echame.fr\/en\/","name":"www.echame.fr","description":"Metal for Buildings","publisher":{"@id":"https:\/\/echame.fr\/en\/#organization"},"potentialAction":[{"@type":"SearchAction","target":{"@type":"EntryPoint","urlTemplate":"https:\/\/echame.fr\/en\/?s={search_term_string}"},"query-input":{"@type":"PropertyValueSpecification","valueRequired":true,"valueName":"search_term_string"}}],"inLanguage":"en-US"},{"@type":"Organization","@id":"https:\/\/echame.fr\/en\/#organization","name":"Echame","url":"https:\/\/echame.fr\/en\/","logo":{"@type":"ImageObject","inLanguage":"en-US","@id":"https:\/\/echame.fr\/en\/#\/schema\/logo\/image\/","url":"https:\/\/echame.fr\/wp-content\/uploads\/2022\/04\/logo-echame-v2.png","contentUrl":"https:\/\/echame.fr\/wp-content\/uploads\/2022\/04\/logo-echame-v2.png","width":420,"height":546,"caption":"Echame"},"image":{"@id":"https:\/\/echame.fr\/en\/#\/schema\/logo\/image\/"},"sameAs":["https:\/\/www.facebook.com\/echame.linselles\/","https:\/\/www.linkedin.com\/company\/echame\/"]}]}},"_links":{"self":[{"href":"https:\/\/echame.fr\/en\/wp-json\/wp\/v2\/pages\/6661","targetHints":{"allow":["GET"]}}],"collection":[{"href":"https:\/\/echame.fr\/en\/wp-json\/wp\/v2\/pages"}],"about":[{"href":"https:\/\/echame.fr\/en\/wp-json\/wp\/v2\/types\/page"}],"author":[{"embeddable":true,"href":"https:\/\/echame.fr\/en\/wp-json\/wp\/v2\/users\/1"}],"replies":[{"embeddable":true,"href":"https:\/\/echame.fr\/en\/wp-json\/wp\/v2\/comments?post=6661"}],"version-history":[{"count":2,"href":"https:\/\/echame.fr\/en\/wp-json\/wp\/v2\/pages\/6661\/revisions"}],"predecessor-version":[{"id":7194,"href":"https:\/\/echame.fr\/en\/wp-json\/wp\/v2\/pages\/6661\/revisions\/7194"}],"up":[{"embeddable":true,"href":"https:\/\/echame.fr\/en\/wp-json\/wp\/v2\/pages\/6339"}],"wp:attachment":[{"href":"https:\/\/echame.fr\/en\/wp-json\/wp\/v2\/media?parent=6661"}],"curies":[{"name":"wp","href":"https:\/\/api.w.org\/{rel}","templated":true}]}}