{"id":6327,"date":"2022-11-28T11:44:19","date_gmt":"2022-11-28T10:44:19","guid":{"rendered":"https:\/\/echame.fr\/habillage-metallique\/plafonds-metalliques\/quels-sont-les-differents-types-de-plafond-metallique\/quelle-epaisseur-pour-un-faux-plafond\/"},"modified":"2023-10-01T12:51:52","modified_gmt":"2023-10-01T10:51:52","slug":"quelle-epaisseur-pour-un-faux-plafond","status":"publish","type":"page","link":"https:\/\/echame.fr\/en\/habillage-metallique\/plafonds-metalliques\/quels-sont-les-differents-types-de-plafond-metallique\/quelle-epaisseur-pour-un-faux-plafond\/","title":{"rendered":"Quelle \u00e9paisseur pour un faux plafond ?"},"content":{"rendered":"<p><section id=\"bt_bb_section69e8f8051f7d8\" class=\"bt_bb_section bt_bb_layout_boxed_1200 bt_bb_vertical_align_top bt_bb_background_overlay_alternate_solid bt_bb_top_spacing_large bt_bb_bottom_spacing_normal bt-dark-skin\"  data-bt-override-class=\"null\"><div class=\"bt_bb_port\"><div class=\"bt_bb_cell\"><div class=\"bt_bb_cell_inner\"><div class=\"bt_bb_row \"  data-bt-override-class=\"{}\"><div class=\"bt_bb_row_holder\" ><div  class=\"bt_bb_column col-xxl-9 col-xl-9 col-xs-12 col-sm-12 col-md-12 col-lg-9 bt_bb_vertical_align_top bt_bb_align_left bt_bb_padding_normal bt_bb_animation_fade_in bt_bb_animation_zoom_out animate\" style=\"; --column-width:9;\" data-width=\"9\" data-bt-override-class=\"{}\"><div class=\"bt_bb_column_content\"><div class=\"bt_bb_column_content_inner\"><header class=\"bt_bb_headline bt_bb_color_scheme_1 bt_bb_dash_top bt_bb_superheadline bt_bb_size_extralarge bt_bb_align_inherit\" style=\"; --headline-primary-color:#ffffff; --headline-secondary-color:#000000;\" data-bt-override-class=\"null\"><div class=\"bt_bb_headline_superheadline_outside\"><span class=\"bt_bb_headline_superheadline\"><span>Plafonds m\u00e9talliques<\/span><\/span><\/div><h1><span class=\"bt_bb_headline_content\"><span>Quelle \u00e9paisseur pour un faux plafond ?<span class=\"bt_bb_outline_text bt_bb_outline_text_align_left bt_bb_outline_text_size_400\"><span>Apparente<\/span><\/span><\/span><\/span><\/h1><\/header><div class=\"bt_bb_separator bt_bb_border_style_none bt_bb_bottom_spacing_60\" data-bt-override-class=\"null\"><\/div><\/div><\/div><\/div><div  class=\"bt_bb_column col-xxl-3 col-xl-3 col-xs-12 col-sm-12 col-md-12 col-lg-3 bt_bb_vertical_align_top bt_bb_align_center bt_bb_padding_normal\" style=\"; --column-width:3;\" data-width=\"3\" data-bt-override-class=\"{}\"><div class=\"bt_bb_column_content\"><div class=\"bt_bb_column_content_inner\"><\/div><\/div><\/div><\/div><\/div><\/div><!-- cell_inner --><\/div><!-- cell --><\/div><!-- port --><\/section><section id=\"bt_bb_section69e8f8051fb01\" class=\"bt_bb_section bt_bb_layout_boxed_1200\"  data-bt-override-class=\"null\"><div class=\"bt_bb_port\"><div class=\"bt_bb_cell\"><div class=\"bt_bb_cell_inner\"><div class=\"bt_bb_row \"  data-bt-override-class=\"{}\"><div class=\"bt_bb_row_holder\" ><div  class=\"bt_bb_column col-xxl-12 col-xl-12 col-xs-12 col-sm-12 col-md-12 col-lg-12 bt_bb_vertical_align_top bt_bb_align_left bt_bb_padding_normal\" style=\"; --column-width:12;\" data-width=\"12\" data-bt-override-class=\"{}\"><div class=\"bt_bb_column_content\"><div class=\"bt_bb_column_content_inner\"><div class=\"bt_bb_separator bt_bb_border_style_none bt_bb_bottom_spacing_60\" data-bt-override-class=\"null\"><\/div><div  class=\"bt_bb_text\" ><\/p>\n<h1>Quelle \u00e9paisseur pour un faux plafond ?<\/h1>\n<p>Ce guide vous explique le fonctionnement des faux plafonds et vous donne les informations n\u00e9cessaires pour choisir le bon \u00e9paisseur de votre faux plafond. Ce guide vous montre <a href=\"https:\/\/echame.fr\/en\/habillage-metallique\/plafonds-metalliques\/quels-sont-les-differents-types-de-plafond-metallique\/\">q<span class=\"react-editor-token react-editor-text-token\" data-token-id=\"0\">uels<\/span> <span class=\"react-editor-token react-editor-text-token\" data-token-id=\"2\">sont<\/span> <span class=\"react-editor-token react-editor-text-token\" data-token-id=\"4\">les<\/span> <span class=\"react-editor-token react-editor-text-token\" data-token-id=\"6\">diff\u00e9rents<\/span> <span class=\"react-editor-token react-editor-text-token\" data-token-id=\"8\">types<\/span> <span class=\"react-editor-token react-editor-text-token\" data-token-id=\"10\">de <\/span><span class=\"react-editor-token react-editor-text-token\" data-token-id=\"12\">plafond<\/span> <\/a><span class=\"react-editor-token react-editor-text-token\" data-token-id=\"14\">m\u00e9tallique, <\/span>quelle \u00e9paisseur de plafond doit avoir un faux plafond d\u00e9coratif et dans quels cas il est pr\u00e9f\u00e9rable d\u2019opter pour un faux plafond \u00e9pais.<\/p>\n<p><img fetchpriority=\"high\" decoding=\"async\" class=\"alignnone size-full wp-image-4513\" src=\"https:\/\/echame.fr\/wp-content\/uploads\/2022\/08\/echame-contact.png\" alt=\"realisation ehcame\" width=\"580\" height=\"597\" srcset=\"https:\/\/echame.fr\/wp-content\/uploads\/2022\/08\/echame-contact.png 580w, https:\/\/echame.fr\/wp-content\/uploads\/2022\/08\/echame-contact-320x329.png 320w\" sizes=\"(max-width: 580px) 100vw, 580px\" \/><\/p>\n<h2>Quelle \u00e9paisseur pour un faux plafond ?<\/h2>\n<p>Pour faire un faux plafond, il est recommand\u00e9 d\u2019utiliser deux \u00e9paisseurs de pl\u00e2tre. La premi\u00e8re est la plus importante, car elle servira \u00e0 donner de la r\u00e9sistance au plafond. La seconde \u00e9paisseur sert quant \u00e0 elle \u00e0 donner une certaine rigidit\u00e9 au plafond. Pour bien faire, un faux plafond doit \u00eatre \u00e9pais d\u2019au moins 5 centim\u00e8tres.<\/p>\n<h2>D\u00e9terminer l&#8217;\u00e9paisseur d&#8217;un plafond<\/h2>\n<p>L\u2019\u00e9paisseur du plafond n\u2019est pas fixe, et d\u00e9pend de plusieurs facteurs. C\u2019est notamment le cas dans le cas d\u2019un <a class=\"obflink-full\" href=\"https:\/\/www.ardeche.gouv.fr\/IMG\/pdf\/dispositif-malrauxnbsp-rehabilitez-les-immeubles-anciens-et-reduisez-vos-impots-1.pdf\">immeuble ancien<\/a> qui peut avoir une structure diff\u00e9rente. Cela peut aussi d\u00e9pendre de la qualit\u00e9 de l\u2019isolation thermique et phonique que vous souhaitez.<\/p>\n<p>Enfin, vous devez prendre en compte le type de plafond que vous souhaitez. En effet, certains plafonds, comme les plafonds suspendus, peuvent avoir une \u00e9paisseur diff\u00e9rente.<\/p>\n<h2>Les diff\u00e9rentes \u00e9paisseurs de plafond<\/h2>\n<p>Les faux plafonds repr\u00e9sentent un investissement important, qui se justifie \u00e9galement par le fait qu\u2019ils sont g\u00e9n\u00e9ralement beaucoup plus \u00e9pais que les plafonds traditionnels. En outre, les plafonds suspendus sont aussi plus \u00e9pais que les plafonds bas.<\/p>\n<h2>Les diff\u00e9rents types de plafonds<\/h2>\n<p>Les plafonds peuvent \u00eatre de diff\u00e9rents types. Par exemple, il peut s\u2019agir de plafonds en b\u00e9ton ou en panneaux de particules. Cependant, l\u2019\u00e9paisseur de ceux-ci est toujours de 3 \u00e0 5 centim\u00e8tres.<\/p>\n<p>En outre, il est \u00e9galement possible d\u2019en trouver en \u00e9tant fabriqu\u00e9s en panneaux de particules, mais aussi en plaques de pl\u00e2tre. Cela permet d\u2019avoir un plafond tr\u00e8s solide et qui ne risque pas de s\u2019effondrer.<\/p>\n<h2>Les \u00e9paisseurs des diff\u00e9rents types de plafonds<\/h2>\n<p>Pour vous aider \u00e0 choisir la bonne \u00e9paisseur de plafond, il est important de conna\u00eetre les diff\u00e9rents types de plafonds. En effet, les plafonds suspendus ont une \u00e9paisseur importante et sont parfois difficiles \u00e0 poser.<\/p>\n<p>C\u2019est le cas aussi des plafonds en pente, qui demandent de disposer de mat\u00e9riaux sp\u00e9ciaux.<\/p>\n<p>Enfin, les plafonds classiques ont une \u00e9paisseur moyenne, qui est facile \u00e0 calculer.<\/p>\n<h2>Quelle \u00e9paisseur pour un faux plafond ?<\/h2>\n<p>Pour poser un faux plafond dans un couloir, il est important de ne pas n\u00e9gliger la finition. Il faut donc que vous soigniez la pose de votre faux plafond. Pour cela, vous devez choisir une \u00e9paisseur de 55mm, \u00e9tant donn\u00e9 que c\u2019est suffisant.<\/p>\n<p>En outre, vous devez aussi veiller \u00e0 garder des angles droits et \u00e0 utiliser un beau mat\u00e9riau. Cela vous permettra de donner du cachet \u00e0 votre couloir.<\/p>\n<h2>Les faux plafonds \u00e0 \u00e9paisseur variable<\/h2>\n<p>Pour des raisons de plafond en saillie ou de plafond en feuillure, il est parfois n\u00e9cessaire d\u2019avoir recours \u00e0 une \u00e9paisseur plafond variable. Cela peut aussi permettre de donner un peu de volume \u00e0 un plafond.<\/p>\n<p>Il est aussi possible de fixer une couche isolante sur le plafond pour am\u00e9liorer l\u2019isolation phonique. Cette solution est particuli\u00e8rement adapt\u00e9e pour les pi\u00e8ces dans lesquelles vous voulez limiter les bruits.<\/p>\n<h2>Les faux plafonds \u00e0 \u00e9paisseur constante<\/h2>\n<p>Pour bien choisir son faux plafond, il faut notamment penser \u00e0 l\u2019\u00e9paisseur. C\u2019est en effet l\u2019une des caract\u00e9ristiques les plus importantes qui permet notamment de pr\u00e9server l\u2019intimit\u00e9 et d\u2019\u00e9viter le bruit.<\/p>\n<p>En outre, l\u2019\u00e9paisseur plafond est \u00e9galement importante pour assurer une bonne homog\u00e9n\u00e9it\u00e9 de la temp\u00e9rature. C\u2019est aussi l\u2019un des principaux facteurs qui permet de r\u00e9duire les bruits de p\u00e9dalage.<\/p>\n<h2>Comment choisir l&#8217;\u00e9paisseur d&#8217;un faux plafond ?<\/h2>\n<p>Le choix de l\u2019\u00e9paisseur d\u2019un faux plafond d\u00e9pend de plusieurs param\u00e8tres. En premier lieu, il faut tenir compte de la m\u00e9thode d\u2019isolation que vous souhaitez utiliser. Par exemple, si vous souhaitez isoler le plafond par l\u2019int\u00e9rieur, vous pouvez vous contenter d\u2019un faux plafond d\u2019une \u00e9paisseur de 3,5 centim\u00e8tres.<\/p>\n<p>En revanche, si vous optez pour une isolation par l\u2019ext\u00e9rieur, il est pr\u00e9f\u00e9rable d\u2019opter pour un faux plafond d\u2019une \u00e9paisseur de 4,5 centim\u00e8tres. Enfin, vous pouvez aussi choisir de placer un faux plafond suspendu. Dans ce cas, vous devez pr\u00e9voir une \u00e9paisseur de plafond de 1,5 centim\u00e8tre.<\/p>\n<h2>Conclusion<\/h2>\n<p>Les faux plafonds repr\u00e9sentent une solution tr\u00e8s pratique lorsqu&#8217;il s&#8217;agit de cloisonner un espace tout en respectant les r\u00e8gles d&#8217;encombrement. Pour choisir l&#8217;\u00e9paisseur d&#8217;un faux plafond, il faut savoir que leur \u00e9paisseur d\u00e9pend de la surface \u00e0 am\u00e9nager : plus celle-ci est importante, plus la cloison doit \u00eatre \u00e9paisse.<\/p>\n<h3>A lire \u00e9galement:<\/h3>\n<ul>\n<li><a href=\"https:\/\/echame.fr\/en\/habillage-metallique\/plafonds-metalliques\/quels-sont-les-differents-types-de-plafond-metallique\/pourquoi-les-plafonds-sont-blancs\/\"><span class=\"react-editor-token react-editor-text-token\" data-token-id=\"0\">Pourquoi<\/span> <span class=\"react-editor-token react-editor-text-token\" data-token-id=\"2\">les<\/span> <span class=\"react-editor-token react-editor-text-token\" data-token-id=\"4\">plafonds<\/span> <span class=\"react-editor-token react-editor-text-token\" data-token-id=\"6\">sont<\/span> <span class=\"react-editor-token react-editor-text-token\" data-token-id=\"8\">blancs<\/span> <span class=\"react-editor-token react-editor-text-token\" data-token-id=\"10\">?<\/span><\/a><\/li>\n<li><a href=\"https:\/\/echame.fr\/en\/habillage-metallique\/plafonds-metalliques\/quels-sont-les-differents-types-de-plafond-metallique\/pourquoi-faire-un-faux-plafond\/\"><span class=\"react-editor-token react-editor-text-token\" data-token-id=\"0\">Pourquoi<\/span> <span class=\"react-editor-token react-editor-text-token\" data-token-id=\"2\">faire<\/span> <span class=\"react-editor-token react-editor-text-token\" data-token-id=\"4\">un<\/span> <span class=\"react-editor-token react-editor-text-token\" data-token-id=\"6\">faux<\/span> <span class=\"react-editor-token react-editor-text-token\" data-token-id=\"8\">plafond<\/span> <span class=\"react-editor-token react-editor-text-token\" data-token-id=\"10\">?<\/span><\/a><\/li>\n<\/ul>\n<p>\n<\/div><\/div><\/div><\/div><\/div><\/div><\/div><!-- cell_inner --><\/div><!-- cell --><\/div><!-- port --><\/section><\/p>\n","protected":false},"excerpt":{"rendered":"","protected":false},"author":1,"featured_media":0,"parent":6321,"menu_order":0,"comment_status":"closed","ping_status":"closed","template":"","meta":{"footnotes":""},"class_list":["post-6327","page","type-page","status-publish","hentry"],"yoast_head":"<!-- This site is optimized with the Yoast SEO plugin v23.8 - https:\/\/yoast.com\/wordpress\/plugins\/seo\/ -->\n<title>Quelle \u00e9paisseur pour un faux plafond ? Echame<\/title>\n<meta name=\"description\" content=\"Quelle \u00e9paisseur pour un faux plafond ? Nous vous d\u00e9taillons les astuces et les conseils pour ce type de plafond.\" \/>\n<meta name=\"robots\" content=\"index, follow, max-snippet:-1, max-image-preview:large, max-video-preview:-1\" \/>\n<link rel=\"canonical\" href=\"https:\/\/echame.fr\/en\/habillage-metallique\/plafonds-metalliques\/quels-sont-les-differents-types-de-plafond-metallique\/quelle-epaisseur-pour-un-faux-plafond\/\" \/>\n<meta property=\"og:locale\" content=\"en_US\" \/>\n<meta property=\"og:type\" content=\"article\" \/>\n<meta property=\"og:title\" content=\"Quelle \u00e9paisseur pour un faux plafond ? Echame\" \/>\n<meta property=\"og:description\" content=\"Quelle \u00e9paisseur pour un faux plafond ? Nous vous d\u00e9taillons les astuces et les conseils pour ce type de plafond.\" \/>\n<meta property=\"og:url\" content=\"https:\/\/echame.fr\/en\/habillage-metallique\/plafonds-metalliques\/quels-sont-les-differents-types-de-plafond-metallique\/quelle-epaisseur-pour-un-faux-plafond\/\" \/>\n<meta property=\"og:site_name\" content=\"www.echame.fr\" \/>\n<meta property=\"article:publisher\" content=\"https:\/\/www.facebook.com\/echame.linselles\/\" \/>\n<meta property=\"article:modified_time\" content=\"2023-10-01T10:51:52+00:00\" \/>\n<meta property=\"og:image\" content=\"https:\/\/echame.fr\/wp-content\/uploads\/2022\/08\/echame-contact.png\" \/>\n<meta name=\"twitter:card\" content=\"summary_large_image\" \/>\n<meta name=\"twitter:label1\" content=\"Est. reading time\" \/>\n\t<meta name=\"twitter:data1\" content=\"5 minutes\" \/>\n<script type=\"application\/ld+json\" class=\"yoast-schema-graph\">{\"@context\":\"https:\/\/schema.org\",\"@graph\":[{\"@type\":\"WebPage\",\"@id\":\"https:\/\/echame.fr\/en\/habillage-metallique\/plafonds-metalliques\/quels-sont-les-differents-types-de-plafond-metallique\/quelle-epaisseur-pour-un-faux-plafond\/\",\"url\":\"https:\/\/echame.fr\/en\/habillage-metallique\/plafonds-metalliques\/quels-sont-les-differents-types-de-plafond-metallique\/quelle-epaisseur-pour-un-faux-plafond\/\",\"name\":\"Quelle \u00e9paisseur pour un faux plafond ? Echame\",\"isPartOf\":{\"@id\":\"https:\/\/echame.fr\/en\/#website\"},\"primaryImageOfPage\":{\"@id\":\"https:\/\/echame.fr\/en\/habillage-metallique\/plafonds-metalliques\/quels-sont-les-differents-types-de-plafond-metallique\/quelle-epaisseur-pour-un-faux-plafond\/#primaryimage\"},\"image\":{\"@id\":\"https:\/\/echame.fr\/en\/habillage-metallique\/plafonds-metalliques\/quels-sont-les-differents-types-de-plafond-metallique\/quelle-epaisseur-pour-un-faux-plafond\/#primaryimage\"},\"thumbnailUrl\":\"https:\/\/echame.fr\/wp-content\/uploads\/2022\/08\/echame-contact.png\",\"datePublished\":\"2022-11-28T10:44:19+00:00\",\"dateModified\":\"2023-10-01T10:51:52+00:00\",\"description\":\"Quelle \u00e9paisseur pour un faux plafond ? Nous vous d\u00e9taillons les astuces et les conseils pour ce type de plafond.\",\"breadcrumb\":{\"@id\":\"https:\/\/echame.fr\/en\/habillage-metallique\/plafonds-metalliques\/quels-sont-les-differents-types-de-plafond-metallique\/quelle-epaisseur-pour-un-faux-plafond\/#breadcrumb\"},\"inLanguage\":\"en-US\",\"potentialAction\":[{\"@type\":\"ReadAction\",\"target\":[\"https:\/\/echame.fr\/en\/habillage-metallique\/plafonds-metalliques\/quels-sont-les-differents-types-de-plafond-metallique\/quelle-epaisseur-pour-un-faux-plafond\/\"]}]},{\"@type\":\"ImageObject\",\"inLanguage\":\"en-US\",\"@id\":\"https:\/\/echame.fr\/en\/habillage-metallique\/plafonds-metalliques\/quels-sont-les-differents-types-de-plafond-metallique\/quelle-epaisseur-pour-un-faux-plafond\/#primaryimage\",\"url\":\"https:\/\/echame.fr\/wp-content\/uploads\/2022\/08\/echame-contact.png\",\"contentUrl\":\"https:\/\/echame.fr\/wp-content\/uploads\/2022\/08\/echame-contact.png\"},{\"@type\":\"BreadcrumbList\",\"@id\":\"https:\/\/echame.fr\/en\/habillage-metallique\/plafonds-metalliques\/quels-sont-les-differents-types-de-plafond-metallique\/quelle-epaisseur-pour-un-faux-plafond\/#breadcrumb\",\"itemListElement\":[{\"@type\":\"ListItem\",\"position\":1,\"name\":\"Plafonds, cloisons et habillages m\u00e9tallique\",\"item\":\"https:\/\/echame.fr\/en\/habillage-metallique\/\"},{\"@type\":\"ListItem\",\"position\":2,\"name\":\"metal cladding\",\"item\":\"https:\/\/echame.fr\/en\/habillage-metallique\/\"},{\"@type\":\"ListItem\",\"position\":3,\"name\":\"Plafonds m\u00e9talliques\",\"item\":\"https:\/\/echame.fr\/en\/habillage-metallique\/plafonds-metalliques\/\"},{\"@type\":\"ListItem\",\"position\":4,\"name\":\"Quels sont les diff\u00e9rents types de plafond m\u00e9tallique ?\",\"item\":\"https:\/\/echame.fr\/en\/habillage-metallique\/plafonds-metalliques\/quels-sont-les-differents-types-de-plafond-metallique\/\"},{\"@type\":\"ListItem\",\"position\":5,\"name\":\"Quelle \u00e9paisseur pour un faux plafond ?\"}]},{\"@type\":\"WebSite\",\"@id\":\"https:\/\/echame.fr\/en\/#website\",\"url\":\"https:\/\/echame.fr\/en\/\",\"name\":\"www.echame.fr\",\"description\":\"Metal for Buildings\",\"publisher\":{\"@id\":\"https:\/\/echame.fr\/en\/#organization\"},\"potentialAction\":[{\"@type\":\"SearchAction\",\"target\":{\"@type\":\"EntryPoint\",\"urlTemplate\":\"https:\/\/echame.fr\/en\/?s={search_term_string}\"},\"query-input\":{\"@type\":\"PropertyValueSpecification\",\"valueRequired\":true,\"valueName\":\"search_term_string\"}}],\"inLanguage\":\"en-US\"},{\"@type\":\"Organization\",\"@id\":\"https:\/\/echame.fr\/en\/#organization\",\"name\":\"Echame\",\"url\":\"https:\/\/echame.fr\/en\/\",\"logo\":{\"@type\":\"ImageObject\",\"inLanguage\":\"en-US\",\"@id\":\"https:\/\/echame.fr\/en\/#\/schema\/logo\/image\/\",\"url\":\"https:\/\/echame.fr\/wp-content\/uploads\/2022\/04\/logo-echame-v2.png\",\"contentUrl\":\"https:\/\/echame.fr\/wp-content\/uploads\/2022\/04\/logo-echame-v2.png\",\"width\":420,\"height\":546,\"caption\":\"Echame\"},\"image\":{\"@id\":\"https:\/\/echame.fr\/en\/#\/schema\/logo\/image\/\"},\"sameAs\":[\"https:\/\/www.facebook.com\/echame.linselles\/\",\"https:\/\/www.linkedin.com\/company\/echame\/\"]}]}<\/script>\n<!-- \/ Yoast SEO plugin. -->","yoast_head_json":{"title":"Quelle \u00e9paisseur pour un faux plafond ? Echame","description":"Quelle \u00e9paisseur pour un faux plafond ? Nous vous d\u00e9taillons les astuces et les conseils pour ce type de plafond.","robots":{"index":"index","follow":"follow","max-snippet":"max-snippet:-1","max-image-preview":"max-image-preview:large","max-video-preview":"max-video-preview:-1"},"canonical":"https:\/\/echame.fr\/en\/habillage-metallique\/plafonds-metalliques\/quels-sont-les-differents-types-de-plafond-metallique\/quelle-epaisseur-pour-un-faux-plafond\/","og_locale":"en_US","og_type":"article","og_title":"Quelle \u00e9paisseur pour un faux plafond ? Echame","og_description":"Quelle \u00e9paisseur pour un faux plafond ? Nous vous d\u00e9taillons les astuces et les conseils pour ce type de plafond.","og_url":"https:\/\/echame.fr\/en\/habillage-metallique\/plafonds-metalliques\/quels-sont-les-differents-types-de-plafond-metallique\/quelle-epaisseur-pour-un-faux-plafond\/","og_site_name":"www.echame.fr","article_publisher":"https:\/\/www.facebook.com\/echame.linselles\/","article_modified_time":"2023-10-01T10:51:52+00:00","og_image":[{"url":"https:\/\/echame.fr\/wp-content\/uploads\/2022\/08\/echame-contact.png"}],"twitter_card":"summary_large_image","twitter_misc":{"Est. reading time":"5 minutes"},"schema":{"@context":"https:\/\/schema.org","@graph":[{"@type":"WebPage","@id":"https:\/\/echame.fr\/en\/habillage-metallique\/plafonds-metalliques\/quels-sont-les-differents-types-de-plafond-metallique\/quelle-epaisseur-pour-un-faux-plafond\/","url":"https:\/\/echame.fr\/en\/habillage-metallique\/plafonds-metalliques\/quels-sont-les-differents-types-de-plafond-metallique\/quelle-epaisseur-pour-un-faux-plafond\/","name":"Quelle \u00e9paisseur pour un faux plafond ? Echame","isPartOf":{"@id":"https:\/\/echame.fr\/en\/#website"},"primaryImageOfPage":{"@id":"https:\/\/echame.fr\/en\/habillage-metallique\/plafonds-metalliques\/quels-sont-les-differents-types-de-plafond-metallique\/quelle-epaisseur-pour-un-faux-plafond\/#primaryimage"},"image":{"@id":"https:\/\/echame.fr\/en\/habillage-metallique\/plafonds-metalliques\/quels-sont-les-differents-types-de-plafond-metallique\/quelle-epaisseur-pour-un-faux-plafond\/#primaryimage"},"thumbnailUrl":"https:\/\/echame.fr\/wp-content\/uploads\/2022\/08\/echame-contact.png","datePublished":"2022-11-28T10:44:19+00:00","dateModified":"2023-10-01T10:51:52+00:00","description":"Quelle \u00e9paisseur pour un faux plafond ? Nous vous d\u00e9taillons les astuces et les conseils pour ce type de plafond.","breadcrumb":{"@id":"https:\/\/echame.fr\/en\/habillage-metallique\/plafonds-metalliques\/quels-sont-les-differents-types-de-plafond-metallique\/quelle-epaisseur-pour-un-faux-plafond\/#breadcrumb"},"inLanguage":"en-US","potentialAction":[{"@type":"ReadAction","target":["https:\/\/echame.fr\/en\/habillage-metallique\/plafonds-metalliques\/quels-sont-les-differents-types-de-plafond-metallique\/quelle-epaisseur-pour-un-faux-plafond\/"]}]},{"@type":"ImageObject","inLanguage":"en-US","@id":"https:\/\/echame.fr\/en\/habillage-metallique\/plafonds-metalliques\/quels-sont-les-differents-types-de-plafond-metallique\/quelle-epaisseur-pour-un-faux-plafond\/#primaryimage","url":"https:\/\/echame.fr\/wp-content\/uploads\/2022\/08\/echame-contact.png","contentUrl":"https:\/\/echame.fr\/wp-content\/uploads\/2022\/08\/echame-contact.png"},{"@type":"BreadcrumbList","@id":"https:\/\/echame.fr\/en\/habillage-metallique\/plafonds-metalliques\/quels-sont-les-differents-types-de-plafond-metallique\/quelle-epaisseur-pour-un-faux-plafond\/#breadcrumb","itemListElement":[{"@type":"ListItem","position":1,"name":"Plafonds, cloisons et habillages m\u00e9tallique","item":"https:\/\/echame.fr\/en\/habillage-metallique\/"},{"@type":"ListItem","position":2,"name":"metal cladding","item":"https:\/\/echame.fr\/en\/habillage-metallique\/"},{"@type":"ListItem","position":3,"name":"Plafonds m\u00e9talliques","item":"https:\/\/echame.fr\/en\/habillage-metallique\/plafonds-metalliques\/"},{"@type":"ListItem","position":4,"name":"Quels sont les diff\u00e9rents types de plafond m\u00e9tallique ?","item":"https:\/\/echame.fr\/en\/habillage-metallique\/plafonds-metalliques\/quels-sont-les-differents-types-de-plafond-metallique\/"},{"@type":"ListItem","position":5,"name":"Quelle \u00e9paisseur pour un faux plafond ?"}]},{"@type":"WebSite","@id":"https:\/\/echame.fr\/en\/#website","url":"https:\/\/echame.fr\/en\/","name":"www.echame.fr","description":"Metal for Buildings","publisher":{"@id":"https:\/\/echame.fr\/en\/#organization"},"potentialAction":[{"@type":"SearchAction","target":{"@type":"EntryPoint","urlTemplate":"https:\/\/echame.fr\/en\/?s={search_term_string}"},"query-input":{"@type":"PropertyValueSpecification","valueRequired":true,"valueName":"search_term_string"}}],"inLanguage":"en-US"},{"@type":"Organization","@id":"https:\/\/echame.fr\/en\/#organization","name":"Echame","url":"https:\/\/echame.fr\/en\/","logo":{"@type":"ImageObject","inLanguage":"en-US","@id":"https:\/\/echame.fr\/en\/#\/schema\/logo\/image\/","url":"https:\/\/echame.fr\/wp-content\/uploads\/2022\/04\/logo-echame-v2.png","contentUrl":"https:\/\/echame.fr\/wp-content\/uploads\/2022\/04\/logo-echame-v2.png","width":420,"height":546,"caption":"Echame"},"image":{"@id":"https:\/\/echame.fr\/en\/#\/schema\/logo\/image\/"},"sameAs":["https:\/\/www.facebook.com\/echame.linselles\/","https:\/\/www.linkedin.com\/company\/echame\/"]}]}},"_links":{"self":[{"href":"https:\/\/echame.fr\/en\/wp-json\/wp\/v2\/pages\/6327","targetHints":{"allow":["GET"]}}],"collection":[{"href":"https:\/\/echame.fr\/en\/wp-json\/wp\/v2\/pages"}],"about":[{"href":"https:\/\/echame.fr\/en\/wp-json\/wp\/v2\/types\/page"}],"author":[{"embeddable":true,"href":"https:\/\/echame.fr\/en\/wp-json\/wp\/v2\/users\/1"}],"replies":[{"embeddable":true,"href":"https:\/\/echame.fr\/en\/wp-json\/wp\/v2\/comments?post=6327"}],"version-history":[{"count":0,"href":"https:\/\/echame.fr\/en\/wp-json\/wp\/v2\/pages\/6327\/revisions"}],"up":[{"embeddable":true,"href":"https:\/\/echame.fr\/en\/wp-json\/wp\/v2\/pages\/6321"}],"wp:attachment":[{"href":"https:\/\/echame.fr\/en\/wp-json\/wp\/v2\/media?parent=6327"}],"curies":[{"name":"wp","href":"https:\/\/api.w.org\/{rel}","templated":true}]}}