{"id":6325,"date":"2022-11-28T11:51:37","date_gmt":"2022-11-28T10:51:37","guid":{"rendered":"https:\/\/echame.fr\/habillage-metallique\/plafonds-metalliques\/quels-sont-les-differents-types-de-plafond-metallique\/pourquoi-les-plafonds-sont-blancs\/"},"modified":"2023-10-01T12:51:18","modified_gmt":"2023-10-01T10:51:18","slug":"pourquoi-les-plafonds-sont-blancs","status":"publish","type":"page","link":"https:\/\/echame.fr\/en\/habillage-metallique\/plafonds-metalliques\/quels-sont-les-differents-types-de-plafond-metallique\/pourquoi-les-plafonds-sont-blancs\/","title":{"rendered":"Pourquoi les plafonds sont blancs ?"},"content":{"rendered":"<p><section id=\"bt_bb_section6a036af0cf1bd\" class=\"bt_bb_section bt_bb_layout_boxed_1200 bt_bb_vertical_align_top bt_bb_background_overlay_alternate_solid bt_bb_top_spacing_large bt_bb_bottom_spacing_normal bt-dark-skin\"  data-bt-override-class=\"null\"><div class=\"bt_bb_port\"><div class=\"bt_bb_cell\"><div class=\"bt_bb_cell_inner\"><div class=\"bt_bb_row \"  data-bt-override-class=\"{}\"><div class=\"bt_bb_row_holder\" ><div  class=\"bt_bb_column col-xxl-9 col-xl-9 col-xs-12 col-sm-12 col-md-12 col-lg-9 bt_bb_vertical_align_top bt_bb_align_left bt_bb_padding_normal bt_bb_animation_fade_in bt_bb_animation_zoom_out animate\" style=\"; --column-width:9;\" data-width=\"9\" data-bt-override-class=\"{}\"><div class=\"bt_bb_column_content\"><div class=\"bt_bb_column_content_inner\"><header class=\"bt_bb_headline bt_bb_color_scheme_1 bt_bb_dash_top bt_bb_superheadline bt_bb_size_extralarge bt_bb_align_inherit\" style=\"; --headline-primary-color:#ffffff; --headline-secondary-color:#000000;\" data-bt-override-class=\"null\"><div class=\"bt_bb_headline_superheadline_outside\"><span class=\"bt_bb_headline_superheadline\"><span>Plafonds m\u00e9talliques<\/span><\/span><\/div><h1><span class=\"bt_bb_headline_content\"><span>Pourquoi les plafonds sont blancs ?<span class=\"bt_bb_outline_text bt_bb_outline_text_align_left bt_bb_outline_text_size_400\"><span>Apparente<\/span><\/span><\/span><\/span><\/h1><\/header><div class=\"bt_bb_separator bt_bb_border_style_none bt_bb_bottom_spacing_60\" data-bt-override-class=\"null\"><\/div><\/div><\/div><\/div><div  class=\"bt_bb_column col-xxl-3 col-xl-3 col-xs-12 col-sm-12 col-md-12 col-lg-3 bt_bb_vertical_align_top bt_bb_align_center bt_bb_padding_normal\" style=\"; --column-width:3;\" data-width=\"3\" data-bt-override-class=\"{}\"><div class=\"bt_bb_column_content\"><div class=\"bt_bb_column_content_inner\"><\/div><\/div><\/div><\/div><\/div><\/div><!-- cell_inner --><\/div><!-- cell --><\/div><!-- port --><\/section><section id=\"bt_bb_section6a036af0cf625\" class=\"bt_bb_section bt_bb_layout_boxed_1200\"  data-bt-override-class=\"null\"><div class=\"bt_bb_port\"><div class=\"bt_bb_cell\"><div class=\"bt_bb_cell_inner\"><div class=\"bt_bb_row \"  data-bt-override-class=\"{}\"><div class=\"bt_bb_row_holder\" ><div  class=\"bt_bb_column col-xxl-12 col-xl-12 col-xs-12 col-sm-12 col-md-12 col-lg-12 bt_bb_vertical_align_top bt_bb_align_left bt_bb_padding_normal\" style=\"; --column-width:12;\" data-width=\"12\" data-bt-override-class=\"{}\"><div class=\"bt_bb_column_content\"><div class=\"bt_bb_column_content_inner\"><div class=\"bt_bb_separator bt_bb_border_style_none bt_bb_bottom_spacing_60\" data-bt-override-class=\"null\"><\/div><div  class=\"bt_bb_text\" ><\/p>\n<h1>Pourquoi les plafonds sont blancs ?<\/h1>\n<p>Les plafonds blancs sont appr\u00e9ci\u00e9s pour de nombreuses raisons, en particulier parce qu\u2019ils sont un bon compromis entre le noir et le blanc. Ils peuvent donner un sentiment d\u2019espace, sans \u00eatre trop uniforme. Et ils sont faciles \u00e0 nettoyer. Cependant, beaucoup de gens ignorent pourquoi les plafonds sont blancs dans les chambres et les espaces de repos en g\u00e9n\u00e9ral. Il y a des raisons pratiques derri\u00e8re cela, et ils sont souvent plus complexes que vous le pensez. <a href=\"https:\/\/echame.fr\/en\/habillage-metallique\/plafonds-metalliques\/quels-sont-les-differents-types-de-plafond-metallique\/\"><span class=\"react-editor-token react-editor-text-token\" data-token-id=\"0\">Quels<\/span> <span class=\"react-editor-token react-editor-text-token\" data-token-id=\"2\">sont<\/span> <span class=\"react-editor-token react-editor-text-token\" data-token-id=\"4\">les<\/span> <span class=\"react-editor-token react-editor-text-token\" data-token-id=\"6\">diff\u00e9rents<\/span> <span class=\"react-editor-token react-editor-text-token\" data-token-id=\"8\">types<\/span> <span class=\"react-editor-token react-editor-text-token\" data-token-id=\"10\">de <\/span><span class=\"react-editor-token react-editor-text-token\" data-token-id=\"12\">plafond<\/span> <span class=\"react-editor-token react-editor-text-token\" data-token-id=\"14\">m\u00e9tallique<\/span> <span class=\"react-editor-token react-editor-text-token\" data-token-id=\"16\">?<\/span><\/a><\/p>\n<p><img fetchpriority=\"high\" decoding=\"async\" class=\"alignnone size-full wp-image-4552\" src=\"https:\/\/echame.fr\/wp-content\/uploads\/2022\/08\/Coeur-defense-11-640x1280-1.webp\" alt=\"plafond acoustique\" width=\"300\" height=\"600\" \/><\/p>\n<h2>Plaques de pl\u00e2tre blanches: le meilleur compromis possible<\/h2>\n<p>Le blanc est un coloris qui peut donner un certain nombre d\u2019avantages. En premier lieu, il est un alli\u00e9 du bien-\u00eatre. En effet, le blanc est une couleur apaisante qui donne une sensation de luminosit\u00e9. Cela peut \u00eatre tr\u00e8s utile si vous avez besoin de vous d\u00e9tendre.<\/p>\n<p>Ensuite, le blanc pr\u00e9sente un rendu des couleurs plus naturel. C\u2019est un coloris qui peut donner un certain charme \u00e0 votre int\u00e9rieur.<\/p>\n<h2>Les plafonds blancs: une tendance qui se confirme<\/h2>\n<p>Le plafond blanc peut avoir plusieurs fonctions. En premier lieu, il est un excellent isolant thermique. Il peut aussi \u00eatre un excellent isolant acoustique.<\/p>\n<p>La plaque de pl\u00e2tre blanche peut aussi avoir d\u2019autres avantages. Si elle est utilis\u00e9e dans un appartement, elle peut par exemple \u00eatre un excellent isolant pour le chauffage. De plus, elle est tr\u00e8s facile \u00e0 poser et \u00e0 nettoyer.<\/p>\n<h2>Les plafonds blancs: un design \u00e9pur\u00e9<\/h2>\n<p>Pour avoir des plafonds blancs, il faut imp\u00e9rativement appliquer une couche d\u2019impr\u00e9gnation. En outre, cela permet de prot\u00e9ger le pl\u00e2tre des \u00e9ventuels d\u00e9fauts de couleur, tout en lui donnant un rendu lumineux et immacul\u00e9.<\/p>\n<p>De plus, cela permet de conserver la blancheur du pl\u00e2tre. C\u2019est un choix de design \u00e9pur\u00e9 qui se d\u00e9marque de tout ce qui existe sur le march\u00e9.<\/p>\n<h2>Les plafonds blancs: une solution efficace pour les acoustiques<\/h2>\n<p>Pour obtenir des plafonds blancs, la meilleure solution est d\u2019utiliser une plaque de <a class=\"obflink-full\" href=\"https:\/\/uploads.gedimat.fr\/CMS\/files\/Dossier-Gedimat-2014_Plaques-de-platre.pdf\">pl\u00e2tre ba13<\/a>. Cette plaque est tr\u00e8s efficace pour ce type de travaux, car elle permet d\u2019obtenir des plafonds blancs de qualit\u00e9. Cela peut \u00e9galement \u00eatre justifi\u00e9 par des raisons d\u2019esth\u00e9tisme.<\/p>\n<p>En outre, cette plaque permet d\u2019obtenir un plafond blanc qui est tr\u00e8s solide, ce qui est id\u00e9al pour les plafonds. De plus, cette plaque est facile \u00e0 installer et \u00e0 poser.<\/p>\n<h2>Les plafonds blancs: pourquoi ?<\/h2>\n<p>Un plafond blanc est un bon choix pour plusieurs raisons. Pour commencer, un plafond blanc peut aider en termes d\u2019isolation thermique. Un plafond blanc est \u00e9galement un isolant acoustique. Enfin, en termes de design, un plafond blanc donne de l\u2019\u00e9clat \u00e0 la pi\u00e8ce.<\/p>\n<h2>Le plafond blanc: un style de d\u00e9coration de plus en plus recherch\u00e9<\/h2>\n<p>Le plafond blanc est un style de d\u00e9coration qui fait peu \u00e0 peu son apparition. En effet, c\u2019est un type de d\u00e9coration qui peut \u00eatre int\u00e9ressant. Il peut en revanche \u00eatre judicieux de choisir un type de plafond qui sera \u00e9tanche et qui permettra de bien prot\u00e9ger le plafond.<\/p>\n<p>En outre, il est \u00e9galement possible de choisir un plafond tendu pour un rendu esth\u00e9tique et qui pourra permettre d\u2019\u00e9clairer une pi\u00e8ce diff\u00e9remment.<\/p>\n<p>Enfin, le plafond suspendu peut \u00eatre un bon choix pour un espace de vie qui peut \u00eatre bien diff\u00e9rent.<\/p>\n<h2>Les plafonds blancs: une histoire mill\u00e9naire<\/h2>\n<p>La plupart des plafonds sont recouverts d\u2019une couche de pl\u00e2tre, ce qui est tr\u00e8s bien pour leur solidit\u00e9 et leur r\u00e9sistance.<\/p>\n<p>En effet, si vous optez pour une couche de pl\u00e2tre, vous pouvez \u00eatre certain que votre plafond sera solide et r\u00e9sistera \u00e0 des chocs ou des coups.<\/p>\n<p>En plus de cela, la couche de pl\u00e2tre prot\u00e8ge \u00e9galement le mur contre les \u00e9ventuels \u00e9coulements d\u2019eau.<\/p>\n<h2>Pourquoi les plafonds sont blancs ?<\/h2>\n<p>Le blanc est une couleur qui a plusieurs propri\u00e9t\u00e9s, qui expliquent pourquoi on le retrouve aussi bien dans les lieux publics que dans les lieux priv\u00e9s. En premier lieu, le blanc est une couleur qui cr\u00e9e du bien-\u00eatre. C\u2019est la couleur que l\u2019on retrouve dans les h\u00f4pitaux, par exemple.<\/p>\n<p>Ensuite, le blanc est une couleur qui est associ\u00e9e au luxe. C\u2019est d\u2019ailleurs la couleur que l\u2019on retrouve dans les maisons de luxe ou les chambres de luxe. Enfin, le blanc est \u00e9galement une couleur tr\u00e8s claire, qui peut \u00eatre facilement associ\u00e9e \u00e0 d\u2019autres couleurs de peinture.<\/p>\n<h2>Une histoire de surface<\/h2>\n<p>Le plafond blanc est utilis\u00e9 dans de nombreux cas. C\u2019est notamment le cas dans les pi\u00e8ces qui sont tr\u00e8s lumineuses, car ce type de plafond permet d\u2019\u00e9viter les reflets. Il peut \u00e9galement \u00eatre int\u00e9ressant dans les chambres \u00e0 coucher, o\u00f9 il permet de cr\u00e9er une ambiance plus intimiste et de couper le reste de la maison.<\/p>\n<p>Pour donner un c\u00f4t\u00e9 plus sophistiqu\u00e9 \u00e0 votre maison, vous pouvez \u00e9galement opter pour un plafond de couleur diff\u00e9rente. C\u2019est par exemple le cas dans les salles de bain, mais aussi dans les pi\u00e8ces d\u2019apparat.<\/p>\n<p>Enfin, vous pouvez toujours opter pour un plafond blanc pour donner une impression de luminosit\u00e9 dans une pi\u00e8ce.<\/p>\n<h2>Les avantages d\u2019une surface blanche<\/h2>\n<p>Pour rendre une pi\u00e8ce plus lumineuse, vous devez choisir une couleur blanche. Cela vous permettra de diffuser la lumi\u00e8re que vous recevez et de cr\u00e9er une atmosph\u00e8re agr\u00e9able dans la pi\u00e8ce.<\/p>\n<p>De plus, vous pouvez \u00e9galement faire des diff\u00e9rentes parties de votre maison. Par exemple, vous pouvez peindre vos plafonds de diff\u00e9rentes couleurs. Cela donnera un aspect diff\u00e9rent \u00e0 votre maison, tout en vous permettant de diffuser la lumi\u00e8re.<\/p>\n<p>Enfin, vous devez vous assurer que vous choisissez un enduit qui est adapt\u00e9 \u00e0 votre pi\u00e8ce. Par exemple, un enduit \u00e0 faible taux d\u2019humidit\u00e9 sera plus adapt\u00e9 pour les pi\u00e8ces humides.<\/p>\n<h2>Les inconv\u00e9nients d\u2019une surface blanche<\/h2>\n<p>Le pl\u00e2tre blanc est un mat\u00e9riau qui peut \u00eatre utilis\u00e9 pour la construction d\u2019un plafond, mais cela d\u00e9pend de la fa\u00e7on dont il a \u00e9t\u00e9 fabriqu\u00e9. Si le plafond a \u00e9t\u00e9 construit en pl\u00e2tre, cela peut \u00eatre un bon choix.<\/p>\n<p>Cependant, il faut noter que les pl\u00e2tres ne sont pas tous blancs. Il faut aussi tenir compte de la diff\u00e9rence entre un pl\u00e2tre blanc et un pl\u00e2tre. Le pl\u00e2tre blanc est aussi un pl\u00e2tre, mais il est d\u2019une blancheur plus intense.<\/p>\n<p>Enfin, le seul moyen d\u2019obtenir un plafond blanc est de choisir un pl\u00e2tre blanc. C\u2019est la seule mani\u00e8re de pouvoir obtenir cette blancheur.<\/p>\n<h2>Conclusion<\/h2>\n<p>Le blanc repose toujours au coeur des tendances d\u00e9coratives car il est un symbole de puret\u00e9 et de simplicit\u00e9. Il apporte donc une note de fra\u00eecheur et d\u2019a\u00e9ration \u00e0 chaque pi\u00e8ce de la maison. Au-del\u00e0 de \u00e7a, le blanc est \u00e9galement synonyme de lumi\u00e8re et d\u2019espace. C\u2019est pourquoi il reste la teinte incontournable pour l\u2019am\u00e9nagement int\u00e9rieur. D\u2019ailleurs, les fabricants proposent de plus en plus de produits pour cr\u00e9er des plafonds blancs qui facilitent notamment la pose et l\u2019entretien des plaques.<\/p>\n<h3>A lire \u00e9galement:<\/h3>\n<ul>\n<li><a href=\"https:\/\/echame.fr\/habillage-metallique\/plafonds-metalliques\/quels-sont-les-differents-types-de-plafond-metallique\/quelle-epaisseur-pour-un-faux-plafond\/\"><span class=\"react-editor-token react-editor-text-token\" data-token-id=\"0\">Quelle<\/span> <span class=\"react-editor-token react-editor-text-token\" data-token-id=\"2\">\u00e9paisseur<\/span> <span class=\"react-editor-token react-editor-text-token\" data-token-id=\"4\">pour<\/span> <span class=\"react-editor-token react-editor-text-token\" data-token-id=\"6\">un<\/span> <span class=\"react-editor-token react-editor-text-token\" data-token-id=\"8\">faux <\/span>plafond <span class=\"react-editor-token react-editor-text-token\" data-token-id=\"12\">?<\/span><\/a><\/li>\n<li><a href=\"https:\/\/echame.fr\/en\/habillage-metallique\/plafonds-metalliques\/quels-sont-les-differents-types-de-plafond-metallique\/pourquoi-faire-un-faux-plafond\/\"><span class=\"react-editor-token react-editor-text-token\" data-token-id=\"0\">Pourquoi<\/span> <span class=\"react-editor-token react-editor-text-token\" data-token-id=\"2\">faire<\/span> <span class=\"react-editor-token react-editor-text-token\" data-token-id=\"4\">un<\/span> <span class=\"react-editor-token react-editor-text-token\" data-token-id=\"6\">faux<\/span> <span class=\"react-editor-token react-editor-text-token\" data-token-id=\"8\">plafond<\/span> <span class=\"react-editor-token react-editor-text-token\" data-token-id=\"10\">?<\/span><\/a><\/li>\n<\/ul>\n<p>\n<\/div><\/div><\/div><\/div><\/div><\/div><\/div><!-- cell_inner --><\/div><!-- cell --><\/div><!-- port --><\/section><\/p>\n","protected":false},"excerpt":{"rendered":"","protected":false},"author":1,"featured_media":0,"parent":6321,"menu_order":0,"comment_status":"closed","ping_status":"closed","template":"","meta":{"footnotes":""},"class_list":["post-6325","page","type-page","status-publish","hentry"],"yoast_head":"<!-- This site is optimized with the Yoast SEO plugin v23.8 - https:\/\/yoast.com\/wordpress\/plugins\/seo\/ -->\n<title>Pourquoi les plafonds sont blancs ? Echame<\/title>\n<meta name=\"description\" content=\"Pourquoi les plafonds sont blancs ? Nous vous d\u00e9taillons les astuces et les conseils pour ce type de plafond blanc.\" \/>\n<meta name=\"robots\" content=\"index, follow, max-snippet:-1, max-image-preview:large, max-video-preview:-1\" \/>\n<link rel=\"canonical\" href=\"https:\/\/echame.fr\/en\/habillage-metallique\/plafonds-metalliques\/quels-sont-les-differents-types-de-plafond-metallique\/pourquoi-les-plafonds-sont-blancs\/\" \/>\n<meta property=\"og:locale\" content=\"en_US\" \/>\n<meta property=\"og:type\" content=\"article\" \/>\n<meta property=\"og:title\" content=\"Pourquoi les plafonds sont blancs ? Echame\" \/>\n<meta property=\"og:description\" content=\"Pourquoi les plafonds sont blancs ? Nous vous d\u00e9taillons les astuces et les conseils pour ce type de plafond blanc.\" \/>\n<meta property=\"og:url\" content=\"https:\/\/echame.fr\/en\/habillage-metallique\/plafonds-metalliques\/quels-sont-les-differents-types-de-plafond-metallique\/pourquoi-les-plafonds-sont-blancs\/\" \/>\n<meta property=\"og:site_name\" content=\"www.echame.fr\" \/>\n<meta property=\"article:publisher\" content=\"https:\/\/www.facebook.com\/echame.linselles\/\" \/>\n<meta property=\"article:modified_time\" content=\"2023-10-01T10:51:18+00:00\" \/>\n<meta property=\"og:image\" content=\"https:\/\/echame.fr\/wp-content\/uploads\/2022\/08\/Coeur-defense-11-640x1280-1.webp\" \/>\n<meta name=\"twitter:card\" content=\"summary_large_image\" \/>\n<meta name=\"twitter:label1\" content=\"Est. reading time\" \/>\n\t<meta name=\"twitter:data1\" content=\"7 minutes\" \/>\n<script type=\"application\/ld+json\" class=\"yoast-schema-graph\">{\"@context\":\"https:\/\/schema.org\",\"@graph\":[{\"@type\":\"WebPage\",\"@id\":\"https:\/\/echame.fr\/en\/habillage-metallique\/plafonds-metalliques\/quels-sont-les-differents-types-de-plafond-metallique\/pourquoi-les-plafonds-sont-blancs\/\",\"url\":\"https:\/\/echame.fr\/en\/habillage-metallique\/plafonds-metalliques\/quels-sont-les-differents-types-de-plafond-metallique\/pourquoi-les-plafonds-sont-blancs\/\",\"name\":\"Pourquoi les plafonds sont blancs ? Echame\",\"isPartOf\":{\"@id\":\"https:\/\/echame.fr\/en\/#website\"},\"primaryImageOfPage\":{\"@id\":\"https:\/\/echame.fr\/en\/habillage-metallique\/plafonds-metalliques\/quels-sont-les-differents-types-de-plafond-metallique\/pourquoi-les-plafonds-sont-blancs\/#primaryimage\"},\"image\":{\"@id\":\"https:\/\/echame.fr\/en\/habillage-metallique\/plafonds-metalliques\/quels-sont-les-differents-types-de-plafond-metallique\/pourquoi-les-plafonds-sont-blancs\/#primaryimage\"},\"thumbnailUrl\":\"https:\/\/echame.fr\/wp-content\/uploads\/2022\/08\/Coeur-defense-11-640x1280-1.webp\",\"datePublished\":\"2022-11-28T10:51:37+00:00\",\"dateModified\":\"2023-10-01T10:51:18+00:00\",\"description\":\"Pourquoi les plafonds sont blancs ? Nous vous d\u00e9taillons les astuces et les conseils pour ce type de plafond blanc.\",\"breadcrumb\":{\"@id\":\"https:\/\/echame.fr\/en\/habillage-metallique\/plafonds-metalliques\/quels-sont-les-differents-types-de-plafond-metallique\/pourquoi-les-plafonds-sont-blancs\/#breadcrumb\"},\"inLanguage\":\"en-US\",\"potentialAction\":[{\"@type\":\"ReadAction\",\"target\":[\"https:\/\/echame.fr\/en\/habillage-metallique\/plafonds-metalliques\/quels-sont-les-differents-types-de-plafond-metallique\/pourquoi-les-plafonds-sont-blancs\/\"]}]},{\"@type\":\"ImageObject\",\"inLanguage\":\"en-US\",\"@id\":\"https:\/\/echame.fr\/en\/habillage-metallique\/plafonds-metalliques\/quels-sont-les-differents-types-de-plafond-metallique\/pourquoi-les-plafonds-sont-blancs\/#primaryimage\",\"url\":\"https:\/\/echame.fr\/wp-content\/uploads\/2022\/08\/Coeur-defense-11-640x1280-1.webp\",\"contentUrl\":\"https:\/\/echame.fr\/wp-content\/uploads\/2022\/08\/Coeur-defense-11-640x1280-1.webp\"},{\"@type\":\"BreadcrumbList\",\"@id\":\"https:\/\/echame.fr\/en\/habillage-metallique\/plafonds-metalliques\/quels-sont-les-differents-types-de-plafond-metallique\/pourquoi-les-plafonds-sont-blancs\/#breadcrumb\",\"itemListElement\":[{\"@type\":\"ListItem\",\"position\":1,\"name\":\"Plafonds, cloisons et habillages m\u00e9tallique\",\"item\":\"https:\/\/echame.fr\/en\/habillage-metallique\/\"},{\"@type\":\"ListItem\",\"position\":2,\"name\":\"metal cladding\",\"item\":\"https:\/\/echame.fr\/en\/habillage-metallique\/\"},{\"@type\":\"ListItem\",\"position\":3,\"name\":\"Plafonds m\u00e9talliques\",\"item\":\"https:\/\/echame.fr\/en\/habillage-metallique\/plafonds-metalliques\/\"},{\"@type\":\"ListItem\",\"position\":4,\"name\":\"Quels sont les diff\u00e9rents types de plafond m\u00e9tallique ?\",\"item\":\"https:\/\/echame.fr\/en\/habillage-metallique\/plafonds-metalliques\/quels-sont-les-differents-types-de-plafond-metallique\/\"},{\"@type\":\"ListItem\",\"position\":5,\"name\":\"Pourquoi les plafonds sont blancs ?\"}]},{\"@type\":\"WebSite\",\"@id\":\"https:\/\/echame.fr\/en\/#website\",\"url\":\"https:\/\/echame.fr\/en\/\",\"name\":\"www.echame.fr\",\"description\":\"Metal for Buildings\",\"publisher\":{\"@id\":\"https:\/\/echame.fr\/en\/#organization\"},\"potentialAction\":[{\"@type\":\"SearchAction\",\"target\":{\"@type\":\"EntryPoint\",\"urlTemplate\":\"https:\/\/echame.fr\/en\/?s={search_term_string}\"},\"query-input\":{\"@type\":\"PropertyValueSpecification\",\"valueRequired\":true,\"valueName\":\"search_term_string\"}}],\"inLanguage\":\"en-US\"},{\"@type\":\"Organization\",\"@id\":\"https:\/\/echame.fr\/en\/#organization\",\"name\":\"Echame\",\"url\":\"https:\/\/echame.fr\/en\/\",\"logo\":{\"@type\":\"ImageObject\",\"inLanguage\":\"en-US\",\"@id\":\"https:\/\/echame.fr\/en\/#\/schema\/logo\/image\/\",\"url\":\"https:\/\/echame.fr\/wp-content\/uploads\/2022\/04\/logo-echame-v2.png\",\"contentUrl\":\"https:\/\/echame.fr\/wp-content\/uploads\/2022\/04\/logo-echame-v2.png\",\"width\":420,\"height\":546,\"caption\":\"Echame\"},\"image\":{\"@id\":\"https:\/\/echame.fr\/en\/#\/schema\/logo\/image\/\"},\"sameAs\":[\"https:\/\/www.facebook.com\/echame.linselles\/\",\"https:\/\/www.linkedin.com\/company\/echame\/\"]}]}<\/script>\n<!-- \/ Yoast SEO plugin. -->","yoast_head_json":{"title":"Pourquoi les plafonds sont blancs ? Echame","description":"Pourquoi les plafonds sont blancs ? Nous vous d\u00e9taillons les astuces et les conseils pour ce type de plafond blanc.","robots":{"index":"index","follow":"follow","max-snippet":"max-snippet:-1","max-image-preview":"max-image-preview:large","max-video-preview":"max-video-preview:-1"},"canonical":"https:\/\/echame.fr\/en\/habillage-metallique\/plafonds-metalliques\/quels-sont-les-differents-types-de-plafond-metallique\/pourquoi-les-plafonds-sont-blancs\/","og_locale":"en_US","og_type":"article","og_title":"Pourquoi les plafonds sont blancs ? Echame","og_description":"Pourquoi les plafonds sont blancs ? Nous vous d\u00e9taillons les astuces et les conseils pour ce type de plafond blanc.","og_url":"https:\/\/echame.fr\/en\/habillage-metallique\/plafonds-metalliques\/quels-sont-les-differents-types-de-plafond-metallique\/pourquoi-les-plafonds-sont-blancs\/","og_site_name":"www.echame.fr","article_publisher":"https:\/\/www.facebook.com\/echame.linselles\/","article_modified_time":"2023-10-01T10:51:18+00:00","og_image":[{"url":"https:\/\/echame.fr\/wp-content\/uploads\/2022\/08\/Coeur-defense-11-640x1280-1.webp"}],"twitter_card":"summary_large_image","twitter_misc":{"Est. reading time":"7 minutes"},"schema":{"@context":"https:\/\/schema.org","@graph":[{"@type":"WebPage","@id":"https:\/\/echame.fr\/en\/habillage-metallique\/plafonds-metalliques\/quels-sont-les-differents-types-de-plafond-metallique\/pourquoi-les-plafonds-sont-blancs\/","url":"https:\/\/echame.fr\/en\/habillage-metallique\/plafonds-metalliques\/quels-sont-les-differents-types-de-plafond-metallique\/pourquoi-les-plafonds-sont-blancs\/","name":"Pourquoi les plafonds sont blancs ? Echame","isPartOf":{"@id":"https:\/\/echame.fr\/en\/#website"},"primaryImageOfPage":{"@id":"https:\/\/echame.fr\/en\/habillage-metallique\/plafonds-metalliques\/quels-sont-les-differents-types-de-plafond-metallique\/pourquoi-les-plafonds-sont-blancs\/#primaryimage"},"image":{"@id":"https:\/\/echame.fr\/en\/habillage-metallique\/plafonds-metalliques\/quels-sont-les-differents-types-de-plafond-metallique\/pourquoi-les-plafonds-sont-blancs\/#primaryimage"},"thumbnailUrl":"https:\/\/echame.fr\/wp-content\/uploads\/2022\/08\/Coeur-defense-11-640x1280-1.webp","datePublished":"2022-11-28T10:51:37+00:00","dateModified":"2023-10-01T10:51:18+00:00","description":"Pourquoi les plafonds sont blancs ? Nous vous d\u00e9taillons les astuces et les conseils pour ce type de plafond blanc.","breadcrumb":{"@id":"https:\/\/echame.fr\/en\/habillage-metallique\/plafonds-metalliques\/quels-sont-les-differents-types-de-plafond-metallique\/pourquoi-les-plafonds-sont-blancs\/#breadcrumb"},"inLanguage":"en-US","potentialAction":[{"@type":"ReadAction","target":["https:\/\/echame.fr\/en\/habillage-metallique\/plafonds-metalliques\/quels-sont-les-differents-types-de-plafond-metallique\/pourquoi-les-plafonds-sont-blancs\/"]}]},{"@type":"ImageObject","inLanguage":"en-US","@id":"https:\/\/echame.fr\/en\/habillage-metallique\/plafonds-metalliques\/quels-sont-les-differents-types-de-plafond-metallique\/pourquoi-les-plafonds-sont-blancs\/#primaryimage","url":"https:\/\/echame.fr\/wp-content\/uploads\/2022\/08\/Coeur-defense-11-640x1280-1.webp","contentUrl":"https:\/\/echame.fr\/wp-content\/uploads\/2022\/08\/Coeur-defense-11-640x1280-1.webp"},{"@type":"BreadcrumbList","@id":"https:\/\/echame.fr\/en\/habillage-metallique\/plafonds-metalliques\/quels-sont-les-differents-types-de-plafond-metallique\/pourquoi-les-plafonds-sont-blancs\/#breadcrumb","itemListElement":[{"@type":"ListItem","position":1,"name":"Plafonds, cloisons et habillages m\u00e9tallique","item":"https:\/\/echame.fr\/en\/habillage-metallique\/"},{"@type":"ListItem","position":2,"name":"metal cladding","item":"https:\/\/echame.fr\/en\/habillage-metallique\/"},{"@type":"ListItem","position":3,"name":"Plafonds m\u00e9talliques","item":"https:\/\/echame.fr\/en\/habillage-metallique\/plafonds-metalliques\/"},{"@type":"ListItem","position":4,"name":"Quels sont les diff\u00e9rents types de plafond m\u00e9tallique ?","item":"https:\/\/echame.fr\/en\/habillage-metallique\/plafonds-metalliques\/quels-sont-les-differents-types-de-plafond-metallique\/"},{"@type":"ListItem","position":5,"name":"Pourquoi les plafonds sont blancs ?"}]},{"@type":"WebSite","@id":"https:\/\/echame.fr\/en\/#website","url":"https:\/\/echame.fr\/en\/","name":"www.echame.fr","description":"Metal for Buildings","publisher":{"@id":"https:\/\/echame.fr\/en\/#organization"},"potentialAction":[{"@type":"SearchAction","target":{"@type":"EntryPoint","urlTemplate":"https:\/\/echame.fr\/en\/?s={search_term_string}"},"query-input":{"@type":"PropertyValueSpecification","valueRequired":true,"valueName":"search_term_string"}}],"inLanguage":"en-US"},{"@type":"Organization","@id":"https:\/\/echame.fr\/en\/#organization","name":"Echame","url":"https:\/\/echame.fr\/en\/","logo":{"@type":"ImageObject","inLanguage":"en-US","@id":"https:\/\/echame.fr\/en\/#\/schema\/logo\/image\/","url":"https:\/\/echame.fr\/wp-content\/uploads\/2022\/04\/logo-echame-v2.png","contentUrl":"https:\/\/echame.fr\/wp-content\/uploads\/2022\/04\/logo-echame-v2.png","width":420,"height":546,"caption":"Echame"},"image":{"@id":"https:\/\/echame.fr\/en\/#\/schema\/logo\/image\/"},"sameAs":["https:\/\/www.facebook.com\/echame.linselles\/","https:\/\/www.linkedin.com\/company\/echame\/"]}]}},"_links":{"self":[{"href":"https:\/\/echame.fr\/en\/wp-json\/wp\/v2\/pages\/6325","targetHints":{"allow":["GET"]}}],"collection":[{"href":"https:\/\/echame.fr\/en\/wp-json\/wp\/v2\/pages"}],"about":[{"href":"https:\/\/echame.fr\/en\/wp-json\/wp\/v2\/types\/page"}],"author":[{"embeddable":true,"href":"https:\/\/echame.fr\/en\/wp-json\/wp\/v2\/users\/1"}],"replies":[{"embeddable":true,"href":"https:\/\/echame.fr\/en\/wp-json\/wp\/v2\/comments?post=6325"}],"version-history":[{"count":0,"href":"https:\/\/echame.fr\/en\/wp-json\/wp\/v2\/pages\/6325\/revisions"}],"up":[{"embeddable":true,"href":"https:\/\/echame.fr\/en\/wp-json\/wp\/v2\/pages\/6321"}],"wp:attachment":[{"href":"https:\/\/echame.fr\/en\/wp-json\/wp\/v2\/media?parent=6325"}],"curies":[{"name":"wp","href":"https:\/\/api.w.org\/{rel}","templated":true}]}}