{"id":6321,"date":"2022-11-18T16:33:40","date_gmt":"2022-11-18T15:33:40","guid":{"rendered":"https:\/\/echame.fr\/habillage-metallique\/plafonds-metalliques\/quels-sont-les-differents-types-de-plafond-metallique\/"},"modified":"2023-10-01T12:50:16","modified_gmt":"2023-10-01T10:50:16","slug":"quels-sont-les-differents-types-de-plafond-metallique","status":"publish","type":"page","link":"https:\/\/echame.fr\/en\/habillage-metallique\/plafonds-metalliques\/quels-sont-les-differents-types-de-plafond-metallique\/","title":{"rendered":"Quels sont les diff\u00e9rents types de plafond m\u00e9tallique ?"},"content":{"rendered":"<p><section id=\"bt_bb_section69e8e188d5978\" class=\"bt_bb_section bt_bb_layout_boxed_1200 bt_bb_vertical_align_top bt_bb_background_overlay_alternate_solid bt_bb_top_spacing_large bt_bb_bottom_spacing_normal bt-dark-skin\"  data-bt-override-class=\"null\"><div class=\"bt_bb_port\"><div class=\"bt_bb_cell\"><div class=\"bt_bb_cell_inner\"><div class=\"bt_bb_row \"  data-bt-override-class=\"{}\"><div class=\"bt_bb_row_holder\" ><div  class=\"bt_bb_column col-xxl-9 col-xl-9 col-xs-12 col-sm-12 col-md-12 col-lg-9 bt_bb_vertical_align_top bt_bb_align_left bt_bb_padding_normal bt_bb_animation_fade_in bt_bb_animation_zoom_out animate\" style=\"; --column-width:9;\" data-width=\"9\" data-bt-override-class=\"{}\"><div class=\"bt_bb_column_content\"><div class=\"bt_bb_column_content_inner\"><header class=\"bt_bb_headline bt_bb_color_scheme_1 bt_bb_dash_top bt_bb_superheadline bt_bb_size_extralarge bt_bb_align_inherit\" style=\"; --headline-primary-color:#ffffff; --headline-secondary-color:#000000;\" data-bt-override-class=\"null\"><div class=\"bt_bb_headline_superheadline_outside\"><span class=\"bt_bb_headline_superheadline\"><span>Plafonds m\u00e9talliques<\/span><\/span><\/div><h1><span class=\"bt_bb_headline_content\"><span>Quels sont les diff\u00e9rents types de plafond m\u00e9tallique ?<span class=\"bt_bb_outline_text bt_bb_outline_text_align_left bt_bb_outline_text_size_400\"><span>Apparente<\/span><\/span><\/span><\/span><\/h1><\/header><div class=\"bt_bb_separator bt_bb_border_style_none bt_bb_bottom_spacing_60\" data-bt-override-class=\"null\"><\/div><\/div><\/div><\/div><div  class=\"bt_bb_column col-xxl-3 col-xl-3 col-xs-12 col-sm-12 col-md-12 col-lg-3 bt_bb_vertical_align_top bt_bb_align_center bt_bb_padding_normal\" style=\"; --column-width:3;\" data-width=\"3\" data-bt-override-class=\"{}\"><div class=\"bt_bb_column_content\"><div class=\"bt_bb_column_content_inner\"><\/div><\/div><\/div><\/div><\/div><\/div><!-- cell_inner --><\/div><!-- cell --><\/div><!-- port --><\/section><section id=\"bt_bb_section69e8e188d5e91\" class=\"bt_bb_section bt_bb_layout_boxed_1200\"  data-bt-override-class=\"null\"><div class=\"bt_bb_port\"><div class=\"bt_bb_cell\"><div class=\"bt_bb_cell_inner\"><div class=\"bt_bb_row \"  data-bt-override-class=\"{}\"><div class=\"bt_bb_row_holder\" ><div  class=\"bt_bb_column col-xxl-12 col-xl-12 col-xs-12 col-sm-12 col-md-12 col-lg-12 bt_bb_vertical_align_top bt_bb_align_left bt_bb_padding_normal\" style=\"; --column-width:12;\" data-width=\"12\" data-bt-override-class=\"{}\"><div class=\"bt_bb_column_content\"><div class=\"bt_bb_column_content_inner\"><div class=\"bt_bb_separator bt_bb_border_style_none bt_bb_bottom_spacing_60\" data-bt-override-class=\"null\"><\/div><div  class=\"bt_bb_text\" ><\/p>\n<p>Le <a href=\"https:\/\/echame.fr\/en\/habillage-metallique\/plafonds-metalliques\/\">plafond m\u00e9tallique<\/a> est une mani\u00e8re ing\u00e9nieuse de cr\u00e9er un espace ouvert et \u00ab zen \u00bb sur un toit ou une terrasse. En effet, la multitude de possibilit\u00e9s qu\u2019offre ce type de plafond permet \u00e0 tous les amoureux d\u2019ext\u00e9rieur d\u2019apporter une touche de design \u00e9pur\u00e9e \u00e0 leur jardin. Les plafonds m\u00e9talliques sont disponibles en plusieurs finitions et couleurs afin de s\u2019adapter au style de chacun et aux d\u00e9sirs les plus fous. Cet article vous en dit plus sur le <strong>choix des diff\u00e9rents types de plafonds m\u00e9talliques<\/strong>.<\/p>\n<p><img fetchpriority=\"high\" decoding=\"async\" class=\"alignnone size-medium wp-image-4227 aligncenter\" src=\"https:\/\/echame.fr\/wp-content\/uploads\/2022\/04\/IMG_0132-640x480.jpg\" alt=\"plafonds m\u00e9talliques\" width=\"640\" height=\"480\" srcset=\"https:\/\/echame.fr\/wp-content\/uploads\/2022\/04\/IMG_0132-640x480.jpg 640w, https:\/\/echame.fr\/wp-content\/uploads\/2022\/04\/IMG_0132-1280x960.jpg 1280w, https:\/\/echame.fr\/wp-content\/uploads\/2022\/04\/IMG_0132-768x576.jpg 768w, https:\/\/echame.fr\/wp-content\/uploads\/2022\/04\/IMG_0132-1536x1152.jpg 1536w, https:\/\/echame.fr\/wp-content\/uploads\/2022\/04\/IMG_0132-2048x1536.jpg 2048w, https:\/\/echame.fr\/wp-content\/uploads\/2022\/04\/IMG_0132-320x240.jpg 320w\" sizes=\"(max-width: 640px) 100vw, 640px\" \/><\/p>\n<h2>1. Les diff\u00e9rents types de plafond m\u00e9tallique<\/h2>\n<p>Le plafond m\u00e9tallique \u00e0 rayures est un plafond en structure carr\u00e9e qui offre une touche plus zen et \u00e9pur\u00e9 \u00e0 votre ext\u00e9rieur. Celui-ci permet de cr\u00e9er une ouverture vers le ciel gr\u00e2ce \u00e0 sa structure en rayures. Le plafond m\u00e9tallique \u00e0 rayures peut \u00eatre install\u00e9 sur une terrasse ou un toit de grande taille gr\u00e2ce son \u00e9paisseur importante. Vous pouvez \u00e9galement installer ce type de plafond sur votre terrasse si elle est tr\u00e8s r\u00e9duite. Le plafond m\u00e9tallique \u00e0 rayures est disponible dans diff\u00e9rents coloris<\/p>\n<h2>2. Les diff\u00e9rents mat\u00e9riaux de plafond<\/h2>\n<p>Le plafond m\u00e9tallique \u00e0 losanges est un plafond en structure carr\u00e9e qui offre une touche plus zen et \u00e9pur\u00e9 \u00e0 votre ext\u00e9rieur. Celui-ci permet de cr\u00e9er une ouverture vers le ciel gr\u00e2ce \u00e0 sa structure en losanges. Le plafond m\u00e9tallique \u00e0 losanges peut \u00eatre install\u00e9 sur une terrasse ou un toit de grande taille gr\u00e2ce son \u00e9paisseur importante. Vous pouvez \u00e9galement installer ce type de plafond sur votre terrasse si elle est tr\u00e8s r\u00e9duite. Le plafond m\u00e9tallique \u00e0 losanges est disponible dans diff\u00e9rents coloris<\/p>\n<h2>3. Les diff\u00e9rents types de pose de plafond<\/h2>\n<p>m\u00e9tallique<\/p>\n<p>Le plafond m\u00e9tallique \u00e0 lattes est un plafond en structure carr\u00e9e qui offre une touche plus zen et \u00e9pur\u00e9 \u00e0 votre ext\u00e9rieur. Celui-ci permet de cr\u00e9er une ouverture vers le ciel gr\u00e2ce \u00e0 sa structure en lattes. Le plafond m\u00e9tallique \u00e0 lattes peut \u00eatre install\u00e9 sur une terrasse ou un toit de grande taille gr\u00e2ce son \u00e9paisseur importante. Vous pouvez \u00e9galement installer ce type de plafond sur votre terrasse si elle est tr\u00e8s r\u00e9duite. Le plafond m\u00e9tallique \u00e0 lattes est disponible dans diff\u00e9rents coloris<\/p>\n<h2>4. Les diff\u00e9rentes finitions de plafond que l\u2019on peut choisir<\/h2>\n<p>Nous vous proposons plusieurs finitions pour vos plafonds en m\u00e9tal. Vous pouvez choisir entre la peinture, la verni ou encore la protection anti-corrosion afin de prot\u00e9ger votre plafond de l\u2019humidit\u00e9 et de l\u2019oxydation.<\/p>\n<p>En cas d\u2019installation sur votre terrasse, vous pouvez \u00e9galement opter pour les finitions qui offrent une protection contre les UV afin de ne pas abimer votre plafond.<\/p>\n<p>Nos plafonds m\u00e9talliques sont disponibles en diff\u00e9rents coloris. Vous avez le choix entre le noir, le blanc, le gris ou encore le rouge.<\/p>\n<h2>Le choix des mat\u00e9riaux pour l\u2019installation de votre plafond m\u00e9tallique<\/h2>\n<p>Vous avez le choix entre divers mat\u00e9riaux diff\u00e9rents pour l\u2019installation de votre plafond m\u00e9tallique. Diff\u00e9rents types de b\u00e2ti sont disponibles sur notre boutique en ligne, nous vous les pr\u00e9sentons ci-dessous. Vous avez \u00e9galement la possibilit\u00e9 de demander un devis gratuit afin de connaitre les tarifs d\u2019installation de votre plafond m\u00e9tallique.<\/p>\n<p>Le b\u00e2ti en aluminium est l\u2019un des mat\u00e9riaux les plus utilis\u00e9s pour la cr\u00e9ation de plafond m\u00e9tallique. En effet, l\u2019aluminium est un mat\u00e9riau r\u00e9sistant \u00e0 la corrosion et tr\u00e8s l\u00e9ger. Il est id\u00e9alement adapt\u00e9 aux plafonds de grandes hauteurs ainsi qu\u2019aux plafonds suspendus. La triple isolation thermique et phonique des plafonds en aluminium permet d\u2019obtenir une meilleure isolation.<\/p>\n<h2>Quelle \u00e9paisseur pour un faux plafond ?<\/h2>\n<p><a href=\"https:\/\/echame.fr\/habillage-metallique\/plafonds-metalliques\/quels-sont-les-differents-types-de-plafond-metallique\/quelle-epaisseur-pour-un-faux-plafond\/\">Quelle \u00e9paisseur pour un faux plafond ?<\/a> Un faux plafond est une cloison qui s&#8217;installe au-dessus des plafonds pour cr\u00e9er un espace suppl\u00e9mentaire. Il est principalement utilis\u00e9 pour stocker des objets, mais aussi pour cr\u00e9er un espace suppl\u00e9mentaire. Si vous \u00eates en train de construire une extension \u00e0 votre maison, vous pouvez utiliser le plafond comme une nouvelle pi\u00e8ce. Ce type d&#8217;espace peut \u00eatre utilis\u00e9 comme un bureau, une chambre d&#8217;amis ou encore un espace de rangement.<\/p>\n<p>Les plafonds peuvent \u00e9galement \u00eatre utilis\u00e9s pour augmenter l&#8217;espace dans une <a class=\"obflink-full\" href=\"https:\/\/cdn.team7-home.com\/fileadmin\/user_upload\/PDF_Download\/Katalog_PDF__s\/Team7-catalogue-le-sommeil-fr.pdf\">chambre \u00e0 coucher<\/a>.<\/p>\n<p>La hauteur du plafond est le premier facteur qui conditionne l&#8217;\u00e9paisseur du plafond. En effet, plus le plafond est haut, plus le faux-plafond devra \u00eatre \u00e9pais pour supporter le poids de la construction. Ainsi, si vous avez un plafond bas (moins de 2 m\u00e8tres de hauteur), vous n&#8217;aurez pas besoin d&#8217;un faux-plafond tr\u00e8s \u00e9pais. De plus, il existe diff\u00e9rents types de plafonds, comme les plafonds suspend.<\/p>\n<h2><\/h2>\n<h2>Pourquoi les plafonds sont blancs ?<\/h2>\n<p><a href=\"https:\/\/echame.fr\/habillage-metallique\/plafonds-metalliques\/quels-sont-les-differents-types-de-plafond-metallique\/pourquoi-les-plafonds-sont-blancs\/\">Pourquoi les plafonds sont blancs ?<\/a> Quel est leur but ? Tout cela vous int\u00e9resse ? Dans un premier temps, c&#8217;est tr\u00e8s simple : c&#8217;est le seul moyen de rendre les plafonds pratiquement invisibles. En r\u00e9alit\u00e9, nous n&#8217;y pr\u00eatons pas attention, mais ils sont tr\u00e8s importants. Ils sont l\u00e0 pour nous prot\u00e9ger, comme la peinture blanche qui recouvre les murs de nos maisons ou de nos bureaux. Ce qui est important \u00e0 retenir, c&#8217;est que le blanc symbolise la puret\u00e9, la fra\u00eecheur et la neutralit\u00e9. Il est donc un symbole de paix et d&#8217;harmonie.<\/p>\n<p>Il repr\u00e9sente \u00e9galement la s\u00e9r\u00e9nit\u00e9, l&#8217;ouverture d&#8217;esprit et la clart\u00e9. Le blanc est \u00e9galement le symbole de la puret\u00e9 et de l&#8217;innocence. Il est aussi utilis\u00e9 pour bannir toute odeur ou toutes traces de salet\u00e9. Enfin, il symbolise la virginit\u00e9, l&#8217;absence de toute souillure, le retour \u00e0 la puret\u00e9 originelle.<\/p>\n<p>Peindre un plafond en blanc peut donc \u00eatre un choix tr\u00e8s judicieux et symbolique. Cela peut \u00e9galement apporter une touche d&#8217;originalit\u00e9 \u00e0 votre pi\u00e8ce.<\/p>\n<h2>Pourquoi faire un faux plafond ?<\/h2>\n<p>Le faux plafond est une bonne solution pour la plupart des gens. En effet, il permet de gagner de l&#8217;espace tout en r\u00e9novant la maison. Mais <a href=\"https:\/\/echame.fr\/habillage-metallique\/plafonds-metalliques\/quels-sont-les-differents-types-de-plafond-metallique\/pourquoi-faire-un-faux-plafond\/\">pourquoi faire un faux plafond ?<\/a> Ces derniers temps, il y a un v\u00e9ritable engouement \u00e0 l&#8217;\u00e9chelle mondiale pour les faux plafonds. Cela est surtout d\u00fb \u00e0 la tendance de voir plus grand ou de d\u00e9corer sa maison, qui a connu une nouvelle vie gr\u00e2ce \u00e0 ce type de r\u00e9novation. Dans certaines maisons, les propri\u00e9taires ont fait installer des faux plafonds dans les chambres d&#8217;enfants en guise de ciel \u00e9toil\u00e9. De cette mani\u00e8re, leurs enfants peuvent imaginer qu&#8217;ils sont dans un espace de r\u00eave et de fantaisie.<\/p>\n<p>Faire un faux plafond sur une pi\u00e8ce est un geste tr\u00e8s po\u00e9tique et qui peut \u00eatre tr\u00e8s joli. Cela demande une r\u00e9flexion tr\u00e8s importante, cela peut-\u00eatre un v\u00e9ritable challenge pour la personne qui veut se lancer dans la r\u00e9alisation d&#8217;un faux plafond.<\/p>\n<h3>A lire \u00e9galement:<\/h3>\n<ul>\n<li><a href=\"https:\/\/echame.fr\/en\/habillage-metallique\/plafonds-metalliques\/quels-materiaux-choisir-pour-faire-un-plafond-metallique\/\"><span class=\"react-editor-token react-editor-text-token\" data-token-id=\"0\">Quels<\/span> <span class=\"react-editor-token react-editor-text-token\" data-token-id=\"2\">mat\u00e9riaux<\/span> <span class=\"react-editor-token react-editor-text-token\" data-token-id=\"4\">choisir<\/span> <span class=\"react-editor-token react-editor-text-token\" data-token-id=\"6\">pour<\/span> <span class=\"react-editor-token react-editor-text-token\" data-token-id=\"8\">faire <\/span>un <span class=\"react-editor-token react-editor-text-token\" data-token-id=\"12\">plafond<\/span> <span class=\"react-editor-token react-editor-text-token\" data-token-id=\"14\">m\u00e9tallique<\/span> <span class=\"react-editor-token react-editor-text-token\" data-token-id=\"16\">?<\/span><\/a><\/li>\n<\/ul>\n<p>\n<\/div><\/div><\/div><\/div><\/div><\/div><\/div><!-- cell_inner --><\/div><!-- cell --><\/div><!-- port --><\/section><\/p>\n","protected":false},"excerpt":{"rendered":"","protected":false},"author":1,"featured_media":0,"parent":6247,"menu_order":0,"comment_status":"closed","ping_status":"closed","template":"","meta":{"footnotes":""},"class_list":["post-6321","page","type-page","status-publish","hentry"],"yoast_head":"<!-- This site is optimized with the Yoast SEO plugin v23.8 - https:\/\/yoast.com\/wordpress\/plugins\/seo\/ -->\n<title>Quels sont les diff\u00e9rents types de plafond m\u00e9tallique ? Echame<\/title>\n<meta name=\"description\" content=\"Quels sont les diff\u00e9rents types de plafond m\u00e9tallique ? Nous vous d\u00e9taillons les astuces et les conseils pour ce type de plafond.\" \/>\n<meta name=\"robots\" content=\"index, follow, max-snippet:-1, max-image-preview:large, max-video-preview:-1\" \/>\n<link rel=\"canonical\" href=\"https:\/\/echame.fr\/en\/habillage-metallique\/plafonds-metalliques\/quels-sont-les-differents-types-de-plafond-metallique\/\" \/>\n<meta property=\"og:locale\" content=\"en_US\" \/>\n<meta property=\"og:type\" content=\"article\" \/>\n<meta property=\"og:title\" content=\"Quels sont les diff\u00e9rents types de plafond m\u00e9tallique ? Echame\" \/>\n<meta property=\"og:description\" content=\"Quels sont les diff\u00e9rents types de plafond m\u00e9tallique ? Nous vous d\u00e9taillons les astuces et les conseils pour ce type de plafond.\" \/>\n<meta property=\"og:url\" content=\"https:\/\/echame.fr\/en\/habillage-metallique\/plafonds-metalliques\/quels-sont-les-differents-types-de-plafond-metallique\/\" \/>\n<meta property=\"og:site_name\" content=\"www.echame.fr\" \/>\n<meta property=\"article:publisher\" content=\"https:\/\/www.facebook.com\/echame.linselles\/\" \/>\n<meta property=\"article:modified_time\" content=\"2023-10-01T10:50:16+00:00\" \/>\n<meta property=\"og:image\" content=\"https:\/\/echame.fr\/wp-content\/uploads\/2022\/04\/IMG_0132-640x480.jpg\" \/>\n<meta name=\"twitter:card\" content=\"summary_large_image\" \/>\n<meta name=\"twitter:label1\" content=\"Est. reading time\" \/>\n\t<meta name=\"twitter:data1\" content=\"7 minutes\" \/>\n<script type=\"application\/ld+json\" class=\"yoast-schema-graph\">{\"@context\":\"https:\/\/schema.org\",\"@graph\":[{\"@type\":\"WebPage\",\"@id\":\"https:\/\/echame.fr\/en\/habillage-metallique\/plafonds-metalliques\/quels-sont-les-differents-types-de-plafond-metallique\/\",\"url\":\"https:\/\/echame.fr\/en\/habillage-metallique\/plafonds-metalliques\/quels-sont-les-differents-types-de-plafond-metallique\/\",\"name\":\"Quels sont les diff\u00e9rents types de plafond m\u00e9tallique ? Echame\",\"isPartOf\":{\"@id\":\"https:\/\/echame.fr\/en\/#website\"},\"primaryImageOfPage\":{\"@id\":\"https:\/\/echame.fr\/en\/habillage-metallique\/plafonds-metalliques\/quels-sont-les-differents-types-de-plafond-metallique\/#primaryimage\"},\"image\":{\"@id\":\"https:\/\/echame.fr\/en\/habillage-metallique\/plafonds-metalliques\/quels-sont-les-differents-types-de-plafond-metallique\/#primaryimage\"},\"thumbnailUrl\":\"https:\/\/echame.fr\/wp-content\/uploads\/2022\/04\/IMG_0132-640x480.jpg\",\"datePublished\":\"2022-11-18T15:33:40+00:00\",\"dateModified\":\"2023-10-01T10:50:16+00:00\",\"description\":\"Quels sont les diff\u00e9rents types de plafond m\u00e9tallique ? Nous vous d\u00e9taillons les astuces et les conseils pour ce type de plafond.\",\"breadcrumb\":{\"@id\":\"https:\/\/echame.fr\/en\/habillage-metallique\/plafonds-metalliques\/quels-sont-les-differents-types-de-plafond-metallique\/#breadcrumb\"},\"inLanguage\":\"en-US\",\"potentialAction\":[{\"@type\":\"ReadAction\",\"target\":[\"https:\/\/echame.fr\/en\/habillage-metallique\/plafonds-metalliques\/quels-sont-les-differents-types-de-plafond-metallique\/\"]}]},{\"@type\":\"ImageObject\",\"inLanguage\":\"en-US\",\"@id\":\"https:\/\/echame.fr\/en\/habillage-metallique\/plafonds-metalliques\/quels-sont-les-differents-types-de-plafond-metallique\/#primaryimage\",\"url\":\"https:\/\/echame.fr\/wp-content\/uploads\/2022\/04\/IMG_0132-640x480.jpg\",\"contentUrl\":\"https:\/\/echame.fr\/wp-content\/uploads\/2022\/04\/IMG_0132-640x480.jpg\"},{\"@type\":\"BreadcrumbList\",\"@id\":\"https:\/\/echame.fr\/en\/habillage-metallique\/plafonds-metalliques\/quels-sont-les-differents-types-de-plafond-metallique\/#breadcrumb\",\"itemListElement\":[{\"@type\":\"ListItem\",\"position\":1,\"name\":\"Plafonds, cloisons et habillages m\u00e9tallique\",\"item\":\"https:\/\/echame.fr\/en\/habillage-metallique\/\"},{\"@type\":\"ListItem\",\"position\":2,\"name\":\"metal cladding\",\"item\":\"https:\/\/echame.fr\/en\/habillage-metallique\/\"},{\"@type\":\"ListItem\",\"position\":3,\"name\":\"Plafonds m\u00e9talliques\",\"item\":\"https:\/\/echame.fr\/en\/habillage-metallique\/plafonds-metalliques\/\"},{\"@type\":\"ListItem\",\"position\":4,\"name\":\"Quels sont les diff\u00e9rents types de plafond m\u00e9tallique ?\"}]},{\"@type\":\"WebSite\",\"@id\":\"https:\/\/echame.fr\/en\/#website\",\"url\":\"https:\/\/echame.fr\/en\/\",\"name\":\"www.echame.fr\",\"description\":\"Metal for Buildings\",\"publisher\":{\"@id\":\"https:\/\/echame.fr\/en\/#organization\"},\"potentialAction\":[{\"@type\":\"SearchAction\",\"target\":{\"@type\":\"EntryPoint\",\"urlTemplate\":\"https:\/\/echame.fr\/en\/?s={search_term_string}\"},\"query-input\":{\"@type\":\"PropertyValueSpecification\",\"valueRequired\":true,\"valueName\":\"search_term_string\"}}],\"inLanguage\":\"en-US\"},{\"@type\":\"Organization\",\"@id\":\"https:\/\/echame.fr\/en\/#organization\",\"name\":\"Echame\",\"url\":\"https:\/\/echame.fr\/en\/\",\"logo\":{\"@type\":\"ImageObject\",\"inLanguage\":\"en-US\",\"@id\":\"https:\/\/echame.fr\/en\/#\/schema\/logo\/image\/\",\"url\":\"https:\/\/echame.fr\/wp-content\/uploads\/2022\/04\/logo-echame-v2.png\",\"contentUrl\":\"https:\/\/echame.fr\/wp-content\/uploads\/2022\/04\/logo-echame-v2.png\",\"width\":420,\"height\":546,\"caption\":\"Echame\"},\"image\":{\"@id\":\"https:\/\/echame.fr\/en\/#\/schema\/logo\/image\/\"},\"sameAs\":[\"https:\/\/www.facebook.com\/echame.linselles\/\",\"https:\/\/www.linkedin.com\/company\/echame\/\"]}]}<\/script>\n<!-- \/ Yoast SEO plugin. -->","yoast_head_json":{"title":"Quels sont les diff\u00e9rents types de plafond m\u00e9tallique ? Echame","description":"Quels sont les diff\u00e9rents types de plafond m\u00e9tallique ? Nous vous d\u00e9taillons les astuces et les conseils pour ce type de plafond.","robots":{"index":"index","follow":"follow","max-snippet":"max-snippet:-1","max-image-preview":"max-image-preview:large","max-video-preview":"max-video-preview:-1"},"canonical":"https:\/\/echame.fr\/en\/habillage-metallique\/plafonds-metalliques\/quels-sont-les-differents-types-de-plafond-metallique\/","og_locale":"en_US","og_type":"article","og_title":"Quels sont les diff\u00e9rents types de plafond m\u00e9tallique ? Echame","og_description":"Quels sont les diff\u00e9rents types de plafond m\u00e9tallique ? Nous vous d\u00e9taillons les astuces et les conseils pour ce type de plafond.","og_url":"https:\/\/echame.fr\/en\/habillage-metallique\/plafonds-metalliques\/quels-sont-les-differents-types-de-plafond-metallique\/","og_site_name":"www.echame.fr","article_publisher":"https:\/\/www.facebook.com\/echame.linselles\/","article_modified_time":"2023-10-01T10:50:16+00:00","og_image":[{"url":"https:\/\/echame.fr\/wp-content\/uploads\/2022\/04\/IMG_0132-640x480.jpg"}],"twitter_card":"summary_large_image","twitter_misc":{"Est. reading time":"7 minutes"},"schema":{"@context":"https:\/\/schema.org","@graph":[{"@type":"WebPage","@id":"https:\/\/echame.fr\/en\/habillage-metallique\/plafonds-metalliques\/quels-sont-les-differents-types-de-plafond-metallique\/","url":"https:\/\/echame.fr\/en\/habillage-metallique\/plafonds-metalliques\/quels-sont-les-differents-types-de-plafond-metallique\/","name":"Quels sont les diff\u00e9rents types de plafond m\u00e9tallique ? Echame","isPartOf":{"@id":"https:\/\/echame.fr\/en\/#website"},"primaryImageOfPage":{"@id":"https:\/\/echame.fr\/en\/habillage-metallique\/plafonds-metalliques\/quels-sont-les-differents-types-de-plafond-metallique\/#primaryimage"},"image":{"@id":"https:\/\/echame.fr\/en\/habillage-metallique\/plafonds-metalliques\/quels-sont-les-differents-types-de-plafond-metallique\/#primaryimage"},"thumbnailUrl":"https:\/\/echame.fr\/wp-content\/uploads\/2022\/04\/IMG_0132-640x480.jpg","datePublished":"2022-11-18T15:33:40+00:00","dateModified":"2023-10-01T10:50:16+00:00","description":"Quels sont les diff\u00e9rents types de plafond m\u00e9tallique ? Nous vous d\u00e9taillons les astuces et les conseils pour ce type de plafond.","breadcrumb":{"@id":"https:\/\/echame.fr\/en\/habillage-metallique\/plafonds-metalliques\/quels-sont-les-differents-types-de-plafond-metallique\/#breadcrumb"},"inLanguage":"en-US","potentialAction":[{"@type":"ReadAction","target":["https:\/\/echame.fr\/en\/habillage-metallique\/plafonds-metalliques\/quels-sont-les-differents-types-de-plafond-metallique\/"]}]},{"@type":"ImageObject","inLanguage":"en-US","@id":"https:\/\/echame.fr\/en\/habillage-metallique\/plafonds-metalliques\/quels-sont-les-differents-types-de-plafond-metallique\/#primaryimage","url":"https:\/\/echame.fr\/wp-content\/uploads\/2022\/04\/IMG_0132-640x480.jpg","contentUrl":"https:\/\/echame.fr\/wp-content\/uploads\/2022\/04\/IMG_0132-640x480.jpg"},{"@type":"BreadcrumbList","@id":"https:\/\/echame.fr\/en\/habillage-metallique\/plafonds-metalliques\/quels-sont-les-differents-types-de-plafond-metallique\/#breadcrumb","itemListElement":[{"@type":"ListItem","position":1,"name":"Plafonds, cloisons et habillages m\u00e9tallique","item":"https:\/\/echame.fr\/en\/habillage-metallique\/"},{"@type":"ListItem","position":2,"name":"metal cladding","item":"https:\/\/echame.fr\/en\/habillage-metallique\/"},{"@type":"ListItem","position":3,"name":"Plafonds m\u00e9talliques","item":"https:\/\/echame.fr\/en\/habillage-metallique\/plafonds-metalliques\/"},{"@type":"ListItem","position":4,"name":"Quels sont les diff\u00e9rents types de plafond m\u00e9tallique ?"}]},{"@type":"WebSite","@id":"https:\/\/echame.fr\/en\/#website","url":"https:\/\/echame.fr\/en\/","name":"www.echame.fr","description":"Metal for Buildings","publisher":{"@id":"https:\/\/echame.fr\/en\/#organization"},"potentialAction":[{"@type":"SearchAction","target":{"@type":"EntryPoint","urlTemplate":"https:\/\/echame.fr\/en\/?s={search_term_string}"},"query-input":{"@type":"PropertyValueSpecification","valueRequired":true,"valueName":"search_term_string"}}],"inLanguage":"en-US"},{"@type":"Organization","@id":"https:\/\/echame.fr\/en\/#organization","name":"Echame","url":"https:\/\/echame.fr\/en\/","logo":{"@type":"ImageObject","inLanguage":"en-US","@id":"https:\/\/echame.fr\/en\/#\/schema\/logo\/image\/","url":"https:\/\/echame.fr\/wp-content\/uploads\/2022\/04\/logo-echame-v2.png","contentUrl":"https:\/\/echame.fr\/wp-content\/uploads\/2022\/04\/logo-echame-v2.png","width":420,"height":546,"caption":"Echame"},"image":{"@id":"https:\/\/echame.fr\/en\/#\/schema\/logo\/image\/"},"sameAs":["https:\/\/www.facebook.com\/echame.linselles\/","https:\/\/www.linkedin.com\/company\/echame\/"]}]}},"_links":{"self":[{"href":"https:\/\/echame.fr\/en\/wp-json\/wp\/v2\/pages\/6321","targetHints":{"allow":["GET"]}}],"collection":[{"href":"https:\/\/echame.fr\/en\/wp-json\/wp\/v2\/pages"}],"about":[{"href":"https:\/\/echame.fr\/en\/wp-json\/wp\/v2\/types\/page"}],"author":[{"embeddable":true,"href":"https:\/\/echame.fr\/en\/wp-json\/wp\/v2\/users\/1"}],"replies":[{"embeddable":true,"href":"https:\/\/echame.fr\/en\/wp-json\/wp\/v2\/comments?post=6321"}],"version-history":[{"count":0,"href":"https:\/\/echame.fr\/en\/wp-json\/wp\/v2\/pages\/6321\/revisions"}],"up":[{"embeddable":true,"href":"https:\/\/echame.fr\/en\/wp-json\/wp\/v2\/pages\/6247"}],"wp:attachment":[{"href":"https:\/\/echame.fr\/en\/wp-json\/wp\/v2\/media?parent=6321"}],"curies":[{"name":"wp","href":"https:\/\/api.w.org\/{rel}","templated":true}]}}