{"id":6315,"date":"2022-11-22T15:09:49","date_gmt":"2022-11-22T14:09:49","guid":{"rendered":"https:\/\/echame.fr\/habillage-metallique\/plafonds-metalliques\/quels-materiaux-choisir-pour-faire-un-plafond-metallique\/quel-type-de-structure-pour-un-plafond-metallique\/"},"modified":"2023-10-01T12:48:29","modified_gmt":"2023-10-01T10:48:29","slug":"quel-type-de-structure-pour-un-plafond-metallique","status":"publish","type":"page","link":"https:\/\/echame.fr\/en\/habillage-metallique\/plafonds-metalliques\/quels-materiaux-choisir-pour-faire-un-plafond-metallique\/quel-type-de-structure-pour-un-plafond-metallique\/","title":{"rendered":"Quel type de structure pour un plafond m\u00e9tallique ?"},"content":{"rendered":"<p><section id=\"bt_bb_section69df3cbd073b2\" class=\"bt_bb_section bt_bb_layout_boxed_1200 bt_bb_vertical_align_top bt_bb_background_overlay_alternate_solid bt_bb_top_spacing_large bt_bb_bottom_spacing_normal bt-dark-skin\"  data-bt-override-class=\"null\"><div class=\"bt_bb_background_image_holder_wrapper\"><div class=\"bt_bb_background_image_holder btLazyLoadBackground\"  data-background_image_src=\"https:\/\/echame.fr\/wp-content\/uploads\/2022\/05\/ref_echame-8.png\" data-parallax-zoom-start=\"1\" data-parallax-zoom-end=\"1\" data-parallax-blur-start=\"0\" data-parallax-blur-end=\"0\" data-parallax-opacity-start=\"1\" data-parallax-opacity-end=\"1\" style=\" background-image: url(&#039;https:\/\/echame.fr\/wp-content\/plugins\/bold-page-builder\/img\/blank.gif&#039;);\"><\/div><\/div><div class=\"bt_bb_port\"><div class=\"bt_bb_cell\"><div class=\"bt_bb_cell_inner\"><div class=\"bt_bb_row \"  data-bt-override-class=\"{}\"><div class=\"bt_bb_row_holder\" ><div  class=\"bt_bb_column col-xxl-8 col-xl-8 col-xs-12 col-sm-12 col-md-12 col-lg-8 bt_bb_vertical_align_top bt_bb_align_left bt_bb_padding_normal bt_bb_animation_fade_in bt_bb_animation_zoom_out animate\" style=\"; --column-width:8;\" data-width=\"8\" data-bt-override-class=\"{}\"><div class=\"bt_bb_column_content\"><div class=\"bt_bb_column_content_inner\"><header class=\"bt_bb_headline bt_bb_color_scheme_1 bt_bb_dash_top bt_bb_superheadline bt_bb_size_extralarge bt_bb_align_inherit\" style=\"; --headline-primary-color:#ffffff; --headline-secondary-color:#000000;\" data-bt-override-class=\"null\"><div class=\"bt_bb_headline_superheadline_outside\"><span class=\"bt_bb_headline_superheadline\"><span>Quel type de structure pour un plafond m\u00e9tallique ?<\/span><\/span><\/div><h1><span class=\"bt_bb_headline_content\"><span>Echame<\/span><\/span><\/h1><\/header><div class=\"bt_bb_separator bt_bb_border_style_none bt_bb_bottom_spacing_60\" data-bt-override-class=\"null\"><\/div><\/div><\/div><\/div><div  class=\"bt_bb_column col-xxl-4 col-xl-4 col-xs-12 col-sm-12 col-md-12 col-lg-4 bt_bb_vertical_align_top bt_bb_align_center bt_bb_padding_normal\" style=\"; --column-width:4;\" data-width=\"4\" data-bt-override-class=\"{}\"><div class=\"bt_bb_column_content\"><div class=\"bt_bb_column_content_inner\"><\/div><\/div><\/div><\/div><\/div><\/div><!-- cell_inner --><\/div><!-- cell --><\/div><!-- port --><\/section><section id=\"bt_bb_section69df3cbd08324\" class=\"bt_bb_section bt_bb_layout_boxed_1200 bt_bb_vertical_align_top bt_bb_top_spacing_100 bt_bb_bottom_spacing_100\" style=\";background-color:rgb(255,255,255);\" data-bt-override-class=\"null\"><div class=\"bt_bb_port\"><div class=\"bt_bb_cell\"><div class=\"bt_bb_cell_inner\"><div class=\"bt_bb_row bt_bb_row_width_boxed_1200 bt_bb_row_width_boxed \"  data-bt-override-class=\"{}\"><div class=\"bt_bb_row_holder\" ><div  class=\"bt_bb_column col-xxl-12 col-xl-12 col-xs-12 col-sm-12 col-md-12 col-lg-12 bt_bb_vertical_align_top bt_bb_align_left bt_bb_padding_normal\" style=\"; --column-width:12;\" data-width=\"12\" data-bt-override-class=\"{}\"><div class=\"bt_bb_column_content\"><div class=\"bt_bb_column_content_inner\"><div  class=\"bt_bb_text\" ><\/p>\n<h1>Quel type de structure pour un plafond m\u00e9tallique\u2009?<\/h1>\n<p>Dans un logement, le plafond fait partie des \u00e9l\u00e9ments les plus importants. C\u2019est en effet, l\u2019\u00e9l\u00e9ment qui garantit une meilleure isolation acoustique et thermique. Mais lors de l\u2019installation d\u2019un plafond en m\u00e9tal, il est important de choisir une structure plus adapt\u00e9e.<\/p>\n<p>En parcourant l\u2019article, vous d\u00e9couvrirez divers sujets, comme quel type de structure pour un plafond m\u00e9tallique\u2009? Ou aussi, quels sont les avantages du plafond m\u00e9tallique\u2009? ou encore, <a href=\"https:\/\/echame.fr\/en\/habillage-metallique\/plafonds-metalliques\/quels-materiaux-choisir-pour-faire-un-plafond-metallique\/\">Quels mat\u00e9riaux choisir pour faire un plafond m\u00e9tallique\u2009?<\/a><\/p>\n<p><img fetchpriority=\"high\" decoding=\"async\" class=\"alignnone size-medium wp-image-4487\" src=\"https:\/\/echame.fr\/wp-content\/uploads\/2022\/08\/echame-15-1280x640-1-640x320.jpg\" alt=\"echame-15-1280x640\" width=\"640\" height=\"320\" srcset=\"https:\/\/echame.fr\/wp-content\/uploads\/2022\/08\/echame-15-1280x640-1-640x320.jpg 640w, https:\/\/echame.fr\/wp-content\/uploads\/2022\/08\/echame-15-1280x640-1-768x384.jpg 768w, https:\/\/echame.fr\/wp-content\/uploads\/2022\/08\/echame-15-1280x640-1-320x160.jpg 320w, https:\/\/echame.fr\/wp-content\/uploads\/2022\/08\/echame-15-1280x640-1.jpg 1280w\" sizes=\"(max-width: 640px) 100vw, 640px\" \/><\/p>\n<h2>Plafond m\u00e9tallique, quel type d\u2019ossature choisir\u2009?<\/h2>\n<p>La mise en place d\u2019un plafond m\u00e9tallique vous permet d\u2019\u00e9viter certains travaux qui s\u2019av\u00e8rent tr\u00e8s co\u00fbteux. Et dans la plupart des cas, combin\u00e9 \u00e0 l\u2019isolement du plafond, il vous offre l\u2019occasion de profiter d\u2019appuis budg\u00e9taires dans l\u2019id\u00e9e d\u2019un changement \u00e9nerg\u00e9tique. C\u2019est \u00e9galement une issue pour les vieilles habitations avec une hauteur de plafond assez \u00e9lev\u00e9e.<\/p>\n<p>Outre, le plafond m\u00e9tallique dissimule les diverses tuyauteries, l\u2019isolant, ainsi que les c\u00e2bles \u00e9lectriques, et permet \u00e9galement l\u2019installation des \u00e9clairages LED.<\/p>\n<p>La plupart des plafonds en m\u00e9tal sont souvent install\u00e9s sur une structure m\u00e9tallique, d\u2019autres sur une structure en bois, ou directement sur le plafond existant. Pour vous \u00e9clairer sur le sujet, voici quelques types de structure pour plafond m\u00e9tallique.<\/p>\n<p>Pour les plafonds m\u00e9talliques suspendus, l\u2019id\u00e9al est d\u2019opter pour une structure suspendue sur laquelle vous pouvez fixer directement vos panneaux. Cependant, si vous avez choisi d\u2019installer des plafonds m\u00e9talliques autoportants, il vous est vivement recommand\u00e9 d\u2019opter pour une structure soutenue par les murs, \u00e0 la dissemblance d\u2019un plafond m\u00e9tallique suspendu.<\/p>\n<p>Enfin, si vous optez pour un plafond m\u00e9tallique tendu, opter pour une structure sur mesure install\u00e9e sur une toile et sur les murs, nomm\u00e9e velum, est un choix tr\u00e8s judicieux.<\/p>\n<p>En fonction du mat\u00e9riau qui compose les plaques, il est possible d\u2019opter entre l\u2019acier, l\u2019aluminium, le bois ou encore le PVC pour la r\u00e9alisation de votre structure.<\/p>\n<h2>Quels mat\u00e9riaux choisir pour faire un plafond m\u00e9tallique\u2009?<\/h2>\n<p>Le fondement du plafond m\u00e9tallique est de le placer directement \u00e0 la structure porteuse, qui peut \u00eatre le plafond existant, une ossature en m\u00e9tal, ou en bois dot\u00e9 de rails, \u00e0 l\u2019aide de suspentes.<\/p>\n<p>Le privil\u00e8ge est que le plafond en m\u00e9tal est tr\u00e8s facile \u00e0 d\u00e9monter et est appr\u00e9ci\u00e9 pour ses caract\u00e9ristiques sonores et thermiques, et cela, peu importe la mati\u00e8re qui le compose. Pour faire un plafond m\u00e9tallique, vous disposez d\u2019un grand nombre de mat\u00e9riaux.<\/p>\n<p>\u2022 <strong>L\u2019alu composite<\/strong> : obtenu par l\u2019assemblage de feuilles d\u2019aluminium et de lames de r\u00e9sine, ce type de plafond est disponible en diff\u00e9rentes colories ordinaires avec des finitions mates ou brillantes.<\/p>\n<p>Gr\u00e2ce \u00e0 son aspect propre, le plafond en aluminium composite est tr\u00e8s facile \u00e0 entretenir. C\u2019est \u00e9galement un mat\u00e9riau tr\u00e8s r\u00e9sistant et enti\u00e8rement recyclable.<\/p>\n<p>\u2022 <strong>L\u2019aluminium<\/strong> : obtenu par la composition de plusieurs feuilles d\u2019aluminium, ce type de mat\u00e9riau affiche une surface lisse et charg\u00e9e. Amplement r\u00e9sistant, le plafond en aluminium conserve son aspect d\u2019origine sans \u00eatre entretenu r\u00e9guli\u00e8rement, et cela m\u00eame apr\u00e8s de nombreuses ann\u00e9es.<\/p>\n<p>\u2022 <strong>Le zinc<\/strong> : dans le cadre d\u2019une r\u00e9novation, le zinc se trouve \u00eatre la solution la plus adapt\u00e9e, et cela, \u00e0 cause de son apparence inimitable et de sa durabilit\u00e9. Le zinc fait partie des mat\u00e9riaux r\u00e9sistants, faciles d\u2019entretien et durables.<\/p>\n<p>\u2022 <strong>L\u2019inox<\/strong> : gr\u00e2ce \u00e0 une finition bross\u00e9e ou polie, l\u2019inox fait partie des mati\u00e8res haut de gamme, r\u00e9sistantes et \u00e9l\u00e9gantes. En plus d\u2019\u00eatre r\u00e9sistant \u00e0 l\u2019incendie, l\u2019inox est \u00e9galement un mat\u00e9riau capable de r\u00e9sister contre l\u2019humidit\u00e9.<\/p>\n<h2>Plafonds en m\u00e9tal : pour quels avantages\u2009?<\/h2>\n<p>Mettre en place un plafond en m\u00e9tal est une option qui propose un grand nombre de privil\u00e8ges autant en mati\u00e8re d\u2019utilit\u00e9 que d\u2019esth\u00e9tique.<\/p>\n<p>\u2022 <strong>Une mati\u00e8re de qualit\u00e9<\/strong> : le plafond en m\u00e9tal dot\u00e9 de plaques en inox ou en alu poss\u00e8de des sp\u00e9cificit\u00e9s techniques tr\u00e8s attrayantes. Ce type de plafond est tr\u00e8s \u00e9tanche, durable dans la p\u00e9riode et difficile \u00e0 alt\u00e9rer.<\/p>\n<p>Les plaques ou autres panneaux plafond qui composent le plafond offrent l\u2019occasion de renforcer toute la structure m\u00e9tallique. En plus de cela, le plafond en m\u00e9tal est r\u00e9sistant aux chocs et autres atteintes pendant tout son temps.<\/p>\n<p>\u2022 <strong>Une propri\u00e9t\u00e9 d\u2019isolation efficace<\/strong> : le plafond en m\u00e9tal est plus appropri\u00e9 pour les b\u00e2timents ouverts au public. Le plafond m\u00e9tallique est l\u2019issue la plus ad\u00e9quate si vous d\u00e9sirez profiter d\u2019une excellente isolation phonique et thermique.<\/p>\n<p>Effectivement, dans ce type de b\u00e2timent, le niveau sonore est suffisamment haut en raison de la quantit\u00e9 d\u2019individus par m\u00e8tre carr\u00e9. Pour le confort de chaque personne, il est essentiel d\u2019assurer une certaine aisance auditive de meilleure qualit\u00e9.<\/p>\n<p>Le plafond en m\u00e9tal respecte exactement ce principe en proposant des prouesses d\u2019isolation et de r\u00e9duction sonore. Diminuez vos soucis acoustiques gr\u00e2ce \u00e0 la pose d\u2019un plafond dot\u00e9 de plaques ou de panneaux m\u00e9talliques.<\/p>\n<p>\u2022 <strong>Une mati\u00e8re esth\u00e9tique et design<\/strong> : bien que le plafond m\u00e9tallique soit moins utilis\u00e9 dans la construction de maisons individuelles, il propose une apparence moderne accomplie avec son style tr\u00e8s propre.<\/p>\n<p>Cette raison fait du plafond m\u00e9tallique, le choix privil\u00e9gi\u00e9 pour les \u00e9tablissements qui re\u00e7oivent du public, comme les centres commerciaux, les restaurants \u00e9l\u00e9gants, les mus\u00e9es et autres b\u00e2timents chics. Les panneaux de plafond en m\u00e9tal proposent une touche styl\u00e9e de haute cat\u00e9gorie.<\/p>\n<p>Les plafonds en m\u00e9tal peuvent \u00e9galement \u00eatre con\u00e7us en diverses finitions pour les harmoniser parfaitement \u00e0 son environnement. Ainsi, vous d\u00e9couvrirez sur march\u00e9 des plafonds m\u00e9talliques lisses, laqu\u00e9s, mats ou encore bross\u00e9s.<\/p>\n<p>\u2022 <strong>Une mati\u00e8re enti\u00e8rement personnalisable<\/strong> : les plafonds en plaques inox ou aluminium sont 100 % personnalisables. Ainsi, les plaques pour plafond en m\u00e9tal peuvent accueillir les \u00e9clairages LED, la mati\u00e8re d\u2019isolation compl\u00e9mentaire et leur aspect peut aussi \u00eatre individualis\u00e9 selon votre envie.<\/p>\n<p>Il est aussi possible d\u2019y installer divers \u00e9quipements comme des haut-parleurs, le syst\u00e8me de climatisation, le chauffage et bien d\u2019autres encore, avec des dimensions personnalis\u00e9es. De ce fait, votre plafond en m\u00e9tal peut \u00eatre enti\u00e8rement fabriqu\u00e9 en fonction de votre d\u00e9sir et de l\u2019atmosph\u00e8re de votre int\u00e9rieur.<\/p>\n<h3>A lire \u00e9galement:<\/h3>\n<ul>\n<li><a href=\"https:\/\/echame.fr\/habillage-metallique\/plafonds-metalliques\/quels-materiaux-choisir-pour-faire-un-plafond-metallique\/quelle-epaisseur-disolant-pour-un-plafond-metallique\/\"><span class=\"bt_bb_headline_superheadline\">Quelle \u00e9paisseur d&#8217;isolant pour un plafond m\u00e9tallique ?<\/span><\/a><\/li>\n<li><a href=\"https:\/\/echame.fr\/habillage-metallique\/plafonds-metalliques\/quels-materiaux-choisir-pour-faire-un-plafond-metallique\/quelle-materiaux-pour-un-faux-plafond-metallique\/\"><span class=\"bt_bb_headline_superheadline\">Quelle mat\u00e9riaux pour un faux plafond m\u00e9tallique ?<\/span><\/a><\/li>\n<\/ul>\n<p>\n<\/div><div class=\"bt_bb_separator bt_bb_border_style_none bt_bb_bottom_spacing_60 bt_bb_hidden_xs bt_bb_hidden_ms bt_bb_hidden_sm\" data-bt-override-class=\"null\"><\/div><\/div><\/div><\/div><\/div><\/div><\/div><!-- cell_inner --><\/div><!-- cell --><\/div><!-- port --><\/section><\/p>\n","protected":false},"excerpt":{"rendered":"","protected":false},"author":1,"featured_media":0,"parent":6313,"menu_order":0,"comment_status":"closed","ping_status":"closed","template":"","meta":{"footnotes":""},"class_list":["post-6315","page","type-page","status-publish","hentry"],"yoast_head":"<!-- This site is optimized with the Yoast SEO plugin v23.8 - https:\/\/yoast.com\/wordpress\/plugins\/seo\/ -->\n<title>Quel type de structure pour un plafond m\u00e9tallique ? Echame<\/title>\n<meta name=\"description\" content=\"Quel type de structure pour un plafond m\u00e9tallique ? Echame vous conseille sur le choix des mat\u00e9riaux pour un plafond m\u00e9tallique.\" \/>\n<meta name=\"robots\" content=\"index, follow, max-snippet:-1, max-image-preview:large, max-video-preview:-1\" \/>\n<link rel=\"canonical\" href=\"https:\/\/echame.fr\/en\/habillage-metallique\/plafonds-metalliques\/quels-materiaux-choisir-pour-faire-un-plafond-metallique\/quel-type-de-structure-pour-un-plafond-metallique\/\" \/>\n<meta property=\"og:locale\" content=\"en_US\" \/>\n<meta property=\"og:type\" content=\"article\" \/>\n<meta property=\"og:title\" content=\"Quel type de structure pour un plafond m\u00e9tallique ? Echame\" \/>\n<meta property=\"og:description\" content=\"Quel type de structure pour un plafond m\u00e9tallique ? Echame vous conseille sur le choix des mat\u00e9riaux pour un plafond m\u00e9tallique.\" \/>\n<meta property=\"og:url\" content=\"https:\/\/echame.fr\/en\/habillage-metallique\/plafonds-metalliques\/quels-materiaux-choisir-pour-faire-un-plafond-metallique\/quel-type-de-structure-pour-un-plafond-metallique\/\" \/>\n<meta property=\"og:site_name\" content=\"www.echame.fr\" \/>\n<meta property=\"article:publisher\" content=\"https:\/\/www.facebook.com\/echame.linselles\/\" \/>\n<meta property=\"article:modified_time\" content=\"2023-10-01T10:48:29+00:00\" \/>\n<meta property=\"og:image\" content=\"https:\/\/echame.fr\/wp-content\/uploads\/2022\/08\/echame-15-1280x640-1-640x320.jpg\" \/>\n<meta name=\"twitter:card\" content=\"summary_large_image\" \/>\n<meta name=\"twitter:label1\" content=\"Est. reading time\" \/>\n\t<meta name=\"twitter:data1\" content=\"7 minutes\" \/>\n<script type=\"application\/ld+json\" class=\"yoast-schema-graph\">{\"@context\":\"https:\/\/schema.org\",\"@graph\":[{\"@type\":\"WebPage\",\"@id\":\"https:\/\/echame.fr\/en\/habillage-metallique\/plafonds-metalliques\/quels-materiaux-choisir-pour-faire-un-plafond-metallique\/quel-type-de-structure-pour-un-plafond-metallique\/\",\"url\":\"https:\/\/echame.fr\/en\/habillage-metallique\/plafonds-metalliques\/quels-materiaux-choisir-pour-faire-un-plafond-metallique\/quel-type-de-structure-pour-un-plafond-metallique\/\",\"name\":\"Quel type de structure pour un plafond m\u00e9tallique ? Echame\",\"isPartOf\":{\"@id\":\"https:\/\/echame.fr\/en\/#website\"},\"primaryImageOfPage\":{\"@id\":\"https:\/\/echame.fr\/en\/habillage-metallique\/plafonds-metalliques\/quels-materiaux-choisir-pour-faire-un-plafond-metallique\/quel-type-de-structure-pour-un-plafond-metallique\/#primaryimage\"},\"image\":{\"@id\":\"https:\/\/echame.fr\/en\/habillage-metallique\/plafonds-metalliques\/quels-materiaux-choisir-pour-faire-un-plafond-metallique\/quel-type-de-structure-pour-un-plafond-metallique\/#primaryimage\"},\"thumbnailUrl\":\"https:\/\/echame.fr\/wp-content\/uploads\/2022\/08\/echame-15-1280x640-1-640x320.jpg\",\"datePublished\":\"2022-11-22T14:09:49+00:00\",\"dateModified\":\"2023-10-01T10:48:29+00:00\",\"description\":\"Quel type de structure pour un plafond m\u00e9tallique ? Echame vous conseille sur le choix des mat\u00e9riaux pour un plafond m\u00e9tallique.\",\"breadcrumb\":{\"@id\":\"https:\/\/echame.fr\/en\/habillage-metallique\/plafonds-metalliques\/quels-materiaux-choisir-pour-faire-un-plafond-metallique\/quel-type-de-structure-pour-un-plafond-metallique\/#breadcrumb\"},\"inLanguage\":\"en-US\",\"potentialAction\":[{\"@type\":\"ReadAction\",\"target\":[\"https:\/\/echame.fr\/en\/habillage-metallique\/plafonds-metalliques\/quels-materiaux-choisir-pour-faire-un-plafond-metallique\/quel-type-de-structure-pour-un-plafond-metallique\/\"]}]},{\"@type\":\"ImageObject\",\"inLanguage\":\"en-US\",\"@id\":\"https:\/\/echame.fr\/en\/habillage-metallique\/plafonds-metalliques\/quels-materiaux-choisir-pour-faire-un-plafond-metallique\/quel-type-de-structure-pour-un-plafond-metallique\/#primaryimage\",\"url\":\"https:\/\/echame.fr\/wp-content\/uploads\/2022\/08\/echame-15-1280x640-1-640x320.jpg\",\"contentUrl\":\"https:\/\/echame.fr\/wp-content\/uploads\/2022\/08\/echame-15-1280x640-1-640x320.jpg\"},{\"@type\":\"BreadcrumbList\",\"@id\":\"https:\/\/echame.fr\/en\/habillage-metallique\/plafonds-metalliques\/quels-materiaux-choisir-pour-faire-un-plafond-metallique\/quel-type-de-structure-pour-un-plafond-metallique\/#breadcrumb\",\"itemListElement\":[{\"@type\":\"ListItem\",\"position\":1,\"name\":\"Plafonds, cloisons et habillages m\u00e9tallique\",\"item\":\"https:\/\/echame.fr\/en\/habillage-metallique\/\"},{\"@type\":\"ListItem\",\"position\":2,\"name\":\"metal cladding\",\"item\":\"https:\/\/echame.fr\/en\/habillage-metallique\/\"},{\"@type\":\"ListItem\",\"position\":3,\"name\":\"Plafonds m\u00e9talliques\",\"item\":\"https:\/\/echame.fr\/en\/habillage-metallique\/plafonds-metalliques\/\"},{\"@type\":\"ListItem\",\"position\":4,\"name\":\"Quels mat\u00e9riaux choisir pour faire un plafond m\u00e9tallique ?\",\"item\":\"https:\/\/echame.fr\/en\/habillage-metallique\/plafonds-metalliques\/quels-materiaux-choisir-pour-faire-un-plafond-metallique\/\"},{\"@type\":\"ListItem\",\"position\":5,\"name\":\"Quel type de structure pour un plafond m\u00e9tallique ?\"}]},{\"@type\":\"WebSite\",\"@id\":\"https:\/\/echame.fr\/en\/#website\",\"url\":\"https:\/\/echame.fr\/en\/\",\"name\":\"www.echame.fr\",\"description\":\"Metal for Buildings\",\"publisher\":{\"@id\":\"https:\/\/echame.fr\/en\/#organization\"},\"potentialAction\":[{\"@type\":\"SearchAction\",\"target\":{\"@type\":\"EntryPoint\",\"urlTemplate\":\"https:\/\/echame.fr\/en\/?s={search_term_string}\"},\"query-input\":{\"@type\":\"PropertyValueSpecification\",\"valueRequired\":true,\"valueName\":\"search_term_string\"}}],\"inLanguage\":\"en-US\"},{\"@type\":\"Organization\",\"@id\":\"https:\/\/echame.fr\/en\/#organization\",\"name\":\"Echame\",\"url\":\"https:\/\/echame.fr\/en\/\",\"logo\":{\"@type\":\"ImageObject\",\"inLanguage\":\"en-US\",\"@id\":\"https:\/\/echame.fr\/en\/#\/schema\/logo\/image\/\",\"url\":\"https:\/\/echame.fr\/wp-content\/uploads\/2022\/04\/logo-echame-v2.png\",\"contentUrl\":\"https:\/\/echame.fr\/wp-content\/uploads\/2022\/04\/logo-echame-v2.png\",\"width\":420,\"height\":546,\"caption\":\"Echame\"},\"image\":{\"@id\":\"https:\/\/echame.fr\/en\/#\/schema\/logo\/image\/\"},\"sameAs\":[\"https:\/\/www.facebook.com\/echame.linselles\/\",\"https:\/\/www.linkedin.com\/company\/echame\/\"]}]}<\/script>\n<!-- \/ Yoast SEO plugin. -->","yoast_head_json":{"title":"Quel type de structure pour un plafond m\u00e9tallique ? Echame","description":"Quel type de structure pour un plafond m\u00e9tallique ? Echame vous conseille sur le choix des mat\u00e9riaux pour un plafond m\u00e9tallique.","robots":{"index":"index","follow":"follow","max-snippet":"max-snippet:-1","max-image-preview":"max-image-preview:large","max-video-preview":"max-video-preview:-1"},"canonical":"https:\/\/echame.fr\/en\/habillage-metallique\/plafonds-metalliques\/quels-materiaux-choisir-pour-faire-un-plafond-metallique\/quel-type-de-structure-pour-un-plafond-metallique\/","og_locale":"en_US","og_type":"article","og_title":"Quel type de structure pour un plafond m\u00e9tallique ? Echame","og_description":"Quel type de structure pour un plafond m\u00e9tallique ? Echame vous conseille sur le choix des mat\u00e9riaux pour un plafond m\u00e9tallique.","og_url":"https:\/\/echame.fr\/en\/habillage-metallique\/plafonds-metalliques\/quels-materiaux-choisir-pour-faire-un-plafond-metallique\/quel-type-de-structure-pour-un-plafond-metallique\/","og_site_name":"www.echame.fr","article_publisher":"https:\/\/www.facebook.com\/echame.linselles\/","article_modified_time":"2023-10-01T10:48:29+00:00","og_image":[{"url":"https:\/\/echame.fr\/wp-content\/uploads\/2022\/08\/echame-15-1280x640-1-640x320.jpg"}],"twitter_card":"summary_large_image","twitter_misc":{"Est. reading time":"7 minutes"},"schema":{"@context":"https:\/\/schema.org","@graph":[{"@type":"WebPage","@id":"https:\/\/echame.fr\/en\/habillage-metallique\/plafonds-metalliques\/quels-materiaux-choisir-pour-faire-un-plafond-metallique\/quel-type-de-structure-pour-un-plafond-metallique\/","url":"https:\/\/echame.fr\/en\/habillage-metallique\/plafonds-metalliques\/quels-materiaux-choisir-pour-faire-un-plafond-metallique\/quel-type-de-structure-pour-un-plafond-metallique\/","name":"Quel type de structure pour un plafond m\u00e9tallique ? Echame","isPartOf":{"@id":"https:\/\/echame.fr\/en\/#website"},"primaryImageOfPage":{"@id":"https:\/\/echame.fr\/en\/habillage-metallique\/plafonds-metalliques\/quels-materiaux-choisir-pour-faire-un-plafond-metallique\/quel-type-de-structure-pour-un-plafond-metallique\/#primaryimage"},"image":{"@id":"https:\/\/echame.fr\/en\/habillage-metallique\/plafonds-metalliques\/quels-materiaux-choisir-pour-faire-un-plafond-metallique\/quel-type-de-structure-pour-un-plafond-metallique\/#primaryimage"},"thumbnailUrl":"https:\/\/echame.fr\/wp-content\/uploads\/2022\/08\/echame-15-1280x640-1-640x320.jpg","datePublished":"2022-11-22T14:09:49+00:00","dateModified":"2023-10-01T10:48:29+00:00","description":"Quel type de structure pour un plafond m\u00e9tallique ? Echame vous conseille sur le choix des mat\u00e9riaux pour un plafond m\u00e9tallique.","breadcrumb":{"@id":"https:\/\/echame.fr\/en\/habillage-metallique\/plafonds-metalliques\/quels-materiaux-choisir-pour-faire-un-plafond-metallique\/quel-type-de-structure-pour-un-plafond-metallique\/#breadcrumb"},"inLanguage":"en-US","potentialAction":[{"@type":"ReadAction","target":["https:\/\/echame.fr\/en\/habillage-metallique\/plafonds-metalliques\/quels-materiaux-choisir-pour-faire-un-plafond-metallique\/quel-type-de-structure-pour-un-plafond-metallique\/"]}]},{"@type":"ImageObject","inLanguage":"en-US","@id":"https:\/\/echame.fr\/en\/habillage-metallique\/plafonds-metalliques\/quels-materiaux-choisir-pour-faire-un-plafond-metallique\/quel-type-de-structure-pour-un-plafond-metallique\/#primaryimage","url":"https:\/\/echame.fr\/wp-content\/uploads\/2022\/08\/echame-15-1280x640-1-640x320.jpg","contentUrl":"https:\/\/echame.fr\/wp-content\/uploads\/2022\/08\/echame-15-1280x640-1-640x320.jpg"},{"@type":"BreadcrumbList","@id":"https:\/\/echame.fr\/en\/habillage-metallique\/plafonds-metalliques\/quels-materiaux-choisir-pour-faire-un-plafond-metallique\/quel-type-de-structure-pour-un-plafond-metallique\/#breadcrumb","itemListElement":[{"@type":"ListItem","position":1,"name":"Plafonds, cloisons et habillages m\u00e9tallique","item":"https:\/\/echame.fr\/en\/habillage-metallique\/"},{"@type":"ListItem","position":2,"name":"metal cladding","item":"https:\/\/echame.fr\/en\/habillage-metallique\/"},{"@type":"ListItem","position":3,"name":"Plafonds m\u00e9talliques","item":"https:\/\/echame.fr\/en\/habillage-metallique\/plafonds-metalliques\/"},{"@type":"ListItem","position":4,"name":"Quels mat\u00e9riaux choisir pour faire un plafond m\u00e9tallique ?","item":"https:\/\/echame.fr\/en\/habillage-metallique\/plafonds-metalliques\/quels-materiaux-choisir-pour-faire-un-plafond-metallique\/"},{"@type":"ListItem","position":5,"name":"Quel type de structure pour un plafond m\u00e9tallique ?"}]},{"@type":"WebSite","@id":"https:\/\/echame.fr\/en\/#website","url":"https:\/\/echame.fr\/en\/","name":"www.echame.fr","description":"Metal for Buildings","publisher":{"@id":"https:\/\/echame.fr\/en\/#organization"},"potentialAction":[{"@type":"SearchAction","target":{"@type":"EntryPoint","urlTemplate":"https:\/\/echame.fr\/en\/?s={search_term_string}"},"query-input":{"@type":"PropertyValueSpecification","valueRequired":true,"valueName":"search_term_string"}}],"inLanguage":"en-US"},{"@type":"Organization","@id":"https:\/\/echame.fr\/en\/#organization","name":"Echame","url":"https:\/\/echame.fr\/en\/","logo":{"@type":"ImageObject","inLanguage":"en-US","@id":"https:\/\/echame.fr\/en\/#\/schema\/logo\/image\/","url":"https:\/\/echame.fr\/wp-content\/uploads\/2022\/04\/logo-echame-v2.png","contentUrl":"https:\/\/echame.fr\/wp-content\/uploads\/2022\/04\/logo-echame-v2.png","width":420,"height":546,"caption":"Echame"},"image":{"@id":"https:\/\/echame.fr\/en\/#\/schema\/logo\/image\/"},"sameAs":["https:\/\/www.facebook.com\/echame.linselles\/","https:\/\/www.linkedin.com\/company\/echame\/"]}]}},"_links":{"self":[{"href":"https:\/\/echame.fr\/en\/wp-json\/wp\/v2\/pages\/6315","targetHints":{"allow":["GET"]}}],"collection":[{"href":"https:\/\/echame.fr\/en\/wp-json\/wp\/v2\/pages"}],"about":[{"href":"https:\/\/echame.fr\/en\/wp-json\/wp\/v2\/types\/page"}],"author":[{"embeddable":true,"href":"https:\/\/echame.fr\/en\/wp-json\/wp\/v2\/users\/1"}],"replies":[{"embeddable":true,"href":"https:\/\/echame.fr\/en\/wp-json\/wp\/v2\/comments?post=6315"}],"version-history":[{"count":0,"href":"https:\/\/echame.fr\/en\/wp-json\/wp\/v2\/pages\/6315\/revisions"}],"up":[{"embeddable":true,"href":"https:\/\/echame.fr\/en\/wp-json\/wp\/v2\/pages\/6313"}],"wp:attachment":[{"href":"https:\/\/echame.fr\/en\/wp-json\/wp\/v2\/media?parent=6315"}],"curies":[{"name":"wp","href":"https:\/\/api.w.org\/{rel}","templated":true}]}}