{"id":6313,"date":"2022-11-16T16:27:57","date_gmt":"2022-11-16T15:27:57","guid":{"rendered":"https:\/\/echame.fr\/habillage-metallique\/plafonds-metalliques\/quels-materiaux-choisir-pour-faire-un-plafond-metallique\/"},"modified":"2023-11-09T15:43:53","modified_gmt":"2023-11-09T14:43:53","slug":"quels-materiaux-choisir-pour-faire-un-plafond-metallique","status":"publish","type":"page","link":"https:\/\/echame.fr\/en\/habillage-metallique\/plafonds-metalliques\/quels-materiaux-choisir-pour-faire-un-plafond-metallique\/","title":{"rendered":"Quels mat\u00e9riaux choisir pour faire un plafond m\u00e9tallique ?"},"content":{"rendered":"<p><section id=\"bt_bb_section69e6723e836a2\" class=\"bt_bb_section bt_bb_layout_boxed_1200 bt_bb_vertical_align_top bt_bb_background_overlay_alternate_solid bt_bb_top_spacing_large bt_bb_bottom_spacing_normal bt-dark-skin\"  data-bt-override-class=\"null\"><div class=\"bt_bb_background_image_holder_wrapper\"><div class=\"bt_bb_background_image_holder btLazyLoadBackground\"  data-background_image_src=\"https:\/\/echame.fr\/wp-content\/uploads\/2022\/05\/ref_echame-8.png\" data-parallax-zoom-start=\"1\" data-parallax-zoom-end=\"1\" data-parallax-blur-start=\"0\" data-parallax-blur-end=\"0\" data-parallax-opacity-start=\"1\" data-parallax-opacity-end=\"1\" style=\" background-image: url(&#039;https:\/\/echame.fr\/wp-content\/plugins\/bold-page-builder\/img\/blank.gif&#039;);\"><\/div><\/div><div class=\"bt_bb_port\"><div class=\"bt_bb_cell\"><div class=\"bt_bb_cell_inner\"><div class=\"bt_bb_row \"  data-bt-override-class=\"{}\"><div class=\"bt_bb_row_holder\" ><div  class=\"bt_bb_column col-xxl-8 col-xl-8 col-xs-12 col-sm-12 col-md-12 col-lg-8 bt_bb_vertical_align_top bt_bb_align_left bt_bb_padding_normal bt_bb_animation_fade_in bt_bb_animation_zoom_out animate\" style=\"; --column-width:8;\" data-width=\"8\" data-bt-override-class=\"{}\"><div class=\"bt_bb_column_content\"><div class=\"bt_bb_column_content_inner\"><header data-bb-version=\"4.7.2\" class=\"bt_bb_headline bt_bb_color_scheme_1 bt_bb_dash_top bt_bb_superheadline bt_bb_size_extralarge bt_bb_align_inherit\" style=\"; --headline-primary-color:#ffffff; --headline-secondary-color:#000000;\" data-bt-override-class=\"{&quot;bt_bb_size_&quot;:{&quot;current_class&quot;:&quot;bt_bb_size_extralarge&quot;,&quot;xxl&quot;:&quot;extralarge&quot;},&quot;bt_bb_align_&quot;:{&quot;current_class&quot;:&quot;bt_bb_align_inherit&quot;,&quot;xxl&quot;:&quot;inherit&quot;}}\"><div class=\"bt_bb_headline_superheadline_outside\"><span class=\"bt_bb_headline_superheadline\"><span>What materials should I choose for a metal ceiling ?<\/span><\/span><\/div><h1><span class=\"bt_bb_headline_content\"><span>Echame<\/span><\/span><\/h1><\/header><div class=\"bt_bb_separator bt_bb_border_style_none bt_bb_bottom_spacing_60\" data-bt-override-class=\"null\"><\/div><\/div><\/div><\/div><div  class=\"bt_bb_column col-xxl-4 col-xl-4 col-xs-12 col-sm-12 col-md-12 col-lg-4 bt_bb_vertical_align_top bt_bb_align_center bt_bb_padding_normal\" style=\"; --column-width:4;\" data-width=\"4\" data-bt-override-class=\"{}\"><div class=\"bt_bb_column_content\"><div class=\"bt_bb_column_content_inner\"><\/div><\/div><\/div><\/div><\/div><\/div><!-- cell_inner --><\/div><!-- cell --><\/div><!-- port --><\/section><section id=\"bt_bb_section69e6723e8402d\" class=\"bt_bb_section bt_bb_layout_boxed_1200 bt_bb_vertical_align_top bt_bb_top_spacing_100 bt_bb_bottom_spacing_100\" style=\";background-color:rgb(255,255,255);\" data-bt-override-class=\"null\"><div class=\"bt_bb_port\"><div class=\"bt_bb_cell\"><div class=\"bt_bb_cell_inner\"><div class=\"bt_bb_row bt_bb_row_width_boxed_1200 bt_bb_row_width_boxed \"  data-bt-override-class=\"{}\"><div class=\"bt_bb_row_holder\" ><div  class=\"bt_bb_column col-xxl-12 col-xl-12 col-xs-12 col-sm-12 col-md-12 col-lg-12 bt_bb_vertical_align_top bt_bb_align_left bt_bb_padding_normal\" style=\"; --column-width:12;\" data-width=\"12\" data-bt-override-class=\"{}\"><div class=\"bt_bb_column_content\"><div class=\"bt_bb_column_content_inner\"><div  class=\"bt_bb_text\" ><\/p>\n<h1>What materials should I choose for a metal ceiling?<\/h1>\n<p>More efficient and solid, <a href=\"https:\/\/echame.fr\/en\/habillage-metallique\/plafonds-metalliques\/\">metal ceilings<\/a> are today&#8217;s alternative to conventional ceilings. Individuals and professionals alike prefer them for their modern, stylish and practical benefits.<\/p>\n<p><img fetchpriority=\"high\" decoding=\"async\" class=\"aligncenter wp-image-4230 size-large\" src=\"https:\/\/echame.fr\/wp-content\/uploads\/2022\/04\/IMG_2222-1280x960.jpg\" alt=\"plafond m\u00e9tallique\" width=\"1200\" height=\"900\" srcset=\"https:\/\/echame.fr\/wp-content\/uploads\/2022\/04\/IMG_2222-1280x960.jpg 1280w, https:\/\/echame.fr\/wp-content\/uploads\/2022\/04\/IMG_2222-640x480.jpg 640w, https:\/\/echame.fr\/wp-content\/uploads\/2022\/04\/IMG_2222-768x576.jpg 768w, https:\/\/echame.fr\/wp-content\/uploads\/2022\/04\/IMG_2222-1536x1152.jpg 1536w, https:\/\/echame.fr\/wp-content\/uploads\/2022\/04\/IMG_2222-2048x1536.jpg 2048w, https:\/\/echame.fr\/wp-content\/uploads\/2022\/04\/IMG_2222-320x240.jpg 320w\" sizes=\"(max-width: 1200px) 100vw, 1200px\" \/><\/p>\n<p>Today, there&#8217;s a wide range of metal ceilings on the market. In most cases, they are made from metals such as steel, aluminum or expanded metal. Depending on the component with which the ceiling is constructed, we can find various types of design and configuration. Among the countless models available, here are a few samples.<\/p>\n<h2>The linear metal ceiling<\/h2>\n<p>This is a type of ceiling that, once installed, offers a smooth, pleasing appearance. It is installed using aluminum blades with chamfered edges. For a perfect finish, we combine 3 widths together (75, 150 and 225 mm). In this way, the direction of the panels remains less visible, providing the desired look. Also, the materials used in its design are made from 90% recycled materials.<\/p>\n<h2>The metal ceiling<\/h2>\n<p>It&#8217;s also a product made from 100% recyclable materials, including mostly recycled aluminum. Once installed, the CCA linear ceiling presents a breathtaking 3D effect. Even more so when installed using the multi-blade system. With dimensions of 15, 39 or 64 mm in height, it can cover the entire ceiling surface. Apart from that, it offers optimum comfort, including excellent acoustics and ideal heat exchange.<\/p>\n<h2>The metal ceiling<\/h2>\n<p>Sturdiness is the perfect word to describe the 70U linear ceiling. They are designed using steel or aluminum with square edges measuring 70 mm wide. Visually, they accentuate the linear, directional effect of a room. Although strong and sturdy, the blades and clips are easy to dismantle. What&#8217;s more, 70U carriers are highly versatile materials that can be used for a wide range of constructions.<\/p>\n<h2>The BACS metal ceiling<\/h2>\n<p>Economical and elegant, these are the main advantages of this type of metal ceiling. With its 300 mm-thick, 6-metre-long blades, the effect is directly reminiscent of a more distinguished look. In concrete terms, it&#8217;s a ceiling with a smooth, closed appearance. What&#8217;s more, installation requires fewer joints, considerably reducing the cost of the work. And yet, the aesthetic appeal remains intact, even with lower-cost installation.<\/p>\n<h2>Metal ceiling baffle<\/h2>\n<p>Made from steel or aluminum, these <a href=\"https:\/\/www.hunterdouglasdam.eu\/m\/4464f335c8130817\/original\/Brochure-technique-Tavola-Baffle-fr-FR.pdf\">tavola metal ceilings<\/a> bring a touch of modernity to any room. Both the height and level of the partitions are variable, allowing for creative visual relief. Another special feature is the ease with which it can be installed and dismantled. This is mainly due to its very light weight. You&#8217;ll have easy access to fixtures and other equipment in the plenum. Depending on your needs, there are several sizes available, with profile widths of 20, 30, 40 and 50 mm, and heights ranging from 50 to 300 mm.<\/p>\n<h2>The open ceiling<\/h2>\n<p>Made from high-quality aluminum, open ceilings come in a variety of modules, heights and configurations. They are ideal for rooms requiring visual reduction in their design. Even with a closed appearance, they distribute daylight and artificial light ideally. For maintenance and modification of the plenum, the blocking and blade clips can be easily removed.<\/p>\n<h2>The curved ceiling<\/h2>\n<p>Design and style, the 84R curved ceiling is a real eye-catcher once installed. In fact, it can be installed in corrugated, concave or convex form, creating a multi-level aesthetic. With the right finish, the result is truly futuristic. It&#8217;s based on a suspension with a hidden carrier, helping to apprehend the visual with the curve of the panel. Depending on the ceiling surface in the chosen room, blades are available made-to-measure.<\/p>\n<h2>What thickness of insulation ?<\/h2>\n<p><a href=\"https:\/\/echame.fr\/plafond-cloison-habillage-metallique\/plafonds-metalliques\/quels-materiaux-choisir-pour-faire-un-plafond-metallique\/quelle-epaisseur-disolant-pour-un-plafond-metallique\/\">How thick should the insulation be for a metal ceiling ?<\/a> The recommendations are generally that the thermal resistance of the insulation should not exceed \u00bc of that of the insulating complex. But for precise, correct work, it&#8217;s advisable to entrust this insulation work to professionals. You&#8217;ll avoid damaging the work, especially as metal ceilings need to be handled properly.<\/p>\n<h2>What type of structure for a metal ceiling ?<\/h2>\n<p>Today, almost any structure can be fitted with a metal ceiling. Public buildings, schools, airports, businesses, shopping malls, bus and train stations and hospitals &#8211; they can all be fitted. <a href=\"https:\/\/echame.fr\/habillage-metallique\/plafonds-metalliques\/quels-materiaux-choisir-pour-faire-un-plafond-metallique\/quel-type-de-structure-pour-un-plafond-metallique\/\">What type of structure for a metal ceiling ?<\/a> This varies according to a number of criteria, such as the type of construction (open, closed, etc.), the desired acoustic effects or visual rendering. For public spaces, for example, it&#8217;s a good idea to install soundproof ceilings. For healthcare establishments, a temperature-controlled ceiling is a must.<\/p>\n<h2>What materials are required for a metal false ceiling ?<\/h2>\n<p>For a trendy, designer ceiling, <a href=\"https:\/\/echame.fr\/habillage-metallique\/plafonds-metalliques\/quels-materiaux-choisir-pour-faire-un-plafond-metallique\/quelle-materiaux-pour-un-faux-plafond-metallique\/\">which materials should be used for a metal false ceiling ?<\/a> First, there&#8217;s metal. They&#8217;re more durable, with a modern, contemporary look. Then there are those made from plasterboard. These are the most popular because of their adaptability to all types of construction. Perfect for damp rooms, PVC false ceilings are an effective alternative for their resistance. Finally, we have those designed with wainscoting, the type of which depends on the desired ambience.<\/p>\n<p><a class=\"btn_contact\" href=\"https:\/\/echame.fr\/en\/habillage-metallique\/contact\/\"><strong>Une question\u00a0: Contactez-nous.<\/strong><\/a><\/p>\n<p>\n<\/div><div class=\"bt_bb_separator bt_bb_border_style_none bt_bb_bottom_spacing_60 bt_bb_hidden_xs bt_bb_hidden_ms bt_bb_hidden_sm\" data-bt-override-class=\"null\"><\/div><\/div><\/div><\/div><\/div><\/div><\/div><!-- cell_inner --><\/div><!-- cell --><\/div><!-- port --><\/section><\/p>\n","protected":false},"excerpt":{"rendered":"","protected":false},"author":1,"featured_media":0,"parent":6247,"menu_order":0,"comment_status":"closed","ping_status":"closed","template":"","meta":{"footnotes":""},"class_list":["post-6313","page","type-page","status-publish","hentry"],"yoast_head":"<!-- This site is optimized with the Yoast SEO plugin v23.8 - https:\/\/yoast.com\/wordpress\/plugins\/seo\/ -->\n<title>Quels mat\u00e9riaux choisir pour faire un plafond m\u00e9tallique ? Echame<\/title>\n<meta name=\"description\" content=\"Echame vous aide dans votre projet de b\u00e2timent et sur quels mat\u00e9riaux choisir pour faire un plafond m\u00e9tallique.\" \/>\n<meta name=\"robots\" content=\"index, follow, max-snippet:-1, max-image-preview:large, max-video-preview:-1\" \/>\n<link rel=\"canonical\" href=\"https:\/\/echame.fr\/en\/habillage-metallique\/plafonds-metalliques\/quels-materiaux-choisir-pour-faire-un-plafond-metallique\/\" \/>\n<meta property=\"og:locale\" content=\"en_US\" \/>\n<meta property=\"og:type\" content=\"article\" \/>\n<meta property=\"og:title\" content=\"Quels mat\u00e9riaux choisir pour faire un plafond m\u00e9tallique ? Echame\" \/>\n<meta property=\"og:description\" content=\"Echame vous aide dans votre projet de b\u00e2timent et sur quels mat\u00e9riaux choisir pour faire un plafond m\u00e9tallique.\" \/>\n<meta property=\"og:url\" content=\"https:\/\/echame.fr\/en\/habillage-metallique\/plafonds-metalliques\/quels-materiaux-choisir-pour-faire-un-plafond-metallique\/\" \/>\n<meta property=\"og:site_name\" content=\"www.echame.fr\" \/>\n<meta property=\"article:publisher\" content=\"https:\/\/www.facebook.com\/echame.linselles\/\" \/>\n<meta property=\"article:modified_time\" content=\"2023-11-09T14:43:53+00:00\" \/>\n<meta property=\"og:image\" content=\"https:\/\/echame.fr\/wp-content\/uploads\/2022\/04\/IMG_2222-1280x960.jpg\" \/>\n<meta name=\"twitter:card\" content=\"summary_large_image\" \/>\n<meta name=\"twitter:label1\" content=\"Est. reading time\" \/>\n\t<meta name=\"twitter:data1\" content=\"6 minutes\" \/>\n<script type=\"application\/ld+json\" class=\"yoast-schema-graph\">{\"@context\":\"https:\/\/schema.org\",\"@graph\":[{\"@type\":\"WebPage\",\"@id\":\"https:\/\/echame.fr\/en\/habillage-metallique\/plafonds-metalliques\/quels-materiaux-choisir-pour-faire-un-plafond-metallique\/\",\"url\":\"https:\/\/echame.fr\/en\/habillage-metallique\/plafonds-metalliques\/quels-materiaux-choisir-pour-faire-un-plafond-metallique\/\",\"name\":\"Quels mat\u00e9riaux choisir pour faire un plafond m\u00e9tallique ? Echame\",\"isPartOf\":{\"@id\":\"https:\/\/echame.fr\/en\/#website\"},\"primaryImageOfPage\":{\"@id\":\"https:\/\/echame.fr\/en\/habillage-metallique\/plafonds-metalliques\/quels-materiaux-choisir-pour-faire-un-plafond-metallique\/#primaryimage\"},\"image\":{\"@id\":\"https:\/\/echame.fr\/en\/habillage-metallique\/plafonds-metalliques\/quels-materiaux-choisir-pour-faire-un-plafond-metallique\/#primaryimage\"},\"thumbnailUrl\":\"https:\/\/echame.fr\/wp-content\/uploads\/2022\/04\/IMG_2222-1280x960.jpg\",\"datePublished\":\"2022-11-16T15:27:57+00:00\",\"dateModified\":\"2023-11-09T14:43:53+00:00\",\"description\":\"Echame vous aide dans votre projet de b\u00e2timent et sur quels mat\u00e9riaux choisir pour faire un plafond m\u00e9tallique.\",\"breadcrumb\":{\"@id\":\"https:\/\/echame.fr\/en\/habillage-metallique\/plafonds-metalliques\/quels-materiaux-choisir-pour-faire-un-plafond-metallique\/#breadcrumb\"},\"inLanguage\":\"en-US\",\"potentialAction\":[{\"@type\":\"ReadAction\",\"target\":[\"https:\/\/echame.fr\/en\/habillage-metallique\/plafonds-metalliques\/quels-materiaux-choisir-pour-faire-un-plafond-metallique\/\"]}]},{\"@type\":\"ImageObject\",\"inLanguage\":\"en-US\",\"@id\":\"https:\/\/echame.fr\/en\/habillage-metallique\/plafonds-metalliques\/quels-materiaux-choisir-pour-faire-un-plafond-metallique\/#primaryimage\",\"url\":\"https:\/\/echame.fr\/wp-content\/uploads\/2022\/04\/IMG_2222-1280x960.jpg\",\"contentUrl\":\"https:\/\/echame.fr\/wp-content\/uploads\/2022\/04\/IMG_2222-1280x960.jpg\"},{\"@type\":\"BreadcrumbList\",\"@id\":\"https:\/\/echame.fr\/en\/habillage-metallique\/plafonds-metalliques\/quels-materiaux-choisir-pour-faire-un-plafond-metallique\/#breadcrumb\",\"itemListElement\":[{\"@type\":\"ListItem\",\"position\":1,\"name\":\"Plafonds, cloisons et habillages m\u00e9tallique\",\"item\":\"https:\/\/echame.fr\/en\/habillage-metallique\/\"},{\"@type\":\"ListItem\",\"position\":2,\"name\":\"metal cladding\",\"item\":\"https:\/\/echame.fr\/en\/habillage-metallique\/\"},{\"@type\":\"ListItem\",\"position\":3,\"name\":\"Plafonds m\u00e9talliques\",\"item\":\"https:\/\/echame.fr\/en\/habillage-metallique\/plafonds-metalliques\/\"},{\"@type\":\"ListItem\",\"position\":4,\"name\":\"Quels mat\u00e9riaux choisir pour faire un plafond m\u00e9tallique ?\"}]},{\"@type\":\"WebSite\",\"@id\":\"https:\/\/echame.fr\/en\/#website\",\"url\":\"https:\/\/echame.fr\/en\/\",\"name\":\"www.echame.fr\",\"description\":\"Metal for Buildings\",\"publisher\":{\"@id\":\"https:\/\/echame.fr\/en\/#organization\"},\"potentialAction\":[{\"@type\":\"SearchAction\",\"target\":{\"@type\":\"EntryPoint\",\"urlTemplate\":\"https:\/\/echame.fr\/en\/?s={search_term_string}\"},\"query-input\":{\"@type\":\"PropertyValueSpecification\",\"valueRequired\":true,\"valueName\":\"search_term_string\"}}],\"inLanguage\":\"en-US\"},{\"@type\":\"Organization\",\"@id\":\"https:\/\/echame.fr\/en\/#organization\",\"name\":\"Echame\",\"url\":\"https:\/\/echame.fr\/en\/\",\"logo\":{\"@type\":\"ImageObject\",\"inLanguage\":\"en-US\",\"@id\":\"https:\/\/echame.fr\/en\/#\/schema\/logo\/image\/\",\"url\":\"https:\/\/echame.fr\/wp-content\/uploads\/2022\/04\/logo-echame-v2.png\",\"contentUrl\":\"https:\/\/echame.fr\/wp-content\/uploads\/2022\/04\/logo-echame-v2.png\",\"width\":420,\"height\":546,\"caption\":\"Echame\"},\"image\":{\"@id\":\"https:\/\/echame.fr\/en\/#\/schema\/logo\/image\/\"},\"sameAs\":[\"https:\/\/www.facebook.com\/echame.linselles\/\",\"https:\/\/www.linkedin.com\/company\/echame\/\"]}]}<\/script>\n<!-- \/ Yoast SEO plugin. -->","yoast_head_json":{"title":"Quels mat\u00e9riaux choisir pour faire un plafond m\u00e9tallique ? Echame","description":"Echame vous aide dans votre projet de b\u00e2timent et sur quels mat\u00e9riaux choisir pour faire un plafond m\u00e9tallique.","robots":{"index":"index","follow":"follow","max-snippet":"max-snippet:-1","max-image-preview":"max-image-preview:large","max-video-preview":"max-video-preview:-1"},"canonical":"https:\/\/echame.fr\/en\/habillage-metallique\/plafonds-metalliques\/quels-materiaux-choisir-pour-faire-un-plafond-metallique\/","og_locale":"en_US","og_type":"article","og_title":"Quels mat\u00e9riaux choisir pour faire un plafond m\u00e9tallique ? Echame","og_description":"Echame vous aide dans votre projet de b\u00e2timent et sur quels mat\u00e9riaux choisir pour faire un plafond m\u00e9tallique.","og_url":"https:\/\/echame.fr\/en\/habillage-metallique\/plafonds-metalliques\/quels-materiaux-choisir-pour-faire-un-plafond-metallique\/","og_site_name":"www.echame.fr","article_publisher":"https:\/\/www.facebook.com\/echame.linselles\/","article_modified_time":"2023-11-09T14:43:53+00:00","og_image":[{"url":"https:\/\/echame.fr\/wp-content\/uploads\/2022\/04\/IMG_2222-1280x960.jpg"}],"twitter_card":"summary_large_image","twitter_misc":{"Est. reading time":"6 minutes"},"schema":{"@context":"https:\/\/schema.org","@graph":[{"@type":"WebPage","@id":"https:\/\/echame.fr\/en\/habillage-metallique\/plafonds-metalliques\/quels-materiaux-choisir-pour-faire-un-plafond-metallique\/","url":"https:\/\/echame.fr\/en\/habillage-metallique\/plafonds-metalliques\/quels-materiaux-choisir-pour-faire-un-plafond-metallique\/","name":"Quels mat\u00e9riaux choisir pour faire un plafond m\u00e9tallique ? Echame","isPartOf":{"@id":"https:\/\/echame.fr\/en\/#website"},"primaryImageOfPage":{"@id":"https:\/\/echame.fr\/en\/habillage-metallique\/plafonds-metalliques\/quels-materiaux-choisir-pour-faire-un-plafond-metallique\/#primaryimage"},"image":{"@id":"https:\/\/echame.fr\/en\/habillage-metallique\/plafonds-metalliques\/quels-materiaux-choisir-pour-faire-un-plafond-metallique\/#primaryimage"},"thumbnailUrl":"https:\/\/echame.fr\/wp-content\/uploads\/2022\/04\/IMG_2222-1280x960.jpg","datePublished":"2022-11-16T15:27:57+00:00","dateModified":"2023-11-09T14:43:53+00:00","description":"Echame vous aide dans votre projet de b\u00e2timent et sur quels mat\u00e9riaux choisir pour faire un plafond m\u00e9tallique.","breadcrumb":{"@id":"https:\/\/echame.fr\/en\/habillage-metallique\/plafonds-metalliques\/quels-materiaux-choisir-pour-faire-un-plafond-metallique\/#breadcrumb"},"inLanguage":"en-US","potentialAction":[{"@type":"ReadAction","target":["https:\/\/echame.fr\/en\/habillage-metallique\/plafonds-metalliques\/quels-materiaux-choisir-pour-faire-un-plafond-metallique\/"]}]},{"@type":"ImageObject","inLanguage":"en-US","@id":"https:\/\/echame.fr\/en\/habillage-metallique\/plafonds-metalliques\/quels-materiaux-choisir-pour-faire-un-plafond-metallique\/#primaryimage","url":"https:\/\/echame.fr\/wp-content\/uploads\/2022\/04\/IMG_2222-1280x960.jpg","contentUrl":"https:\/\/echame.fr\/wp-content\/uploads\/2022\/04\/IMG_2222-1280x960.jpg"},{"@type":"BreadcrumbList","@id":"https:\/\/echame.fr\/en\/habillage-metallique\/plafonds-metalliques\/quels-materiaux-choisir-pour-faire-un-plafond-metallique\/#breadcrumb","itemListElement":[{"@type":"ListItem","position":1,"name":"Plafonds, cloisons et habillages m\u00e9tallique","item":"https:\/\/echame.fr\/en\/habillage-metallique\/"},{"@type":"ListItem","position":2,"name":"metal cladding","item":"https:\/\/echame.fr\/en\/habillage-metallique\/"},{"@type":"ListItem","position":3,"name":"Plafonds m\u00e9talliques","item":"https:\/\/echame.fr\/en\/habillage-metallique\/plafonds-metalliques\/"},{"@type":"ListItem","position":4,"name":"Quels mat\u00e9riaux choisir pour faire un plafond m\u00e9tallique ?"}]},{"@type":"WebSite","@id":"https:\/\/echame.fr\/en\/#website","url":"https:\/\/echame.fr\/en\/","name":"www.echame.fr","description":"Metal for Buildings","publisher":{"@id":"https:\/\/echame.fr\/en\/#organization"},"potentialAction":[{"@type":"SearchAction","target":{"@type":"EntryPoint","urlTemplate":"https:\/\/echame.fr\/en\/?s={search_term_string}"},"query-input":{"@type":"PropertyValueSpecification","valueRequired":true,"valueName":"search_term_string"}}],"inLanguage":"en-US"},{"@type":"Organization","@id":"https:\/\/echame.fr\/en\/#organization","name":"Echame","url":"https:\/\/echame.fr\/en\/","logo":{"@type":"ImageObject","inLanguage":"en-US","@id":"https:\/\/echame.fr\/en\/#\/schema\/logo\/image\/","url":"https:\/\/echame.fr\/wp-content\/uploads\/2022\/04\/logo-echame-v2.png","contentUrl":"https:\/\/echame.fr\/wp-content\/uploads\/2022\/04\/logo-echame-v2.png","width":420,"height":546,"caption":"Echame"},"image":{"@id":"https:\/\/echame.fr\/en\/#\/schema\/logo\/image\/"},"sameAs":["https:\/\/www.facebook.com\/echame.linselles\/","https:\/\/www.linkedin.com\/company\/echame\/"]}]}},"_links":{"self":[{"href":"https:\/\/echame.fr\/en\/wp-json\/wp\/v2\/pages\/6313","targetHints":{"allow":["GET"]}}],"collection":[{"href":"https:\/\/echame.fr\/en\/wp-json\/wp\/v2\/pages"}],"about":[{"href":"https:\/\/echame.fr\/en\/wp-json\/wp\/v2\/types\/page"}],"author":[{"embeddable":true,"href":"https:\/\/echame.fr\/en\/wp-json\/wp\/v2\/users\/1"}],"replies":[{"embeddable":true,"href":"https:\/\/echame.fr\/en\/wp-json\/wp\/v2\/comments?post=6313"}],"version-history":[{"count":0,"href":"https:\/\/echame.fr\/en\/wp-json\/wp\/v2\/pages\/6313\/revisions"}],"up":[{"embeddable":true,"href":"https:\/\/echame.fr\/en\/wp-json\/wp\/v2\/pages\/6247"}],"wp:attachment":[{"href":"https:\/\/echame.fr\/en\/wp-json\/wp\/v2\/media?parent=6313"}],"curies":[{"name":"wp","href":"https:\/\/api.w.org\/{rel}","templated":true}]}}