{"id":6251,"date":"2022-04-11T15:01:50","date_gmt":"2022-04-11T13:01:50","guid":{"rendered":"https:\/\/echame.fr\/habillage-metallique\/plafonds-metalliques\/bacs-metalliques-autoportants-sur-ossature-apparente\/"},"modified":"2023-11-10T12:49:36","modified_gmt":"2023-11-10T11:49:36","slug":"bacs-metalliques-autoportants-sur-ossature-apparente","status":"publish","type":"page","link":"https:\/\/echame.fr\/en\/habillage-metallique\/plafonds-metalliques\/bacs-metalliques-autoportants-sur-ossature-apparente\/","title":{"rendered":"Les bacs autoportants sur ossature apparente"},"content":{"rendered":"<p><section id=\"bt_bb_section69d7410f27a43\" class=\"bt_bb_section bt_bb_layout_boxed_1200 bt_bb_vertical_align_top bt_bb_background_overlay_alternate_solid bt_bb_top_spacing_large bt_bb_bottom_spacing_normal bt-dark-skin\"  data-bt-override-class=\"null\"><div class=\"bt_bb_port\"><div class=\"bt_bb_cell\"><div class=\"bt_bb_cell_inner\"><div class=\"bt_bb_row \"  data-bt-override-class=\"{}\"><div class=\"bt_bb_row_holder\" ><div  class=\"bt_bb_column col-xxl-9 col-xl-9 col-xs-12 col-sm-12 col-md-12 col-lg-9 bt_bb_vertical_align_top bt_bb_align_left bt_bb_padding_normal bt_bb_animation_fade_in bt_bb_animation_zoom_out animate\" style=\"; --column-width:9;\" data-width=\"9\" data-bt-override-class=\"{}\"><div class=\"bt_bb_column_content\"><div class=\"bt_bb_column_content_inner\"><header data-bb-version=\"4.6.1\" class=\"bt_bb_headline bt_bb_color_scheme_1 bt_bb_dash_top bt_bb_superheadline bt_bb_size_extralarge bt_bb_align_inherit\" style=\"; --headline-primary-color:#ffffff; --headline-secondary-color:#000000;\" data-bt-override-class=\"{&quot;bt_bb_size_&quot;:{&quot;current_class&quot;:&quot;bt_bb_size_extralarge&quot;,&quot;xxl&quot;:&quot;extralarge&quot;},&quot;bt_bb_align_&quot;:{&quot;current_class&quot;:&quot;bt_bb_align_inherit&quot;,&quot;xxl&quot;:&quot;inherit&quot;}}\"><div class=\"bt_bb_headline_superheadline_outside\"><span class=\"bt_bb_headline_superheadline\"><span>Metal ceilings<\/span><\/span><\/div><h1><span class=\"bt_bb_headline_content\"><span>Self-supporting metal trays on exposed framework<span class=\"bt_bb_outline_text bt_bb_outline_text_align_left bt_bb_outline_text_size_400\"><span>Apparent<\/span><\/span><\/span><\/span><\/h1><\/header><div class=\"bt_bb_separator bt_bb_border_style_none bt_bb_bottom_spacing_60\" data-bt-override-class=\"null\"><\/div><\/div><\/div><\/div><div  class=\"bt_bb_column col-xxl-3 col-xl-3 col-xs-12 col-sm-12 col-md-12 col-lg-3 bt_bb_vertical_align_top bt_bb_align_center bt_bb_padding_normal\" style=\"; --column-width:3;\" data-width=\"3\" data-bt-override-class=\"{}\"><div class=\"bt_bb_column_content\"><div class=\"bt_bb_column_content_inner\"><\/div><\/div><\/div><\/div><\/div><\/div><!-- cell_inner --><\/div><!-- cell --><\/div><!-- port --><\/section><section id=\"bt_bb_section69d7410f287d8\" class=\"bt_bb_section bt_bb_layout_boxed_1200 bt_bb_vertical_align_top bt_bb_top_spacing_100 bt_bb_bottom_spacing_100\" style=\";background-color:#f1f1f1;\" data-bt-override-class=\"null\"><div class=\"bt_bb_port\"><div class=\"bt_bb_cell\"><div class=\"bt_bb_cell_inner\"><div class=\"bt_bb_row bt_bb_row_width_boxed_1200 bt_bb_row_width_boxed \"  data-bt-override-class=\"{}\"><div class=\"bt_bb_row_holder\" ><div  class=\"bt_bb_column col-xxl-12 col-xl-12 col-xs-12 col-sm-12 col-md-12 col-lg-12 bt_bb_vertical_align_top bt_bb_align_left bt_bb_padding_normal\" style=\"; --column-width:12;\" data-width=\"12\" data-bt-override-class=\"{}\"><div class=\"bt_bb_column_content\"><div class=\"bt_bb_column_content_inner\"><header data-bb-version=\"4.6.1\" class=\"bt_bb_headline bt_bb_dash_top bt_bb_size_normal bt_bb_align_inherit\" style=\";color:rgb(40,99,151);border-color:rgb(40,99,151);\" data-bt-override-class=\"{&quot;bt_bb_size_&quot;:{&quot;current_class&quot;:&quot;bt_bb_size_normal&quot;,&quot;xxl&quot;:&quot;normal&quot;},&quot;bt_bb_align_&quot;:{&quot;current_class&quot;:&quot;bt_bb_align_inherit&quot;,&quot;xxl&quot;:&quot;inherit&quot;}}\"><h2><span class=\"bt_bb_headline_content\"><span>Self-supporting pans on exposed frameworks<\/span><\/span><\/h2><\/header><div class=\"bt_bb_separator bt_bb_border_style_none bt_bb_bottom_spacing_50\" data-bt-override-class=\"null\"><\/div><div  class=\"bt_bb_text\" ><\/p>\n<p>ECHAME offers a range of <strong>self-supporting metal panels with visible frameworks<\/strong> that are held in place on two sides. Used in corridors or for office-type grid ceilings, this solution leaves the framework visible, accentuating the grid effect.<\/p>\n<p>Installed on angle irons for corridors, or on flat rails or C-rails for grid <a href=\"https:\/\/echame.fr\/en\/habillage-metallique\/plafonds-metalliques\/\">metal ceilings<\/a>, these panels are easy to install and maintain, with access to the plenum simply by stripping.<\/p>\n<p>\n<\/div><div class=\"bt_bb_separator bt_bb_border_style_none bt_bb_bottom_spacing_50\" data-bt-override-class=\"null\"><\/div><div class=\" bt_bb_row_inner\"   data-bt-override-class=\"{}\"><div class=\"bt_bb_row_inner_holder\"  ><div  class=\"bt_bb_column_inner col-xxl-3 col-xl-3 col-xs-12 col-sm-6 col-md-6 col-lg-3 card_fiche bt_bb_vertical_align_top bt_bb_align_left bt_bb_padding_normal\" style=\"height: 250px; border-radius: 10px; margin: 0 auto;margin-bottom: 5rem;\" data-width=\"3\" data-bt-override-class=\"{&quot;bt_bb_align_&quot;:{&quot;current_class&quot;:&quot;bt_bb_align_left&quot;,&quot;xxl&quot;:&quot;left&quot;,&quot;xl&quot;:&quot;left&quot;}}\"><div class=\"bt_bb_column_inner_content\"><div class=\"bt_bb_raw_content\"><a href=\"\/habillage-metallique\/plafonds-metalliques\/bacs-metalliques-autoportants-sur-ossature-apparente\/ec2-bo\/\" ><\/div><div class=\"bt_bb_raw_content\"><div class=\"bt_bb_image\" style=\"background-image: url('\/wp-content\/uploads\/2022\/05\/IMG_4742-scaled.jpg');\n    width: 270px;\n    background-repeat: no-repeat;\n    background-size: cover;\n    height: 202px;\n    border-radius: 10px;\n    filter: grayscale(1);\"><\/div><\/div><header data-bb-version=\"4.7.2\" class=\"bt_bb_headline bt_bb_color_scheme_2 bt_bb_dash_none bt_bb_size_inherit bt_bb_align_inherit\" style=\"padding-top:1rem;; --headline-primary-color:#000000; --headline-secondary-color:#ffffff;;color:rgb(40,99,151);border-color:rgb(40,99,151);\" data-bt-override-class=\"{&quot;bt_bb_size_&quot;:{&quot;current_class&quot;:&quot;bt_bb_size_inherit&quot;,&quot;xxl&quot;:&quot;inherit&quot;},&quot;bt_bb_align_&quot;:{&quot;current_class&quot;:&quot;bt_bb_align_inherit&quot;,&quot;xxl&quot;:&quot;inherit&quot;}}\"><h3><span class=\"bt_bb_headline_content\"><span><a href=\"https:\/\/echame.fr\/en\/habillage-metallique\/plafonds-metalliques\/bacs-metalliques-autoportants-sur-ossature-apparente\/ec2-bo\/\" target=\"_self\" title=\"EC2 BO\">EC2 BO<\/a><\/span><\/span><\/h3><\/header><div data-bb-version=\"4.7.2\" class=\"bt_bb_button btn_produits bt_bb_icon_position_right bt_bb_style_outline bt_bb_size_small bt_bb_width_inline bt_bb_shape_inherit bt_bb_target_self bt_bb_text_transform_inherit bt_bb_align_inherit\" style=\"margin: 0; padding: 0;\" data-bt-override-class=\"{&quot;bt_bb_size_&quot;:{&quot;current_class&quot;:&quot;bt_bb_size_small&quot;,&quot;xxl&quot;:&quot;small&quot;},&quot;bt_bb_align_&quot;:{&quot;current_class&quot;:&quot;bt_bb_align_inherit&quot;,&quot;xxl&quot;:&quot;inherit&quot;}}\"><a href=\"https:\/\/echame.fr\/wp-content\/uploads\/2023\/10\/Self-supporting-panel-EC2-BO-en.pdf\" target=\"_self\" class=\"bt_bb_link\" title=\"Technical data\"><span class=\"bt_bb_button_text\" >Technical data<\/span><span  data-ico-icon7stroke=\"&#xe699;\" class=\"bt_bb_icon_holder\"><\/span><\/a><\/div><div class=\"bt_bb_raw_content\"><\/a><\/div><\/div><\/div><div  class=\"bt_bb_column_inner col-xxl-3 col-xl-3 col-xs-12 col-sm-6 col-md-6 col-lg-3 card_fiche bt_bb_vertical_align_top bt_bb_align_left bt_bb_padding_normal\" style=\"height: 250px; border-radius: 10px; margin: 0 auto;margin-bottom: 5rem;\" data-width=\"3\" data-bt-override-class=\"{&quot;bt_bb_align_&quot;:{&quot;current_class&quot;:&quot;bt_bb_align_left&quot;,&quot;xxl&quot;:&quot;left&quot;,&quot;xl&quot;:&quot;left&quot;}}\"><div class=\"bt_bb_column_inner_content\"><div class=\"bt_bb_raw_content\"><a href=\"\/habillage-metallique\/plafonds-metalliques\/bacs-metalliques-autoportants-sur-ossature-apparente\/ec2-brd\/\"><\/div><div class=\"bt_bb_raw_content\"><div class=\"bt_bb_image\" style=\"background-image: url('\/wp-content\/uploads\/2022\/05\/Coeur-defense-18-scaled.jpg');\n    width: 270px;\n    background-repeat: no-repeat;\n    background-size: cover;\n    height: 202px;\n    border-radius: 10px;\n    filter: grayscale(1);\"><\/div><\/div><header data-bb-version=\"4.7.2\" class=\"bt_bb_headline bt_bb_color_scheme_2 bt_bb_dash_none bt_bb_size_inherit bt_bb_align_inherit\" style=\"padding-top:1rem;; --headline-primary-color:#000000; --headline-secondary-color:#ffffff;;color:rgb(40,99,151);border-color:rgb(40,99,151);\" data-bt-override-class=\"{&quot;bt_bb_size_&quot;:{&quot;current_class&quot;:&quot;bt_bb_size_inherit&quot;,&quot;xxl&quot;:&quot;inherit&quot;},&quot;bt_bb_align_&quot;:{&quot;current_class&quot;:&quot;bt_bb_align_inherit&quot;,&quot;xxl&quot;:&quot;inherit&quot;}}\"><h3><span class=\"bt_bb_headline_content\"><span><a href=\"https:\/\/echame.fr\/en\/habillage-metallique\/plafonds-metalliques\/bacs-metalliques-autoportants-sur-ossature-apparente\/ec2-brd\/\" target=\"_self\" title=\"EC2 BRD\">EC2 BRD<\/a><\/span><\/span><\/h3><\/header><div data-bb-version=\"4.7.2\" class=\"bt_bb_button btn_produits bt_bb_icon_position_right bt_bb_style_outline bt_bb_size_small bt_bb_width_inline bt_bb_shape_inherit bt_bb_target_self bt_bb_text_transform_inherit bt_bb_align_inherit\" style=\"margin: 0; padding: 0;\" data-bt-override-class=\"{&quot;bt_bb_size_&quot;:{&quot;current_class&quot;:&quot;bt_bb_size_small&quot;,&quot;xxl&quot;:&quot;small&quot;},&quot;bt_bb_align_&quot;:{&quot;current_class&quot;:&quot;bt_bb_align_inherit&quot;,&quot;xxl&quot;:&quot;inherit&quot;}}\"><a href=\"https:\/\/echame.fr\/wp-content\/uploads\/2023\/10\/Self-supporting-panel-EC2-BRD-en.pdf\" target=\"_self\" class=\"bt_bb_link\" title=\"Technical data\"><span class=\"bt_bb_button_text\" >Technical data<\/span><span  data-ico-icon7stroke=\"&#xe699;\" class=\"bt_bb_icon_holder\"><\/span><\/a><\/div><div class=\"bt_bb_raw_content\"><\/a><\/div><\/div><\/div><div  class=\"bt_bb_column_inner col-xxl-3 col-xl-3 col-xs-12 col-sm-6 col-md-6 col-lg-3 card_fiche bt_bb_vertical_align_top bt_bb_align_left bt_bb_padding_normal\" style=\"height: 250px; border-radius: 10px; margin: 0 auto;margin-bottom: 5rem;\" data-width=\"3\" data-bt-override-class=\"{&quot;bt_bb_align_&quot;:{&quot;current_class&quot;:&quot;bt_bb_align_left&quot;,&quot;xxl&quot;:&quot;left&quot;,&quot;xl&quot;:&quot;left&quot;}}\"><div class=\"bt_bb_column_inner_content\"><div class=\"bt_bb_raw_content\"><a href=\"\/habillage-metallique\/plafonds-metalliques\/bacs-metalliques-autoportants-sur-ossature-apparente\/ec2-brz-s\/\"><\/div><div class=\"bt_bb_raw_content\"><div class=\"bt_bb_image\" style=\"background-image: url('\/wp-content\/uploads\/2022\/05\/DSC_0259-scaled.jpg');\n    width: 270px;\n    background-repeat: no-repeat;\n    background-size: cover;\n    height: 202px;\n    border-radius: 10px;\n    filter: grayscale(1);\"><\/div><\/div><header data-bb-version=\"4.7.2\" class=\"bt_bb_headline bt_bb_color_scheme_2 bt_bb_dash_none bt_bb_size_inherit bt_bb_align_inherit\" style=\"padding-top:1rem;; --headline-primary-color:#000000; --headline-secondary-color:#ffffff;;color:rgb(40,99,151);border-color:rgb(40,99,151);\" data-bt-override-class=\"{&quot;bt_bb_size_&quot;:{&quot;current_class&quot;:&quot;bt_bb_size_inherit&quot;,&quot;xxl&quot;:&quot;inherit&quot;},&quot;bt_bb_align_&quot;:{&quot;current_class&quot;:&quot;bt_bb_align_inherit&quot;,&quot;xxl&quot;:&quot;inherit&quot;}}\"><h3><span class=\"bt_bb_headline_content\"><span><a href=\"https:\/\/echame.fr\/en\/habillage-metallique\/plafonds-metalliques\/bacs-metalliques-autoportants-sur-ossature-apparente\/ec2-brz-s\/\" target=\"_self\" title=\"EC2 BRZ S\">EC2 BRZ S<\/a><\/span><\/span><\/h3><\/header><div data-bb-version=\"4.7.2\" class=\"bt_bb_button btn_produits bt_bb_icon_position_right bt_bb_style_outline bt_bb_size_small bt_bb_width_inline bt_bb_shape_inherit bt_bb_target_self bt_bb_text_transform_inherit bt_bb_align_inherit\" style=\"margin: 0; padding: 0;\" data-bt-override-class=\"{&quot;bt_bb_size_&quot;:{&quot;current_class&quot;:&quot;bt_bb_size_small&quot;,&quot;xxl&quot;:&quot;small&quot;},&quot;bt_bb_align_&quot;:{&quot;current_class&quot;:&quot;bt_bb_align_inherit&quot;,&quot;xxl&quot;:&quot;inherit&quot;}}\"><a href=\"https:\/\/echame.fr\/wp-content\/uploads\/2023\/10\/Self-supporting-panel-EC2-BRZS-en.pdf\" target=\"_self\" class=\"bt_bb_link\" title=\"Technical data\"><span class=\"bt_bb_button_text\" >Technical data<\/span><span  data-ico-icon7stroke=\"&#xe699;\" class=\"bt_bb_icon_holder\"><\/span><\/a><\/div><div class=\"bt_bb_raw_content\"><\/a><\/div><\/div><\/div><div  class=\"bt_bb_column_inner col-xxl-3 col-xl-3 col-xs-12 col-sm-6 col-md-6 col-lg-3 card_fiche bt_bb_vertical_align_top bt_bb_align_left bt_bb_padding_normal\" style=\"height: 250px; border-radius: 10px; margin: 0 auto;margin-bottom: 5rem;\" data-width=\"3\" data-bt-override-class=\"{&quot;bt_bb_align_&quot;:{&quot;current_class&quot;:&quot;bt_bb_align_left&quot;,&quot;xxl&quot;:&quot;left&quot;,&quot;xl&quot;:&quot;left&quot;}}\"><div class=\"bt_bb_column_inner_content\"><div class=\"bt_bb_raw_content\"><a href=\"\/habillage-metallique\/plafonds-metalliques\/bacs-metalliques-autoportants-sur-ossature-apparente\/ec2-brz-b\/\"><\/div><div class=\"bt_bb_raw_content\"><div class=\"bt_bb_image\" style=\"background-image: url('\/wp-content\/uploads\/2022\/05\/groupama013.jpg');\n    width: 270px;\n    background-repeat: no-repeat;\n    background-size: cover;\n    height: 202px;\n    border-radius: 10px;\n    filter: grayscale(1);\"><\/div><\/div><header data-bb-version=\"4.7.2\" class=\"bt_bb_headline bt_bb_color_scheme_2 bt_bb_dash_none bt_bb_size_inherit bt_bb_align_inherit\" style=\"padding-top:1rem;; --headline-primary-color:#000000; --headline-secondary-color:#ffffff;;color:rgb(40,99,151);border-color:rgb(40,99,151);\" data-bt-override-class=\"{&quot;bt_bb_size_&quot;:{&quot;current_class&quot;:&quot;bt_bb_size_inherit&quot;,&quot;xxl&quot;:&quot;inherit&quot;},&quot;bt_bb_align_&quot;:{&quot;current_class&quot;:&quot;bt_bb_align_inherit&quot;,&quot;xxl&quot;:&quot;inherit&quot;}}\"><h3><span class=\"bt_bb_headline_content\"><span><a href=\"https:\/\/echame.fr\/en\/habillage-metallique\/plafonds-metalliques\/bacs-metalliques-autoportants-sur-ossature-apparente\/ec2-brz-b\/\" target=\"_self\" title=\"EC2 BRZ B\">EC2 BRZ B<\/a><\/span><\/span><\/h3><\/header><div data-bb-version=\"4.7.2\" class=\"bt_bb_button btn_produits bt_bb_icon_position_right bt_bb_style_outline bt_bb_size_small bt_bb_width_inline bt_bb_shape_inherit bt_bb_target_self bt_bb_text_transform_inherit bt_bb_align_inherit\" style=\"margin: 0; padding: 0;\" data-bt-override-class=\"{&quot;bt_bb_size_&quot;:{&quot;current_class&quot;:&quot;bt_bb_size_small&quot;,&quot;xxl&quot;:&quot;small&quot;},&quot;bt_bb_align_&quot;:{&quot;current_class&quot;:&quot;bt_bb_align_inherit&quot;,&quot;xxl&quot;:&quot;inherit&quot;}}\"><a href=\"https:\/\/echame.fr\/wp-content\/uploads\/2023\/10\/Self-supporting-panel-EC2-BRZB-en.pdf\" target=\"_self\" class=\"bt_bb_link\" title=\"Technical data\"><span class=\"bt_bb_button_text\" >Technical data<\/span><span  data-ico-icon7stroke=\"&#xe699;\" class=\"bt_bb_icon_holder\"><\/span><\/a><\/div><div class=\"bt_bb_raw_content\"><\/a><\/div><\/div><\/div><\/div><\/div><div class=\"bt_bb_separator bt_bb_border_style_none bt_bb_bottom_spacing_60 bt_bb_hidden_xs bt_bb_hidden_ms bt_bb_hidden_sm\" data-bt-override-class=\"null\"><\/div><\/div><\/div><\/div><\/div><\/div><\/div><!-- cell_inner --><\/div><!-- cell --><\/div><!-- port --><\/section><\/p>\n","protected":false},"excerpt":{"rendered":"","protected":false},"author":1,"featured_media":0,"parent":6247,"menu_order":0,"comment_status":"closed","ping_status":"closed","template":"","meta":{"footnotes":""},"class_list":["post-6251","page","type-page","status-publish","hentry"],"yoast_head":"<!-- This site is optimized with the Yoast SEO plugin v23.8 - https:\/\/yoast.com\/wordpress\/plugins\/seo\/ -->\n<title>Bacs m\u00e9talliques autoportants sur ossature apparente de plafond.<\/title>\n<meta name=\"description\" content=\"Bacs m\u00e9talliques autoportants sur ossature apparente. Utilis\u00e9s dans des circulations ou pour des plafonds tram\u00e9s de type bureaux.\" \/>\n<meta name=\"robots\" content=\"index, follow, max-snippet:-1, max-image-preview:large, max-video-preview:-1\" \/>\n<link rel=\"canonical\" href=\"https:\/\/echame.fr\/en\/habillage-metallique\/plafonds-metalliques\/bacs-metalliques-autoportants-sur-ossature-apparente\/\" \/>\n<meta property=\"og:locale\" content=\"en_US\" \/>\n<meta property=\"og:type\" content=\"article\" \/>\n<meta property=\"og:title\" content=\"Bacs m\u00e9talliques autoportants sur ossature apparente de plafond.\" \/>\n<meta property=\"og:description\" content=\"Bacs m\u00e9talliques autoportants sur ossature apparente. Utilis\u00e9s dans des circulations ou pour des plafonds tram\u00e9s de type bureaux.\" \/>\n<meta property=\"og:url\" content=\"https:\/\/echame.fr\/en\/habillage-metallique\/plafonds-metalliques\/bacs-metalliques-autoportants-sur-ossature-apparente\/\" \/>\n<meta property=\"og:site_name\" content=\"www.echame.fr\" \/>\n<meta property=\"article:publisher\" content=\"https:\/\/www.facebook.com\/echame.linselles\/\" \/>\n<meta property=\"article:modified_time\" content=\"2023-11-10T11:49:36+00:00\" \/>\n<meta name=\"twitter:card\" content=\"summary_large_image\" \/>\n<meta name=\"twitter:label1\" content=\"Est. reading time\" \/>\n\t<meta name=\"twitter:data1\" content=\"4 minutes\" \/>\n<script type=\"application\/ld+json\" class=\"yoast-schema-graph\">{\"@context\":\"https:\/\/schema.org\",\"@graph\":[{\"@type\":\"WebPage\",\"@id\":\"https:\/\/echame.fr\/en\/habillage-metallique\/plafonds-metalliques\/bacs-metalliques-autoportants-sur-ossature-apparente\/\",\"url\":\"https:\/\/echame.fr\/en\/habillage-metallique\/plafonds-metalliques\/bacs-metalliques-autoportants-sur-ossature-apparente\/\",\"name\":\"Bacs m\u00e9talliques autoportants sur ossature apparente de plafond.\",\"isPartOf\":{\"@id\":\"https:\/\/echame.fr\/en\/#website\"},\"datePublished\":\"2022-04-11T13:01:50+00:00\",\"dateModified\":\"2023-11-10T11:49:36+00:00\",\"description\":\"Bacs m\u00e9talliques autoportants sur ossature apparente. Utilis\u00e9s dans des circulations ou pour des plafonds tram\u00e9s de type bureaux.\",\"breadcrumb\":{\"@id\":\"https:\/\/echame.fr\/en\/habillage-metallique\/plafonds-metalliques\/bacs-metalliques-autoportants-sur-ossature-apparente\/#breadcrumb\"},\"inLanguage\":\"en-US\",\"potentialAction\":[{\"@type\":\"ReadAction\",\"target\":[\"https:\/\/echame.fr\/en\/habillage-metallique\/plafonds-metalliques\/bacs-metalliques-autoportants-sur-ossature-apparente\/\"]}]},{\"@type\":\"BreadcrumbList\",\"@id\":\"https:\/\/echame.fr\/en\/habillage-metallique\/plafonds-metalliques\/bacs-metalliques-autoportants-sur-ossature-apparente\/#breadcrumb\",\"itemListElement\":[{\"@type\":\"ListItem\",\"position\":1,\"name\":\"Plafonds, cloisons et habillages m\u00e9tallique\",\"item\":\"https:\/\/echame.fr\/en\/habillage-metallique\/\"},{\"@type\":\"ListItem\",\"position\":2,\"name\":\"metal cladding\",\"item\":\"https:\/\/echame.fr\/en\/habillage-metallique\/\"},{\"@type\":\"ListItem\",\"position\":3,\"name\":\"Plafonds m\u00e9talliques\",\"item\":\"https:\/\/echame.fr\/en\/habillage-metallique\/plafonds-metalliques\/\"},{\"@type\":\"ListItem\",\"position\":4,\"name\":\"Les bacs autoportants sur ossature apparente\"}]},{\"@type\":\"WebSite\",\"@id\":\"https:\/\/echame.fr\/en\/#website\",\"url\":\"https:\/\/echame.fr\/en\/\",\"name\":\"www.echame.fr\",\"description\":\"Metal for Buildings\",\"publisher\":{\"@id\":\"https:\/\/echame.fr\/en\/#organization\"},\"potentialAction\":[{\"@type\":\"SearchAction\",\"target\":{\"@type\":\"EntryPoint\",\"urlTemplate\":\"https:\/\/echame.fr\/en\/?s={search_term_string}\"},\"query-input\":{\"@type\":\"PropertyValueSpecification\",\"valueRequired\":true,\"valueName\":\"search_term_string\"}}],\"inLanguage\":\"en-US\"},{\"@type\":\"Organization\",\"@id\":\"https:\/\/echame.fr\/en\/#organization\",\"name\":\"Echame\",\"url\":\"https:\/\/echame.fr\/en\/\",\"logo\":{\"@type\":\"ImageObject\",\"inLanguage\":\"en-US\",\"@id\":\"https:\/\/echame.fr\/en\/#\/schema\/logo\/image\/\",\"url\":\"https:\/\/echame.fr\/wp-content\/uploads\/2022\/04\/logo-echame-v2.png\",\"contentUrl\":\"https:\/\/echame.fr\/wp-content\/uploads\/2022\/04\/logo-echame-v2.png\",\"width\":420,\"height\":546,\"caption\":\"Echame\"},\"image\":{\"@id\":\"https:\/\/echame.fr\/en\/#\/schema\/logo\/image\/\"},\"sameAs\":[\"https:\/\/www.facebook.com\/echame.linselles\/\",\"https:\/\/www.linkedin.com\/company\/echame\/\"]}]}<\/script>\n<!-- \/ Yoast SEO plugin. -->","yoast_head_json":{"title":"Bacs m\u00e9talliques autoportants sur ossature apparente de plafond.","description":"Bacs m\u00e9talliques autoportants sur ossature apparente. Utilis\u00e9s dans des circulations ou pour des plafonds tram\u00e9s de type bureaux.","robots":{"index":"index","follow":"follow","max-snippet":"max-snippet:-1","max-image-preview":"max-image-preview:large","max-video-preview":"max-video-preview:-1"},"canonical":"https:\/\/echame.fr\/en\/habillage-metallique\/plafonds-metalliques\/bacs-metalliques-autoportants-sur-ossature-apparente\/","og_locale":"en_US","og_type":"article","og_title":"Bacs m\u00e9talliques autoportants sur ossature apparente de plafond.","og_description":"Bacs m\u00e9talliques autoportants sur ossature apparente. Utilis\u00e9s dans des circulations ou pour des plafonds tram\u00e9s de type bureaux.","og_url":"https:\/\/echame.fr\/en\/habillage-metallique\/plafonds-metalliques\/bacs-metalliques-autoportants-sur-ossature-apparente\/","og_site_name":"www.echame.fr","article_publisher":"https:\/\/www.facebook.com\/echame.linselles\/","article_modified_time":"2023-11-10T11:49:36+00:00","twitter_card":"summary_large_image","twitter_misc":{"Est. reading time":"4 minutes"},"schema":{"@context":"https:\/\/schema.org","@graph":[{"@type":"WebPage","@id":"https:\/\/echame.fr\/en\/habillage-metallique\/plafonds-metalliques\/bacs-metalliques-autoportants-sur-ossature-apparente\/","url":"https:\/\/echame.fr\/en\/habillage-metallique\/plafonds-metalliques\/bacs-metalliques-autoportants-sur-ossature-apparente\/","name":"Bacs m\u00e9talliques autoportants sur ossature apparente de plafond.","isPartOf":{"@id":"https:\/\/echame.fr\/en\/#website"},"datePublished":"2022-04-11T13:01:50+00:00","dateModified":"2023-11-10T11:49:36+00:00","description":"Bacs m\u00e9talliques autoportants sur ossature apparente. Utilis\u00e9s dans des circulations ou pour des plafonds tram\u00e9s de type bureaux.","breadcrumb":{"@id":"https:\/\/echame.fr\/en\/habillage-metallique\/plafonds-metalliques\/bacs-metalliques-autoportants-sur-ossature-apparente\/#breadcrumb"},"inLanguage":"en-US","potentialAction":[{"@type":"ReadAction","target":["https:\/\/echame.fr\/en\/habillage-metallique\/plafonds-metalliques\/bacs-metalliques-autoportants-sur-ossature-apparente\/"]}]},{"@type":"BreadcrumbList","@id":"https:\/\/echame.fr\/en\/habillage-metallique\/plafonds-metalliques\/bacs-metalliques-autoportants-sur-ossature-apparente\/#breadcrumb","itemListElement":[{"@type":"ListItem","position":1,"name":"Plafonds, cloisons et habillages m\u00e9tallique","item":"https:\/\/echame.fr\/en\/habillage-metallique\/"},{"@type":"ListItem","position":2,"name":"metal cladding","item":"https:\/\/echame.fr\/en\/habillage-metallique\/"},{"@type":"ListItem","position":3,"name":"Plafonds m\u00e9talliques","item":"https:\/\/echame.fr\/en\/habillage-metallique\/plafonds-metalliques\/"},{"@type":"ListItem","position":4,"name":"Les bacs autoportants sur ossature apparente"}]},{"@type":"WebSite","@id":"https:\/\/echame.fr\/en\/#website","url":"https:\/\/echame.fr\/en\/","name":"www.echame.fr","description":"Metal for Buildings","publisher":{"@id":"https:\/\/echame.fr\/en\/#organization"},"potentialAction":[{"@type":"SearchAction","target":{"@type":"EntryPoint","urlTemplate":"https:\/\/echame.fr\/en\/?s={search_term_string}"},"query-input":{"@type":"PropertyValueSpecification","valueRequired":true,"valueName":"search_term_string"}}],"inLanguage":"en-US"},{"@type":"Organization","@id":"https:\/\/echame.fr\/en\/#organization","name":"Echame","url":"https:\/\/echame.fr\/en\/","logo":{"@type":"ImageObject","inLanguage":"en-US","@id":"https:\/\/echame.fr\/en\/#\/schema\/logo\/image\/","url":"https:\/\/echame.fr\/wp-content\/uploads\/2022\/04\/logo-echame-v2.png","contentUrl":"https:\/\/echame.fr\/wp-content\/uploads\/2022\/04\/logo-echame-v2.png","width":420,"height":546,"caption":"Echame"},"image":{"@id":"https:\/\/echame.fr\/en\/#\/schema\/logo\/image\/"},"sameAs":["https:\/\/www.facebook.com\/echame.linselles\/","https:\/\/www.linkedin.com\/company\/echame\/"]}]}},"_links":{"self":[{"href":"https:\/\/echame.fr\/en\/wp-json\/wp\/v2\/pages\/6251","targetHints":{"allow":["GET"]}}],"collection":[{"href":"https:\/\/echame.fr\/en\/wp-json\/wp\/v2\/pages"}],"about":[{"href":"https:\/\/echame.fr\/en\/wp-json\/wp\/v2\/types\/page"}],"author":[{"embeddable":true,"href":"https:\/\/echame.fr\/en\/wp-json\/wp\/v2\/users\/1"}],"replies":[{"embeddable":true,"href":"https:\/\/echame.fr\/en\/wp-json\/wp\/v2\/comments?post=6251"}],"version-history":[{"count":0,"href":"https:\/\/echame.fr\/en\/wp-json\/wp\/v2\/pages\/6251\/revisions"}],"up":[{"embeddable":true,"href":"https:\/\/echame.fr\/en\/wp-json\/wp\/v2\/pages\/6247"}],"wp:attachment":[{"href":"https:\/\/echame.fr\/en\/wp-json\/wp\/v2\/media?parent=6251"}],"curies":[{"name":"wp","href":"https:\/\/api.w.org\/{rel}","templated":true}]}}