{"id":6227,"date":"2022-11-15T15:09:12","date_gmt":"2022-11-15T14:09:12","guid":{"rendered":"https:\/\/echame.fr\/habillage-metallique\/nos-actualites\/"},"modified":"2023-10-05T15:41:52","modified_gmt":"2023-10-05T13:41:52","slug":"nos-actualites","status":"publish","type":"page","link":"https:\/\/echame.fr\/en\/habillage-metallique\/nos-actualites\/","title":{"rendered":"Actualit\u00e9s"},"content":{"rendered":"<p><section id=\"bt_bb_section69ecf594311ff\" class=\"bt_bb_section bt_bb_layout_boxed_1200 bt_bb_vertical_align_top bt_bb_background_overlay_alternate_solid bt_bb_top_spacing_large bt_bb_bottom_spacing_normal bt-dark-skin\"  data-bt-override-class=\"null\"><div class=\"bt_bb_background_image_holder_wrapper\"><div class=\"bt_bb_background_image_holder btLazyLoadBackground\"  data-background_image_src=\"https:\/\/echame.fr\/wp-content\/uploads\/2022\/07\/pile-of-newspapers-on-white-table-scaled.jpg\" data-parallax-zoom-start=\"1\" data-parallax-zoom-end=\"1\" data-parallax-blur-start=\"0\" data-parallax-blur-end=\"0\" data-parallax-opacity-start=\"1\" data-parallax-opacity-end=\"1\" style=\" background-image: url(&#039;https:\/\/echame.fr\/wp-content\/plugins\/bold-page-builder\/img\/blank.gif&#039;);\"><\/div><\/div><div class=\"bt_bb_port\"><div class=\"bt_bb_cell\"><div class=\"bt_bb_cell_inner\"><div class=\"bt_bb_row \"  data-bt-override-class=\"{}\"><div class=\"bt_bb_row_holder\" ><div  class=\"bt_bb_column col-xxl-6 col-xl-6 bt_bb_vertical_align_top bt_bb_align_left bt_bb_padding_normal bt_bb_animation_fade_in bt_bb_animation_zoom_out animate\" style=\"; --column-width:6;\" data-width=\"6\" data-bt-override-class=\"{}\"><div class=\"bt_bb_column_content\"><div class=\"bt_bb_column_content_inner\"><header data-bb-version=\"4.6.1\" class=\"bt_bb_headline bt_bb_color_scheme_1 bt_bb_dash_top bt_bb_superheadline bt_bb_size_extralarge bt_bb_align_inherit\" style=\"; --headline-primary-color:#ffffff; --headline-secondary-color:#000000;\" data-bt-override-class=\"{&quot;bt_bb_size_&quot;:{&quot;current_class&quot;:&quot;bt_bb_size_extralarge&quot;,&quot;xxl&quot;:&quot;extralarge&quot;},&quot;bt_bb_align_&quot;:{&quot;current_class&quot;:&quot;bt_bb_align_inherit&quot;,&quot;xxl&quot;:&quot;inherit&quot;}}\"><div class=\"bt_bb_headline_superheadline_outside\"><span class=\"bt_bb_headline_superheadline\"><span>Echame<\/span><\/span><\/div><h1><span class=\"bt_bb_headline_content\"><span>Our news<\/span><\/span><\/h1><\/header><div class=\"bt_bb_separator bt_bb_border_style_none bt_bb_bottom_spacing_60\" data-bt-override-class=\"null\"><\/div><\/div><\/div><\/div><div  class=\"bt_bb_column col-xxl-6 col-xl-6 bt_bb_vertical_align_top bt_bb_align_center bt_bb_padding_normal\" style=\"; --column-width:6;\" data-width=\"6\" data-bt-override-class=\"{}\"><div class=\"bt_bb_column_content\"><div class=\"bt_bb_column_content_inner\"><\/div><\/div><\/div><\/div><\/div><\/div><!-- cell_inner --><\/div><!-- cell --><\/div><!-- port --><\/section><section id=\"bt_bb_section69ecf59431528\" class=\"bt_bb_section bt_bb_layout_boxed_1200\"  data-bt-override-class=\"null\"><div class=\"bt_bb_port\"><div class=\"bt_bb_cell\"><div class=\"bt_bb_cell_inner\"><div class=\"bt_bb_row \"  data-bt-override-class=\"{}\"><div class=\"bt_bb_row_holder\" ><div  class=\"bt_bb_column col-xxl-12 col-xl-12 col-xs-12 col-sm-12 col-md-12 col-lg-12 bt_bb_vertical_align_top bt_bb_align_left bt_bb_padding_normal\" style=\"; --column-width:12;\" data-width=\"12\" data-bt-override-class=\"{}\"><div class=\"bt_bb_column_content\"><div class=\"bt_bb_column_content_inner\"><div class=\"bt_bb_separator bt_bb_border_style_none bt_bb_top_spacing_medium bt_bb_bottom_spacing_normal bt_bb_hidden_xs bt_bb_hidden_ms\" data-bt-override-class=\"null\"><\/div><header data-bb-version=\"4.6.1\" class=\"bt_bb_headline bt_bb_dash_top bt_bb_size_normal bt_bb_align_inherit\" data-bt-override-class=\"{&quot;bt_bb_size_&quot;:{&quot;current_class&quot;:&quot;bt_bb_size_normal&quot;,&quot;xxl&quot;:&quot;normal&quot;},&quot;bt_bb_align_&quot;:{&quot;current_class&quot;:&quot;bt_bb_align_inherit&quot;,&quot;xxl&quot;:&quot;inherit&quot;}}\"><h2><span class=\"bt_bb_headline_content\"><span>ECHAME, a company on the move<\/span><\/span><\/h2><\/header><div class=\"bt_bb_separator bt_bb_border_style_none bt_bb_top_spacing_medium bt_bb_bottom_spacing_normal bt_bb_hidden_xs bt_bb_hidden_ms\" data-bt-override-class=\"null\"><\/div><div class=\"bt_bb_post_slider bt_bb_gap_normal bt_bb_arrows_size_normal bt_bb_show_dots_below bt_bb_height_auto bt_bb_animation_no_animation bt_bb_overflow_yes bt_bb_active_dot_accent bt_bb_inactive_dot_light_font bt_bb_slider_arrows_dark_font_light_bg bt_bb_multiple_slides\" data-slides=\"3\"><div class=\"slick-slider\"  data-slick='{ \"lazyLoad\": \"progressive\", \"cssEase\": \"ease-out\", \"speed\": \"600\", \"prevArrow\": \"&lt;button type=\\\"button\\\" class=\\\"slick-prev\\\" aria-label=\\\"Previous\\\" tabindex=\\\"0\\\" role=\\\"button\\\"&gt;&lt;\/button&gt;\", \"nextArrow\": \"&lt;button type=\\\"button\\\" class=\\\"slick-next\\\" aria-label=\\\"Next\\\" tabindex=\\\"0\\\" role=\\\"button\\\"&gt;&lt;\/button&gt;\", \"adaptiveHeight\": true, \"dots\": true,\"slidesToShow\": 3, \"responsive\": [{ \"breakpoint\": 480, \"settings\": { \"slidesToShow\": 1, \"slidesToScroll\": 1 } },{ \"breakpoint\": 768, \"settings\": { \"slidesToShow\": 2, \"slidesToScroll\": 2 } }]}' ><div class=\"bt_bb_post_slider_item\"  ><div class=\"bt_bb_post_slider_item_inner\"><div class=\"bt_bb_post_slider_item_image\"><a href=\"https:\/\/echame.fr\/en\/echame-comes-to-meet-you\/\" target=\"_self\"><img decoding=\"async\" src=\"https:\/\/echame.fr\/wp-content\/uploads\/2026\/02\/visuel-carre-320x320.png\" alt=\"Echame comes to meet you\" title=\"Echame comes to meet you\"><\/a><\/div><div class=\"bt_bb_post_slider_item_content\"><div class=\"bt_bb_post_slider_item_meta\"><span class=\"bt_bb_post_slider_item_date\">3 February 2026<\/span><\/div><h5 class=\"bt_bb_post_slider_item_title\"><a href=\"https:\/\/echame.fr\/en\/echame-comes-to-meet-you\/\" target=\"_self\">Echame comes to meet you<\/a><\/h5><\/div><\/div><\/div><div class=\"bt_bb_post_slider_item\"  ><div class=\"bt_bb_post_slider_item_inner\"><div class=\"bt_bb_post_slider_item_image\"><a href=\"https:\/\/echame.fr\/en\/new-offices-for-echame\/\" target=\"_self\"><img decoding=\"async\" src=\"https:\/\/echame.fr\/wp-content\/uploads\/2025\/11\/echame-reunion-1-320x320.jpg\" alt=\"New offices for ECHAME\" title=\"New offices for ECHAME\"><\/a><\/div><div class=\"bt_bb_post_slider_item_content\"><div class=\"bt_bb_post_slider_item_meta\"><span class=\"bt_bb_post_slider_item_date\">3 November 2025<\/span><\/div><h5 class=\"bt_bb_post_slider_item_title\"><a href=\"https:\/\/echame.fr\/en\/new-offices-for-echame\/\" target=\"_self\">New offices for ECHAME<\/a><\/h5><\/div><\/div><\/div><div class=\"bt_bb_post_slider_item\"  ><div class=\"bt_bb_post_slider_item_inner\"><div class=\"bt_bb_post_slider_item_image\"><a href=\"https:\/\/echame.fr\/en\/tour-f-in-abidjan-a-remarkable-export-project\/\" target=\"_self\"><img decoding=\"async\" src=\"https:\/\/echame.fr\/wp-content\/uploads\/2025\/11\/Tour-F-PFO-4-320x320.jpg\" alt=\"Tour F in Abidjan &#8211; A remarkable Export project\" title=\"Tour F in Abidjan &#8211; A remarkable Export project\"><\/a><\/div><div class=\"bt_bb_post_slider_item_content\"><div class=\"bt_bb_post_slider_item_meta\"><span class=\"bt_bb_post_slider_item_date\">3 November 2025<\/span><\/div><h5 class=\"bt_bb_post_slider_item_title\"><a href=\"https:\/\/echame.fr\/en\/tour-f-in-abidjan-a-remarkable-export-project\/\" target=\"_self\">Tour F in Abidjan &#8211; A remarkable Export project<\/a><\/h5><\/div><\/div><\/div><div class=\"bt_bb_post_slider_item\"  ><div class=\"bt_bb_post_slider_item_inner\"><div class=\"bt_bb_post_slider_item_image\"><a href=\"https:\/\/echame.fr\/en\/echame-at-the-forefront-of-the-grand-paris-express-project\/\" target=\"_self\"><img decoding=\"async\" src=\"https:\/\/echame.fr\/wp-content\/uploads\/2025\/01\/bvc-320x320.jpg\" alt=\"ECHAME at the forefront of the Grand Paris Express project\" title=\"ECHAME at the forefront of the Grand Paris Express project\"><\/a><\/div><div class=\"bt_bb_post_slider_item_content\"><div class=\"bt_bb_post_slider_item_meta\"><span class=\"bt_bb_post_slider_item_date\">2 January 2025<\/span><\/div><h5 class=\"bt_bb_post_slider_item_title\"><a href=\"https:\/\/echame.fr\/en\/echame-at-the-forefront-of-the-grand-paris-express-project\/\" target=\"_self\">ECHAME at the forefront of the Grand Paris Express project<\/a><\/h5><\/div><\/div><\/div><div class=\"bt_bb_post_slider_item\"  ><div class=\"bt_bb_post_slider_item_inner\"><div class=\"bt_bb_post_slider_item_image\"><a href=\"https:\/\/echame.fr\/en\/committed-to-the-environment\/\" target=\"_self\"><img decoding=\"async\" src=\"https:\/\/echame.fr\/wp-content\/uploads\/2025\/01\/environnement-Echame-320x320.jpg\" alt=\"Committed to the environment\" title=\"Committed to the environment\"><\/a><\/div><div class=\"bt_bb_post_slider_item_content\"><div class=\"bt_bb_post_slider_item_meta\"><span class=\"bt_bb_post_slider_item_date\">16 December 2024<\/span><\/div><h5 class=\"bt_bb_post_slider_item_title\"><a href=\"https:\/\/echame.fr\/en\/committed-to-the-environment\/\" target=\"_self\">Committed to the environment<\/a><\/h5><\/div><\/div><\/div><div class=\"bt_bb_post_slider_item\"  ><div class=\"bt_bb_post_slider_item_inner\"><div class=\"bt_bb_post_slider_item_image\"><a href=\"https:\/\/echame.fr\/en\/our-new-phonosteel-range\/\" target=\"_self\"><img decoding=\"async\" src=\"https:\/\/echame.fr\/wp-content\/uploads\/2024\/03\/SONILO_ZOOM-1-320x320.jpg\" alt=\"Our new PHONOSTEEL range\" title=\"Our new PHONOSTEEL range\"><\/a><\/div><div class=\"bt_bb_post_slider_item_content\"><div class=\"bt_bb_post_slider_item_meta\"><span class=\"bt_bb_post_slider_item_date\">22 March 2024<\/span><\/div><h5 class=\"bt_bb_post_slider_item_title\"><a href=\"https:\/\/echame.fr\/en\/our-new-phonosteel-range\/\" target=\"_self\">Our new PHONOSTEEL range<\/a><\/h5><\/div><\/div><\/div><div class=\"bt_bb_post_slider_item\"  ><div class=\"bt_bb_post_slider_item_inner\"><div class=\"bt_bb_post_slider_item_image\"><a href=\"https:\/\/echame.fr\/en\/echame-exhibits-at-nordbat-2024\/\" target=\"_self\"><img decoding=\"async\" src=\"https:\/\/echame.fr\/wp-content\/uploads\/2024\/03\/personalized-Facebook-320x320.jpg\" alt=\"ECHAME exhibits at NORDBAT 2024\" title=\"ECHAME exhibits at NORDBAT 2024\"><\/a><\/div><div class=\"bt_bb_post_slider_item_content\"><div class=\"bt_bb_post_slider_item_meta\"><span class=\"bt_bb_post_slider_item_date\">6 March 2024<\/span><\/div><h5 class=\"bt_bb_post_slider_item_title\"><a href=\"https:\/\/echame.fr\/en\/echame-exhibits-at-nordbat-2024\/\" target=\"_self\">ECHAME exhibits at NORDBAT 2024<\/a><\/h5><\/div><\/div><\/div><div class=\"bt_bb_post_slider_item\"  ><div class=\"bt_bb_post_slider_item_inner\"><div class=\"bt_bb_post_slider_item_image\"><a href=\"https:\/\/echame.fr\/en\/reorganisation-de-latelier-tolerie\/\" target=\"_self\"><img decoding=\"async\" src=\"https:\/\/echame.fr\/wp-content\/uploads\/2023\/07\/IMG_6826-320x320.jpg\" alt=\"Reorganisation of the sheet metal workshop\" title=\"Reorganisation of the sheet metal workshop\"><\/a><\/div><div class=\"bt_bb_post_slider_item_content\"><div class=\"bt_bb_post_slider_item_meta\"><span class=\"bt_bb_post_slider_item_date\">18 July 2023<\/span><\/div><h5 class=\"bt_bb_post_slider_item_title\"><a href=\"https:\/\/echame.fr\/en\/reorganisation-de-latelier-tolerie\/\" target=\"_self\">Reorganisation of the sheet metal workshop<\/a><\/h5><\/div><\/div><\/div><div class=\"bt_bb_post_slider_item\"  ><div class=\"bt_bb_post_slider_item_inner\"><div class=\"bt_bb_post_slider_item_image\"><a href=\"https:\/\/echame.fr\/en\/nouvelle-brochure-cloisons\/\" target=\"_self\"><img decoding=\"async\" src=\"https:\/\/echame.fr\/wp-content\/uploads\/2023\/02\/sggsfs-320x320.png\" alt=\"New Partition Brochure\" title=\"New Partition Brochure\"><\/a><\/div><div class=\"bt_bb_post_slider_item_content\"><div class=\"bt_bb_post_slider_item_meta\"><span class=\"bt_bb_post_slider_item_date\">13 February 2023<\/span><\/div><h5 class=\"bt_bb_post_slider_item_title\"><a href=\"https:\/\/echame.fr\/en\/nouvelle-brochure-cloisons\/\" target=\"_self\">New Partition Brochure<\/a><\/h5><\/div><\/div><\/div><div class=\"bt_bb_post_slider_item\"  ><div class=\"bt_bb_post_slider_item_inner\"><div class=\"bt_bb_post_slider_item_image\"><a href=\"https:\/\/echame.fr\/en\/la-cassette-clipsable-et-basculante\/\" target=\"_self\"><img decoding=\"async\" src=\"https:\/\/echame.fr\/wp-content\/uploads\/2023\/01\/EC7-Clip-Ouvrant-320x320.png\" alt=\"The clip-on, tilting cassette\" title=\"The clip-on, tilting cassette\"><\/a><\/div><div class=\"bt_bb_post_slider_item_content\"><div class=\"bt_bb_post_slider_item_meta\"><span class=\"bt_bb_post_slider_item_date\">4 January 2023<\/span><\/div><h5 class=\"bt_bb_post_slider_item_title\"><a href=\"https:\/\/echame.fr\/en\/la-cassette-clipsable-et-basculante\/\" target=\"_self\">The clip-on, tilting cassette<\/a><\/h5><\/div><\/div><\/div><div class=\"bt_bb_post_slider_item\"  ><div class=\"bt_bb_post_slider_item_inner\"><div class=\"bt_bb_post_slider_item_image\"><a href=\"https:\/\/echame.fr\/en\/nouvelle-documentation-echame\/\" target=\"_self\"><img decoding=\"async\" src=\"https:\/\/echame.fr\/wp-content\/uploads\/2022\/07\/Documentation-320x320.jpg\" alt=\"New documentation ECHAME\" title=\"New documentation ECHAME\"><\/a><\/div><div class=\"bt_bb_post_slider_item_content\"><div class=\"bt_bb_post_slider_item_meta\"><span class=\"bt_bb_post_slider_item_date\">13 July 2022<\/span><\/div><h5 class=\"bt_bb_post_slider_item_title\"><a href=\"https:\/\/echame.fr\/en\/nouvelle-documentation-echame\/\" target=\"_self\">New documentation ECHAME<\/a><\/h5><\/div><\/div><\/div><div class=\"bt_bb_post_slider_item\"  ><div class=\"bt_bb_post_slider_item_inner\"><div class=\"bt_bb_post_slider_item_image\"><a href=\"https:\/\/echame.fr\/en\/2021-une-annee-exceptionnelle\/\" target=\"_self\"><img decoding=\"async\" src=\"https:\/\/echame.fr\/wp-content\/uploads\/2022\/05\/Actualites-Annee-exceptionnelle-320x320.jpg\" alt=\"2021, une ann\u00e9e exceptionnelle !\" title=\"2021, une ann\u00e9e exceptionnelle !\"><\/a><\/div><div class=\"bt_bb_post_slider_item_content\"><div class=\"bt_bb_post_slider_item_meta\"><span class=\"bt_bb_post_slider_item_date\">30 May 2022<\/span><\/div><h5 class=\"bt_bb_post_slider_item_title\"><a href=\"https:\/\/echame.fr\/en\/2021-une-annee-exceptionnelle\/\" target=\"_self\">2021, une ann\u00e9e exceptionnelle !<\/a><\/h5><\/div><\/div><\/div><div class=\"bt_bb_post_slider_item\"  ><div class=\"bt_bb_post_slider_item_inner\"><div class=\"bt_bb_post_slider_item_image\"><a href=\"https:\/\/echame.fr\/en\/nouvelle-cabine-peinture-pour-plus-de-qualite\/\" target=\"_self\"><img decoding=\"async\" src=\"https:\/\/echame.fr\/wp-content\/uploads\/2022\/05\/IMG_3035-320x320.jpg\" alt=\"Nouvelle cabine peinture pour plus de qualit\u00e9\" title=\"Nouvelle cabine peinture pour plus de qualit\u00e9\"><\/a><\/div><div class=\"bt_bb_post_slider_item_content\"><div class=\"bt_bb_post_slider_item_meta\"><span class=\"bt_bb_post_slider_item_date\">30 May 2022<\/span><\/div><h5 class=\"bt_bb_post_slider_item_title\"><a href=\"https:\/\/echame.fr\/en\/nouvelle-cabine-peinture-pour-plus-de-qualite\/\" target=\"_self\">Nouvelle cabine peinture pour plus de qualit\u00e9<\/a><\/h5><\/div><\/div><\/div><div class=\"bt_bb_post_slider_item\"  ><div class=\"bt_bb_post_slider_item_inner\"><div class=\"bt_bb_post_slider_item_image\"><a href=\"https:\/\/echame.fr\/en\/nous-recrutons\/\" target=\"_self\"><img decoding=\"async\" src=\"https:\/\/echame.fr\/wp-content\/uploads\/2022\/05\/two-confident-business-man-shaking-hands-during-meeting-in-the-office-success-dealing-greeting-and-partner-concept-320x320.jpg\" alt=\"Nous recrutons\" title=\"Nous recrutons\"><\/a><\/div><div class=\"bt_bb_post_slider_item_content\"><div class=\"bt_bb_post_slider_item_meta\"><span class=\"bt_bb_post_slider_item_date\">30 May 2022<\/span><\/div><h5 class=\"bt_bb_post_slider_item_title\"><a href=\"https:\/\/echame.fr\/en\/nous-recrutons\/\" target=\"_self\">Nous recrutons<\/a><\/h5><\/div><\/div><\/div><\/div><\/div><\/div><\/div><\/div><\/div><\/div><\/div><!-- cell_inner --><\/div><!-- cell --><\/div><!-- port --><\/section><\/p>\n","protected":false},"excerpt":{"rendered":"","protected":false},"author":1,"featured_media":0,"parent":6217,"menu_order":0,"comment_status":"closed","ping_status":"closed","template":"","meta":{"footnotes":""},"class_list":["post-6227","page","type-page","status-publish","hentry"],"yoast_head":"<!-- This site is optimized with the Yoast SEO plugin v23.8 - https:\/\/yoast.com\/wordpress\/plugins\/seo\/ -->\n<title>ECHAME, une entreprise qui bouge. Toutes nos actualit\u00e9s en ligne<\/title>\n<meta name=\"description\" content=\"Toutes nos actualit\u00e9s en ligne, ECHAME, une entreprise qui bouge et qui le fait savoir. Retrouvez nous r\u00e9guli\u00e8rement sur notre blog.\" \/>\n<meta name=\"robots\" content=\"index, follow, max-snippet:-1, max-image-preview:large, max-video-preview:-1\" \/>\n<link rel=\"canonical\" href=\"https:\/\/echame.fr\/en\/habillage-metallique\/nos-actualites\/\" \/>\n<meta property=\"og:locale\" content=\"en_US\" \/>\n<meta property=\"og:type\" content=\"article\" \/>\n<meta property=\"og:title\" content=\"ECHAME, une entreprise qui bouge. Toutes nos actualit\u00e9s en ligne\" \/>\n<meta property=\"og:description\" content=\"Toutes nos actualit\u00e9s en ligne, ECHAME, une entreprise qui bouge et qui le fait savoir. Retrouvez nous r\u00e9guli\u00e8rement sur notre blog.\" \/>\n<meta property=\"og:url\" content=\"https:\/\/echame.fr\/en\/habillage-metallique\/nos-actualites\/\" \/>\n<meta property=\"og:site_name\" content=\"www.echame.fr\" \/>\n<meta property=\"article:publisher\" content=\"https:\/\/www.facebook.com\/echame.linselles\/\" \/>\n<meta property=\"article:modified_time\" content=\"2023-10-05T13:41:52+00:00\" \/>\n<meta name=\"twitter:card\" content=\"summary_large_image\" \/>\n<meta name=\"twitter:label1\" content=\"Est. reading time\" \/>\n\t<meta name=\"twitter:data1\" content=\"2 minutes\" \/>\n<script type=\"application\/ld+json\" class=\"yoast-schema-graph\">{\"@context\":\"https:\/\/schema.org\",\"@graph\":[{\"@type\":\"WebPage\",\"@id\":\"https:\/\/echame.fr\/en\/habillage-metallique\/nos-actualites\/\",\"url\":\"https:\/\/echame.fr\/en\/habillage-metallique\/nos-actualites\/\",\"name\":\"ECHAME, une entreprise qui bouge. Toutes nos actualit\u00e9s en ligne\",\"isPartOf\":{\"@id\":\"https:\/\/echame.fr\/en\/#website\"},\"datePublished\":\"2022-11-15T14:09:12+00:00\",\"dateModified\":\"2023-10-05T13:41:52+00:00\",\"description\":\"Toutes nos actualit\u00e9s en ligne, ECHAME, une entreprise qui bouge et qui le fait savoir. Retrouvez nous r\u00e9guli\u00e8rement sur notre blog.\",\"breadcrumb\":{\"@id\":\"https:\/\/echame.fr\/en\/habillage-metallique\/nos-actualites\/#breadcrumb\"},\"inLanguage\":\"en-US\",\"potentialAction\":[{\"@type\":\"ReadAction\",\"target\":[\"https:\/\/echame.fr\/en\/habillage-metallique\/nos-actualites\/\"]}]},{\"@type\":\"BreadcrumbList\",\"@id\":\"https:\/\/echame.fr\/en\/habillage-metallique\/nos-actualites\/#breadcrumb\",\"itemListElement\":[{\"@type\":\"ListItem\",\"position\":1,\"name\":\"Plafonds, cloisons et habillages m\u00e9tallique\",\"item\":\"https:\/\/echame.fr\/en\/habillage-metallique\/\"},{\"@type\":\"ListItem\",\"position\":2,\"name\":\"metal cladding\",\"item\":\"https:\/\/echame.fr\/en\/habillage-metallique\/\"},{\"@type\":\"ListItem\",\"position\":3,\"name\":\"Actualit\u00e9s\"}]},{\"@type\":\"WebSite\",\"@id\":\"https:\/\/echame.fr\/en\/#website\",\"url\":\"https:\/\/echame.fr\/en\/\",\"name\":\"www.echame.fr\",\"description\":\"Metal for Buildings\",\"publisher\":{\"@id\":\"https:\/\/echame.fr\/en\/#organization\"},\"potentialAction\":[{\"@type\":\"SearchAction\",\"target\":{\"@type\":\"EntryPoint\",\"urlTemplate\":\"https:\/\/echame.fr\/en\/?s={search_term_string}\"},\"query-input\":{\"@type\":\"PropertyValueSpecification\",\"valueRequired\":true,\"valueName\":\"search_term_string\"}}],\"inLanguage\":\"en-US\"},{\"@type\":\"Organization\",\"@id\":\"https:\/\/echame.fr\/en\/#organization\",\"name\":\"Echame\",\"url\":\"https:\/\/echame.fr\/en\/\",\"logo\":{\"@type\":\"ImageObject\",\"inLanguage\":\"en-US\",\"@id\":\"https:\/\/echame.fr\/en\/#\/schema\/logo\/image\/\",\"url\":\"https:\/\/echame.fr\/wp-content\/uploads\/2022\/04\/logo-echame-v2.png\",\"contentUrl\":\"https:\/\/echame.fr\/wp-content\/uploads\/2022\/04\/logo-echame-v2.png\",\"width\":420,\"height\":546,\"caption\":\"Echame\"},\"image\":{\"@id\":\"https:\/\/echame.fr\/en\/#\/schema\/logo\/image\/\"},\"sameAs\":[\"https:\/\/www.facebook.com\/echame.linselles\/\",\"https:\/\/www.linkedin.com\/company\/echame\/\"]}]}<\/script>\n<!-- \/ Yoast SEO plugin. -->","yoast_head_json":{"title":"ECHAME, une entreprise qui bouge. Toutes nos actualit\u00e9s en ligne","description":"Toutes nos actualit\u00e9s en ligne, ECHAME, une entreprise qui bouge et qui le fait savoir. Retrouvez nous r\u00e9guli\u00e8rement sur notre blog.","robots":{"index":"index","follow":"follow","max-snippet":"max-snippet:-1","max-image-preview":"max-image-preview:large","max-video-preview":"max-video-preview:-1"},"canonical":"https:\/\/echame.fr\/en\/habillage-metallique\/nos-actualites\/","og_locale":"en_US","og_type":"article","og_title":"ECHAME, une entreprise qui bouge. Toutes nos actualit\u00e9s en ligne","og_description":"Toutes nos actualit\u00e9s en ligne, ECHAME, une entreprise qui bouge et qui le fait savoir. Retrouvez nous r\u00e9guli\u00e8rement sur notre blog.","og_url":"https:\/\/echame.fr\/en\/habillage-metallique\/nos-actualites\/","og_site_name":"www.echame.fr","article_publisher":"https:\/\/www.facebook.com\/echame.linselles\/","article_modified_time":"2023-10-05T13:41:52+00:00","twitter_card":"summary_large_image","twitter_misc":{"Est. reading time":"2 minutes"},"schema":{"@context":"https:\/\/schema.org","@graph":[{"@type":"WebPage","@id":"https:\/\/echame.fr\/en\/habillage-metallique\/nos-actualites\/","url":"https:\/\/echame.fr\/en\/habillage-metallique\/nos-actualites\/","name":"ECHAME, une entreprise qui bouge. Toutes nos actualit\u00e9s en ligne","isPartOf":{"@id":"https:\/\/echame.fr\/en\/#website"},"datePublished":"2022-11-15T14:09:12+00:00","dateModified":"2023-10-05T13:41:52+00:00","description":"Toutes nos actualit\u00e9s en ligne, ECHAME, une entreprise qui bouge et qui le fait savoir. Retrouvez nous r\u00e9guli\u00e8rement sur notre blog.","breadcrumb":{"@id":"https:\/\/echame.fr\/en\/habillage-metallique\/nos-actualites\/#breadcrumb"},"inLanguage":"en-US","potentialAction":[{"@type":"ReadAction","target":["https:\/\/echame.fr\/en\/habillage-metallique\/nos-actualites\/"]}]},{"@type":"BreadcrumbList","@id":"https:\/\/echame.fr\/en\/habillage-metallique\/nos-actualites\/#breadcrumb","itemListElement":[{"@type":"ListItem","position":1,"name":"Plafonds, cloisons et habillages m\u00e9tallique","item":"https:\/\/echame.fr\/en\/habillage-metallique\/"},{"@type":"ListItem","position":2,"name":"metal cladding","item":"https:\/\/echame.fr\/en\/habillage-metallique\/"},{"@type":"ListItem","position":3,"name":"Actualit\u00e9s"}]},{"@type":"WebSite","@id":"https:\/\/echame.fr\/en\/#website","url":"https:\/\/echame.fr\/en\/","name":"www.echame.fr","description":"Metal for Buildings","publisher":{"@id":"https:\/\/echame.fr\/en\/#organization"},"potentialAction":[{"@type":"SearchAction","target":{"@type":"EntryPoint","urlTemplate":"https:\/\/echame.fr\/en\/?s={search_term_string}"},"query-input":{"@type":"PropertyValueSpecification","valueRequired":true,"valueName":"search_term_string"}}],"inLanguage":"en-US"},{"@type":"Organization","@id":"https:\/\/echame.fr\/en\/#organization","name":"Echame","url":"https:\/\/echame.fr\/en\/","logo":{"@type":"ImageObject","inLanguage":"en-US","@id":"https:\/\/echame.fr\/en\/#\/schema\/logo\/image\/","url":"https:\/\/echame.fr\/wp-content\/uploads\/2022\/04\/logo-echame-v2.png","contentUrl":"https:\/\/echame.fr\/wp-content\/uploads\/2022\/04\/logo-echame-v2.png","width":420,"height":546,"caption":"Echame"},"image":{"@id":"https:\/\/echame.fr\/en\/#\/schema\/logo\/image\/"},"sameAs":["https:\/\/www.facebook.com\/echame.linselles\/","https:\/\/www.linkedin.com\/company\/echame\/"]}]}},"_links":{"self":[{"href":"https:\/\/echame.fr\/en\/wp-json\/wp\/v2\/pages\/6227","targetHints":{"allow":["GET"]}}],"collection":[{"href":"https:\/\/echame.fr\/en\/wp-json\/wp\/v2\/pages"}],"about":[{"href":"https:\/\/echame.fr\/en\/wp-json\/wp\/v2\/types\/page"}],"author":[{"embeddable":true,"href":"https:\/\/echame.fr\/en\/wp-json\/wp\/v2\/users\/1"}],"replies":[{"embeddable":true,"href":"https:\/\/echame.fr\/en\/wp-json\/wp\/v2\/comments?post=6227"}],"version-history":[{"count":0,"href":"https:\/\/echame.fr\/en\/wp-json\/wp\/v2\/pages\/6227\/revisions"}],"up":[{"embeddable":true,"href":"https:\/\/echame.fr\/en\/wp-json\/wp\/v2\/pages\/6217"}],"wp:attachment":[{"href":"https:\/\/echame.fr\/en\/wp-json\/wp\/v2\/media?parent=6227"}],"curies":[{"name":"wp","href":"https:\/\/api.w.org\/{rel}","templated":true}]}}